{"id":6183,"date":"2025-07-04T06:47:51","date_gmt":"2025-07-04T06:47:51","guid":{"rendered":"https:\/\/seize-machines.com\/?post_type=product&#038;p=6183"},"modified":"2025-07-04T06:47:55","modified_gmt":"2025-07-04T06:47:55","slug":"robot-tondeuse-stihl-imow-7-modele-2025-neuf","status":"publish","type":"product","link":"https:\/\/seize-machines.com\/en\/product\/robot-tondeuse-stihl-imow-7-modele-2025-neuf\/","title":{"rendered":"Robot tondeuse STIHL iMOW 7 &#8211; mod\u00e8le 2025-Neuf"},"content":{"rendered":"<p>Le robot tondeuse STIHL i MOW 7, mod\u00e8le 2025-Neuf, red\u00e9finit le soin de votre pelouse gr\u00e2ce \u00e0 son fonctionnement enti\u00e8rement automatis\u00e9. \u00c9quip\u00e9 d&#039;une batterie lithium-ion performante, il alimente trois lames oscillantes du syst\u00e8me Disc-Cut, garantissant une coupe nette et pr\u00e9cise \u00e0 grande vitesse. Cette autonomie \u00e9nerg\u00e9tique permet au robot de travailler sans interruption sur de larges surfaces.<br \/>\nCapable de couvrir jusqu&#039;\u00e0 5 000 m\u00b2, le STIHL i MOW 7 g\u00e8re efficacement les pentes allant jusqu&#039;\u00e0 40 %, assurant ainsi une tonte uniforme m\u00eame sur des terrains accident\u00e9s. Le robot broie l\u2019herbe tondue, la transformant en paillis nutritif pour votre gazon. Gr\u00e2ce \u00e0 ses capteurs \u00e0 ultrasons, il contourne en douceur les obstacles et adapte sa vitesse en fonction de la proximit\u00e9 et de la situation, modifiant sa trajectoire au contact pour \u00e9viter les collisions.<br \/>\nL&#039;interface utilisateur se distingue par sa simplicit\u00e9, avec un panneau de commande intuitif renforc\u00e9 par une sortie vocale et un affichage LED indiquant l&#039;\u00e9tat du robot. Trois modes lumineux LED sont disponibles pour une personnalisation visuelle. L&#039;application MY i MOW\u00ae, compatible avec Bluetooth\u00ae et Wi-Fi, offre un contr\u00f4le total \u00e0 distance, permettant de r\u00e9gler la hauteur de coupe et de planifier des s\u00e9ances de tonte selon vos pr\u00e9f\u00e9rences horaires. En cas de pluie, un capteur ajustable vous permet de d\u00e9cider si le robot doit poursuivre sa t\u00e2che ou faire une pause.<br \/>\nLa station d&#039;accueil sert non seulement de point de recharge, mais aussi de base de r\u00e9f\u00e9rence pour le robot. Pour l&#039;installation, un kit adapt\u00e9 \u00e0 la taille de votre jardin est requis. Le STIHL i MOW 7 r\u00e9pond \u00e0 toutes les normes de s\u00e9curit\u00e9 en vigueur, mais il est crucial de maintenir les enfants, les animaux et les spectateurs \u00e0 distance lors de son fonctionnement. Pour des instructions d\u00e9taill\u00e9es, veuillez consulter le manuel d&#039;utilisation.<\/p>","protected":false},"excerpt":{"rendered":"<p>Le robot tondeuse STIHL i MOW 7 &#8211; mod\u00e8le 2025 offre une solution de tonte innovante pour les grands jardins jusqu&#039;\u00e0 5 000 m\u00b2. Gr\u00e2ce \u00e0 sa capacit\u00e9 \u00e0 g\u00e9rer des pentes allant jusqu&#039;\u00e0 40 %, il garantit une coupe uniforme sur tous les terrains. Son r\u00e9glage \u00e9lectrique de la hauteur de coupe permet une personnalisation facile pour obtenir la pelouse parfaite. Contr\u00f4lez votre tondeuse \u00e0 distance avec l&#039;application intuitive et int\u00e9grez-la \u00e0 votre syst\u00e8me Smart Home pour une automatisation compl\u00e8te. Profitez d&#039;un jardin impeccable sans effort.<\/p>","protected":false},"featured_media":37658,"comment_status":"open","ping_status":"closed","template":"","meta":[],"product_brand":[],"product_cat":[74],"product_tag":[],"class_list":{"0":"post-6183","1":"product","2":"type-product","3":"status-publish","4":"has-post-thumbnail","6":"product_cat-robots-tondeuses","8":"first","9":"instock","10":"shipping-taxable","11":"purchasable","12":"product-type-simple"},"_links":{"self":[{"href":"https:\/\/seize-machines.com\/en\/wp-json\/wp\/v2\/product\/6183","targetHints":{"allow":["GET"]}}],"collection":[{"href":"https:\/\/seize-machines.com\/en\/wp-json\/wp\/v2\/product"}],"about":[{"href":"https:\/\/seize-machines.com\/en\/wp-json\/wp\/v2\/types\/product"}],"replies":[{"embeddable":true,"href":"https:\/\/seize-machines.com\/en\/wp-json\/wp\/v2\/comments?post=6183"}],"version-history":[{"count":1,"href":"https:\/\/seize-machines.com\/en\/wp-json\/wp\/v2\/product\/6183\/revisions"}],"predecessor-version":[{"id":37661,"href":"https:\/\/seize-machines.com\/en\/wp-json\/wp\/v2\/product\/6183\/revisions\/37661"}],"wp:featuredmedia":[{"embeddable":true,"href":"https:\/\/seize-machines.com\/en\/wp-json\/wp\/v2\/media\/37658"}],"wp:attachment":[{"href":"https:\/\/seize-machines.com\/en\/wp-json\/wp\/v2\/media?parent=6183"}],"wp:term":[{"taxonomy":"product_brand","embeddable":true,"href":"https:\/\/seize-machines.com\/en\/wp-json\/wp\/v2\/product_brand?post=6183"},{"taxonomy":"product_cat","embeddable":true,"href":"https:\/\/seize-machines.com\/en\/wp-json\/wp\/v2\/product_cat?post=6183"},{"taxonomy":"product_tag","embeddable":true,"href":"https:\/\/seize-machines.com\/en\/wp-json\/wp\/v2\/product_tag?post=6183"}],"curies":[{"name":"wp","href":"https:\/\/api.w.org\/{rel}","templated":true}]}}