{"id":6160,"date":"2025-07-04T06:47:26","date_gmt":"2025-07-04T06:47:26","guid":{"rendered":"https:\/\/seize-machines.com\/?post_type=product&#038;p=6160"},"modified":"2025-07-04T06:47:28","modified_gmt":"2025-07-04T06:47:28","slug":"robot-tondeuse-stihl-imow-5-modele-2025-neuf","status":"publish","type":"product","link":"https:\/\/seize-machines.com\/en\/product\/robot-tondeuse-stihl-imow-5-modele-2025-neuf\/","title":{"rendered":"Robot tondeuse STIHL iMOW 5 &#8211; mod\u00e8le 2025-Neuf"},"content":{"rendered":"<p>Le robot tondeuse STIHL i MOW 5, mod\u00e8le 2025-Neuf, incarne l&#039;innovation dans l&#039;entretien automatis\u00e9 des pelouses de taille moyenne, sp\u00e9cialement con\u00e7u pour les espaces priv\u00e9s. \u00c9quip\u00e9 d&#039;une batterie lithium-ion performante, ce robot garantit une autonomie prolong\u00e9e, permettant une tonte continue sans interruption.<br \/>\nLe syst\u00e8me Disc-Cut, avec ses trois lames \u00e0 rotation libre, assure une coupe nette et pr\u00e9cise gr\u00e2ce \u00e0 une vitesse de rotation \u00e9lev\u00e9e. Le comportement de conduite fiable de ce robot permet une tonte efficace sur des pentes pouvant atteindre 40 %, garantissant des performances optimales m\u00eame sur des terrains inclin\u00e9s. Capable de couvrir jusqu&#039;\u00e0 1 500 m\u00b2, le STIHL i MOW 5 non seulement tond, mais aussi mulche l&#039;herbe, fournissant ainsi un engrais naturel \u00e0 votre pelouse.<br \/>\nLes capteurs \u00e0 ultrasons int\u00e9gr\u00e9s et l&#039;adaptation automatique de la vitesse permettent au robot de naviguer habilement autour des obstacles, assurant une tonte minutieuse jusqu&#039;aux objets environnants. En cas de contact avec un obstacle, le robot change automatiquement de direction. Dans les zones \u00e9troites, des man\u0153uvres de virage intelligentes optimisent l&#039;efficacit\u00e9 de la tonte. Sur les terrains accident\u00e9s, les capteurs d&#039;inclinaison ajustent la vitesse pour maintenir une coupe uniforme.<br \/>\nL&#039;interface utilisateur simplifi\u00e9e, accessible via un panneau de commande avec quelques boutons-poussoirs, est compl\u00e9t\u00e9e par une assistance vocale pour une manipulation intuitive. Un bandeau LED arri\u00e8re affiche l&#039;\u00e9tat du robot, tandis qu&#039;un bandeau LED avant propose trois modes de feux de jour.<br \/>\nGr\u00e2ce \u00e0 l&#039;application MY i MOW\u00ae, vous pouvez contr\u00f4ler le robot \u00e0 distance via Bluetooth\u00ae ou Wi-Fi, ajuster la hauteur de coupe et d\u00e9finir des plages horaires pour des plans de tonte hebdomadaires. Il est \u00e9galement possible de d\u00e9marrer le robot manuellement si n\u00e9cessaire. Un capteur de pluie r\u00e9glable vous offre la flexibilit\u00e9 de tondre par temps humide ou de mettre en pause les op\u00e9rations.<br \/>\nLa station d&#039;accueil sert de point de recharge et de base pour le robot. Pour une installation optimale, un kit d&#039;installation adapt\u00e9 \u00e0 la taille de votre jardin est requis. Conform\u00e9ment aux normes de s\u00e9curit\u00e9 en vigueur, le STIHL i MOW 5 n&#039;est pas un jouet : il est imp\u00e9ratif de tenir les enfants, animaux et spectateurs \u00e0 l&#039;\u00e9cart de la zone de travail lors de son fonctionnement. Pour des instructions d\u00e9taill\u00e9es, veuillez consulter le manuel d&#039;utilisation.<\/p>","protected":false},"excerpt":{"rendered":"<p>Optimisez l&#039;entretien de votre pelouse avec le robot tondeuse STIHL i MOW 5 &#8211; mod\u00e8le 2025-Neuf. Taillez jusqu&#039;\u00e0 1 500 m\u00b2 de terrain, m\u00eame avec une inclinaison maximale de 40 %, gr\u00e2ce \u00e0 sa performance robuste. Profitez de 65 minutes d&#039;autonomie par charge de batterie pour une tonte efficace. Int\u00e9gration Bluetooth et WLAN pour un contr\u00f4le simplifi\u00e9 \u00e0 distance, garantissant une exp\u00e9rience utilisateur moderne et sans effort.<\/p>","protected":false},"featured_media":37635,"comment_status":"open","ping_status":"closed","template":"","meta":[],"product_brand":[],"product_cat":[74],"product_tag":[],"class_list":{"0":"post-6160","1":"product","2":"type-product","3":"status-publish","4":"has-post-thumbnail","6":"product_cat-robots-tondeuses","8":"first","9":"instock","10":"shipping-taxable","11":"purchasable","12":"product-type-simple"},"_links":{"self":[{"href":"https:\/\/seize-machines.com\/en\/wp-json\/wp\/v2\/product\/6160","targetHints":{"allow":["GET"]}}],"collection":[{"href":"https:\/\/seize-machines.com\/en\/wp-json\/wp\/v2\/product"}],"about":[{"href":"https:\/\/seize-machines.com\/en\/wp-json\/wp\/v2\/types\/product"}],"replies":[{"embeddable":true,"href":"https:\/\/seize-machines.com\/en\/wp-json\/wp\/v2\/comments?post=6160"}],"version-history":[{"count":1,"href":"https:\/\/seize-machines.com\/en\/wp-json\/wp\/v2\/product\/6160\/revisions"}],"predecessor-version":[{"id":37637,"href":"https:\/\/seize-machines.com\/en\/wp-json\/wp\/v2\/product\/6160\/revisions\/37637"}],"wp:featuredmedia":[{"embeddable":true,"href":"https:\/\/seize-machines.com\/en\/wp-json\/wp\/v2\/media\/37635"}],"wp:attachment":[{"href":"https:\/\/seize-machines.com\/en\/wp-json\/wp\/v2\/media?parent=6160"}],"wp:term":[{"taxonomy":"product_brand","embeddable":true,"href":"https:\/\/seize-machines.com\/en\/wp-json\/wp\/v2\/product_brand?post=6160"},{"taxonomy":"product_cat","embeddable":true,"href":"https:\/\/seize-machines.com\/en\/wp-json\/wp\/v2\/product_cat?post=6160"},{"taxonomy":"product_tag","embeddable":true,"href":"https:\/\/seize-machines.com\/en\/wp-json\/wp\/v2\/product_tag?post=6160"}],"curies":[{"name":"wp","href":"https:\/\/api.w.org\/{rel}","templated":true}]}}