{"id":6152,"date":"2025-07-04T06:47:14","date_gmt":"2025-07-04T06:47:14","guid":{"rendered":"https:\/\/seize-machines.com\/?post_type=product&#038;p=6152"},"modified":"2025-07-04T06:47:25","modified_gmt":"2025-07-04T06:47:25","slug":"robot-tondeuse-stiga-g-3600-modele-2025-neuf","status":"publish","type":"product","link":"https:\/\/seize-machines.com\/en\/product\/robot-tondeuse-stiga-g-3600-modele-2025-neuf\/","title":{"rendered":"Robot tondeuse Stiga G 3600 &#8211; mod\u00e8le 2025-Neuf"},"content":{"rendered":"<p>Le &quot;Robot tondeuse Stiga G 3600 &#8211; mod\u00e8le 2025-Neuf&quot; est un appareil de tonte innovant con\u00e7u pour offrir une pelouse parfaitement entretenue. En exploitant sa libert\u00e9 de mouvement, il garantit une coupe uniforme, apportant \u00e0 votre gazon une structure \u00e9l\u00e9gante comparable \u00e0 celle d&#039;un tapis.<br \/>\nLes utilisateurs peuvent facilement personnaliser le fonctionnement du robot gr\u00e2ce \u00e0 son \u00e9cran de commande intuitif, permettant d&#039;adapter pr\u00e9cis\u00e9ment ses r\u00e9glages aux caract\u00e9ristiques sp\u00e9cifiques de votre jardin. En cas de batterie faible, le robot retourne automatiquement \u00e0 sa station de charge, assurant ainsi une autonomie optimale.<br \/>\nDot\u00e9 d&#039;une technologie avanc\u00e9e, ce mod\u00e8le se montre particuli\u00e8rement respectueux de votre pelouse. En pr\u00e9sence de pluie, il interrompt son activit\u00e9 et retourne \u00e0 sa base, reprenant son travail uniquement lorsque les conditions m\u00e9t\u00e9orologiques sont favorables.<br \/>\nLe mode Eco du Stiga G 3600 permet de r\u00e9duire sa consommation \u00e9nerg\u00e9tique en ajustant intelligemment l&#039;alimentation du c\u00e2ble p\u00e9riph\u00e9rique pendant le cycle de charge. De plus, la s\u00e9curit\u00e9 est renforc\u00e9e gr\u00e2ce \u00e0 un capteur de levage qui stoppe imm\u00e9diatement la lame de tonte si le robot est soulev\u00e9, pr\u00e9venant ainsi tout risque d&#039;accident.<br \/>\nCe robot tondeuse incarne une solution efficace et s\u00e9curis\u00e9e pour l&#039;entretien de votre pelouse, alliant technologie et respect de l&#039;environnement.<\/p>","protected":false},"excerpt":{"rendered":"<p>D\u00e9couvrez le robot tondeuse Stiga G 3600 &#8211; mod\u00e8le 2025. Id\u00e9al pour les jardins jusqu&#039;\u00e0 3 600 m\u00b2, il fonctionne avec une batterie e Power Ion lithium de 25,2 V et offre une autonomie performante gr\u00e2ce \u00e0 sa capacit\u00e9 de 5 Ah. Son moteur sans balais assure une tonte silencieuse \u00e0 57 dB (a) et efficace \u00e0 22 m\/min. Avec une largeur de coupe de 18 cm et un r\u00e9glage manuel de la hauteur de coupe de 20 \u00e0 60 mm, il s&#039;adapte \u00e0 vos besoins. \u00c9quip\u00e9 de capteurs intelligents (pluie, obstacles, levage) et d&#039;un mode Eco, ce mod\u00e8le garantit s\u00e9curit\u00e9 et respect de l&#039;environnement. Profitez d&#039;une tonte optimale avec 4 couteaux rotatifs robustes et un syst\u00e8me de navigation al\u00e9atoire. Garantie 2 ans pour une tranquillit\u00e9 d&#039;esprit.<\/p>","protected":false},"featured_media":37627,"comment_status":"open","ping_status":"closed","template":"","meta":[],"product_brand":[],"product_cat":[74],"product_tag":[],"class_list":{"0":"post-6152","1":"product","2":"type-product","3":"status-publish","4":"has-post-thumbnail","6":"product_cat-robots-tondeuses","8":"first","9":"instock","10":"shipping-taxable","11":"purchasable","12":"product-type-simple"},"_links":{"self":[{"href":"https:\/\/seize-machines.com\/en\/wp-json\/wp\/v2\/product\/6152","targetHints":{"allow":["GET"]}}],"collection":[{"href":"https:\/\/seize-machines.com\/en\/wp-json\/wp\/v2\/product"}],"about":[{"href":"https:\/\/seize-machines.com\/en\/wp-json\/wp\/v2\/types\/product"}],"replies":[{"embeddable":true,"href":"https:\/\/seize-machines.com\/en\/wp-json\/wp\/v2\/comments?post=6152"}],"version-history":[{"count":1,"href":"https:\/\/seize-machines.com\/en\/wp-json\/wp\/v2\/product\/6152\/revisions"}],"predecessor-version":[{"id":37634,"href":"https:\/\/seize-machines.com\/en\/wp-json\/wp\/v2\/product\/6152\/revisions\/37634"}],"wp:featuredmedia":[{"embeddable":true,"href":"https:\/\/seize-machines.com\/en\/wp-json\/wp\/v2\/media\/37627"}],"wp:attachment":[{"href":"https:\/\/seize-machines.com\/en\/wp-json\/wp\/v2\/media?parent=6152"}],"wp:term":[{"taxonomy":"product_brand","embeddable":true,"href":"https:\/\/seize-machines.com\/en\/wp-json\/wp\/v2\/product_brand?post=6152"},{"taxonomy":"product_cat","embeddable":true,"href":"https:\/\/seize-machines.com\/en\/wp-json\/wp\/v2\/product_cat?post=6152"},{"taxonomy":"product_tag","embeddable":true,"href":"https:\/\/seize-machines.com\/en\/wp-json\/wp\/v2\/product_tag?post=6152"}],"curies":[{"name":"wp","href":"https:\/\/api.w.org\/{rel}","templated":true}]}}