{"id":6129,"date":"2025-07-04T06:46:56","date_gmt":"2025-07-04T06:46:56","guid":{"rendered":"https:\/\/seize-machines.com\/?post_type=product&#038;p=6129"},"modified":"2025-07-04T06:46:59","modified_gmt":"2025-07-04T06:46:59","slug":"tondeuse-a-gazon-autonome-stiga-a-1000-modele-2025-neuf","status":"publish","type":"product","link":"https:\/\/seize-machines.com\/en\/product\/tondeuse-a-gazon-autonome-stiga-a-1000-modele-2025-neuf\/","title":{"rendered":"Tondeuse \u00e0 gazon autonome Stiga A 1000 &#8211; mod\u00e8le 2025-Neuf"},"content":{"rendered":"<p>La tondeuse \u00e0 gazon autonome Stiga A 1000, mod\u00e8le 2025, allie technologie avanc\u00e9e et efficacit\u00e9 pour offrir une solution de tonte optimis\u00e9e. Adapt\u00e9e \u00e0 divers types de jardins, elle permet des r\u00e9glages personnalis\u00e9s via sa commande d&#039;affichage, garantissant ainsi une coupe sur mesure selon les besoins sp\u00e9cifiques de votre espace ext\u00e9rieur.<br \/>\nLorsqu&#039;elle d\u00e9tecte que sa batterie est faible, cette tondeuse robotique retourne automatiquement \u00e0 sa station de charge, assurant une autonomie sans interruption. \u00c9quip\u00e9e d&#039;un module GPS int\u00e9gr\u00e9, la Stiga A 1000 cartographie les zones d\u00e9j\u00e0 tondues et se concentre ensuite sur celles qui n\u00e9cessitent encore une intervention, optimisant ainsi chaque session de tonte.<br \/>\nLe mode Eco de l&#039;appareil est con\u00e7u pour minimiser la consommation d&#039;\u00e9nergie, ajustant intelligemment l&#039;alimentation du c\u00e2ble p\u00e9riph\u00e9rique pendant le chargement. Ce mode de fonctionnement \u00e9conome en \u00e9nergie contribue \u00e0 une gestion durable de votre jardin.<br \/>\nEn mati\u00e8re de s\u00e9curit\u00e9, la Stiga A 1000 est dot\u00e9e d&#039;un capteur de levage qui stoppe imm\u00e9diatement la lame de tonte si le robot est soulev\u00e9. De plus, un capteur d&#039;inclinaison int\u00e9gr\u00e9 ajuste le trajet de la tondeuse lorsque l&#039;inclinaison maximale de la pente est d\u00e9pass\u00e9e, et en cas de retournement, l&#039;entra\u00eenement et le moteur de tonte s&#039;arr\u00eatent instantan\u00e9ment.<br \/>\nCette tondeuse autonome est donc con\u00e7ue pour offrir un entretien de pelouse fiable et s\u00e9curis\u00e9, tout en s&#039;adaptant aux particularit\u00e9s de votre jardin gr\u00e2ce \u00e0 ses fonctionnalit\u00e9s avanc\u00e9es.<\/p>","protected":false},"excerpt":{"rendered":"<p>D\u00e9couvrez la tondeuse \u00e0 gazon autonome Stiga A 1000 &#8211; mod\u00e8le 2025, id\u00e9ale pour entretenir jusqu&#039;\u00e0 1 000 m\u00b2 de pelouse sans effort. Avec sa batterie lithium-ion de 25,2 V et son moteur sans balais, elle offre une vitesse de tonte de 22 m\/min pour un r\u00e9sultat impeccable. Profitez d&#039;une largeur de coupe de 18 cm et d&#039;un r\u00e9glage \u00e9lectronique de la hauteur entre 20 et 60 mm. Son syst\u00e8me de navigation GPS intelligent assure une couverture optimale du terrain, m\u00eame sur des surfaces vari\u00e9es. Dot\u00e9e de capteurs d&#039;inclinaison, d&#039;obstacles et de levage, elle garantit une tonte s\u00e9curis\u00e9e. Installez-la facilement via l&#039;application STIGA.GO et b\u00e9n\u00e9ficiez d&#039;une garantie de 2 ans pour une tranquillit\u00e9 d&#039;esprit totale.<\/p>","protected":false},"featured_media":37465,"comment_status":"open","ping_status":"closed","template":"","meta":[],"product_brand":[],"product_cat":[74],"product_tag":[],"class_list":{"0":"post-6129","1":"product","2":"type-product","3":"status-publish","4":"has-post-thumbnail","6":"product_cat-robots-tondeuses","8":"first","9":"instock","10":"shipping-taxable","11":"purchasable","12":"product-type-simple"},"_links":{"self":[{"href":"https:\/\/seize-machines.com\/en\/wp-json\/wp\/v2\/product\/6129","targetHints":{"allow":["GET"]}}],"collection":[{"href":"https:\/\/seize-machines.com\/en\/wp-json\/wp\/v2\/product"}],"about":[{"href":"https:\/\/seize-machines.com\/en\/wp-json\/wp\/v2\/types\/product"}],"replies":[{"embeddable":true,"href":"https:\/\/seize-machines.com\/en\/wp-json\/wp\/v2\/comments?post=6129"}],"version-history":[{"count":1,"href":"https:\/\/seize-machines.com\/en\/wp-json\/wp\/v2\/product\/6129\/revisions"}],"predecessor-version":[{"id":37615,"href":"https:\/\/seize-machines.com\/en\/wp-json\/wp\/v2\/product\/6129\/revisions\/37615"}],"wp:featuredmedia":[{"embeddable":true,"href":"https:\/\/seize-machines.com\/en\/wp-json\/wp\/v2\/media\/37465"}],"wp:attachment":[{"href":"https:\/\/seize-machines.com\/en\/wp-json\/wp\/v2\/media?parent=6129"}],"wp:term":[{"taxonomy":"product_brand","embeddable":true,"href":"https:\/\/seize-machines.com\/en\/wp-json\/wp\/v2\/product_brand?post=6129"},{"taxonomy":"product_cat","embeddable":true,"href":"https:\/\/seize-machines.com\/en\/wp-json\/wp\/v2\/product_cat?post=6129"},{"taxonomy":"product_tag","embeddable":true,"href":"https:\/\/seize-machines.com\/en\/wp-json\/wp\/v2\/product_tag?post=6129"}],"curies":[{"name":"wp","href":"https:\/\/api.w.org\/{rel}","templated":true}]}}