{"id":5230,"date":"2025-07-04T06:27:58","date_gmt":"2025-07-04T06:27:58","guid":{"rendered":"https:\/\/seize-machines.com\/?post_type=product&#038;p=5230"},"modified":"2025-07-04T06:28:04","modified_gmt":"2025-07-04T06:28:04","slug":"fendeuse-a-buches-lumag-gamult-9400-neuf","status":"publish","type":"product","link":"https:\/\/seize-machines.com\/en\/product\/fendeuse-a-buches-lumag-gamult-9400-neuf\/","title":{"rendered":"Fendeuse \u00e0 b\u00fbches Lumag GAMULT 9400-Neuf"},"content":{"rendered":"<p>La fendeuse de b\u00fbches Lumag GAMUL-T9-400, dernier mod\u00e8le de la s\u00e9rie GAMUL, se distingue par son design vertical hydraulique compact, id\u00e9al pour le fendage du bois dur et tendre jusqu&#039;\u00e0 une longueur maximale de 1040 mm. Dot\u00e9e d&#039;une cale de fendage robuste, elle assure une efficacit\u00e9 optimale avec ses deux vitesses de fendage et un retour rapide, permettant d&#039;adapter la vitesse selon le type de bois.<br \/>\nCon\u00e7ue avec une pompe hydraulique de haute qualit\u00e9 et un moteur puissant de 400 V, cette fendeuse garantit une performance fiable et constante. Son ing\u00e9nieuse plaque de base basse, accompagn\u00e9e d&#039;un porte-b\u00fbches m\u00e9canique, minimise la fatigue de l&#039;utilisateur lors des op\u00e9rations prolong\u00e9es. De plus, la griffe de fixation et le support de mat\u00e9riau de fendage int\u00e9gr\u00e9s offrent une s\u00e9curit\u00e9 accrue, r\u00e9pondant ainsi aux normes europ\u00e9ennes de s\u00e9curit\u00e9 les plus r\u00e9centes.<br \/>\nLa manipulation de la fendeuse GAMUL-T9-400 est facilit\u00e9e gr\u00e2ce \u00e0 ses roulettes robustes et sa poign\u00e9e de transport ergonomique, permettant un d\u00e9placement ais\u00e9 sur diff\u00e9rents terrains. Cette combinaison d&#039;\u00e9l\u00e9ments rend cet outil non seulement performant mais aussi pratique et s\u00e9curis\u00e9, r\u00e9pondant aux besoins des professionnels du bois.<\/p>","protected":false},"excerpt":{"rendered":"<p>D\u00e9couvrez la puissance de la fendeuse \u00e0 b\u00fbches Lumag GAMULT 9400-Neuf, con\u00e7ue pour les travaux exigeants avec une pression de service de 9 tonnes. Son moteur performant de 3 500 watts fonctionne \u00e0 400 volts, garantissant une efficacit\u00e9 in\u00e9gal\u00e9e. Profitez de la conception hydraulique verticale, permettant de fendre des b\u00fbches d&#039;une longueur impressionnante de 560 \u00e0 1 040 mm. Robuste et fiable, cet outil est id\u00e9al pour ceux qui recherchent performance et durabilit\u00e9.<\/p>","protected":false},"featured_media":36448,"comment_status":"open","ping_status":"closed","template":"","meta":[],"product_brand":[],"product_cat":[71],"product_tag":[],"class_list":{"0":"post-5230","1":"product","2":"type-product","3":"status-publish","4":"has-post-thumbnail","6":"product_cat-fendeuse-de-bois","8":"first","9":"instock","10":"shipping-taxable","11":"purchasable","12":"product-type-simple"},"_links":{"self":[{"href":"https:\/\/seize-machines.com\/en\/wp-json\/wp\/v2\/product\/5230","targetHints":{"allow":["GET"]}}],"collection":[{"href":"https:\/\/seize-machines.com\/en\/wp-json\/wp\/v2\/product"}],"about":[{"href":"https:\/\/seize-machines.com\/en\/wp-json\/wp\/v2\/types\/product"}],"replies":[{"embeddable":true,"href":"https:\/\/seize-machines.com\/en\/wp-json\/wp\/v2\/comments?post=5230"}],"version-history":[{"count":1,"href":"https:\/\/seize-machines.com\/en\/wp-json\/wp\/v2\/product\/5230\/revisions"}],"predecessor-version":[{"id":36452,"href":"https:\/\/seize-machines.com\/en\/wp-json\/wp\/v2\/product\/5230\/revisions\/36452"}],"wp:featuredmedia":[{"embeddable":true,"href":"https:\/\/seize-machines.com\/en\/wp-json\/wp\/v2\/media\/36448"}],"wp:attachment":[{"href":"https:\/\/seize-machines.com\/en\/wp-json\/wp\/v2\/media?parent=5230"}],"wp:term":[{"taxonomy":"product_brand","embeddable":true,"href":"https:\/\/seize-machines.com\/en\/wp-json\/wp\/v2\/product_brand?post=5230"},{"taxonomy":"product_cat","embeddable":true,"href":"https:\/\/seize-machines.com\/en\/wp-json\/wp\/v2\/product_cat?post=5230"},{"taxonomy":"product_tag","embeddable":true,"href":"https:\/\/seize-machines.com\/en\/wp-json\/wp\/v2\/product_tag?post=5230"}],"curies":[{"name":"wp","href":"https:\/\/api.w.org\/{rel}","templated":true}]}}