{"id":37289,"date":"2025-07-04T06:40:27","date_gmt":"2025-07-04T06:40:27","guid":{"rendered":"https:\/\/seize-machines.com\/?post_type=product&#038;p=37289"},"modified":"2025-07-04T06:40:28","modified_gmt":"2025-07-04T06:40:28","slug":"robot-tondeuse-honda-miimo-hrm-40-live-avec-kit-dinstallation-neuf","status":"publish","type":"product","link":"https:\/\/seize-machines.com\/en\/product\/robot-tondeuse-honda-miimo-hrm-40-live-avec-kit-dinstallation-neuf\/","title":{"rendered":"Robot tondeuse Honda Miimo HRM 40 Live avec kit d&rsquo;installation-Neuf"},"content":{"rendered":"<p>D\u00e9couvrez le robot tondeuse Honda Miimo HRM 40 Live, un mod\u00e8le neuf livr\u00e9 avec son kit d&#039;installation. Dot\u00e9 d&#039;une technologie avanc\u00e9e, ce robot offre une gestion simplifi\u00e9e gr\u00e2ce \u00e0 une application intuitive disponible sur smartphone ou tablette. Cette fonctionnalit\u00e9 permet d&#039;ajuster facilement les param\u00e8tres de tonte selon vos besoins sp\u00e9cifiques.<br \/>\nLa s\u00e9curit\u00e9 est une priorit\u00e9 avec le Honda Miimo HRM 40 Live. En effet, il est \u00e9quip\u00e9 d&#039;un capteur de levage qui arr\u00eate instantan\u00e9ment la lame d\u00e8s que le robot est soulev\u00e9, garantissant ainsi une utilisation sans risque. De plus, il est prot\u00e9g\u00e9 contre le vol par un code PIN individuel, rendant son utilisation exclusive \u00e0 son propri\u00e9taire.<br \/>\nFonctionnant sur batterie, ce robot tondeuse n\u00e9cessite peu d&#039;entretien. Cela se traduit par une r\u00e9duction significative des co\u00fbts de maintenance et des temps d&#039;arr\u00eat, offrant une solution efficace et \u00e9conomique pour l&#039;entretien de votre jardin.<br \/>\nLe Honda Miimo HRM 40 Live allie ainsi technologie, s\u00e9curit\u00e9 et praticit\u00e9 pour r\u00e9pondre aux besoins des utilisateurs modernes souhaitant un entretien de pelouse sans tracas.<\/p>","protected":false},"excerpt":{"rendered":"<p>Transformez votre pelouse avec le robot tondeuse Honda Miimo HRM 40 Live. Id\u00e9al pour des surfaces jusqu&#039;\u00e0 400 m\u00b2, ce robot est \u00e9quip\u00e9 d&#039;une batterie Li-ion de 18 V pour une autonomie optimale. Profitez d&#039;une coupe pr\u00e9cise avec une largeur de 19 cm et un ajustement de hauteur manuel entre 30 et 50 mm. Connectez-le facilement via une application smartphone, Amazon Alexa, ou utilisez le Smart Timer pour une gestion simplifi\u00e9e. Les technologies Map &amp; Mow et Place &amp; Mow garantissent une navigation efficace. S\u00e9curis\u00e9 avec un verrouillage par code PIN, il int\u00e8gre des capteurs de levage et de choc pour plus de s\u00e9curit\u00e9. Le tout avec un niveau sonore mesur\u00e9 de seulement 63 dB(A), pour un entretien discret de votre jardin.<\/p>","protected":false},"featured_media":37290,"comment_status":"open","ping_status":"closed","template":"","meta":[],"product_brand":[],"product_cat":[74],"product_tag":[],"class_list":{"0":"post-37289","1":"product","2":"type-product","3":"status-publish","4":"has-post-thumbnail","6":"product_cat-robots-tondeuses","8":"first","9":"instock","10":"shipping-taxable","11":"purchasable","12":"product-type-simple"},"_links":{"self":[{"href":"https:\/\/seize-machines.com\/en\/wp-json\/wp\/v2\/product\/37289","targetHints":{"allow":["GET"]}}],"collection":[{"href":"https:\/\/seize-machines.com\/en\/wp-json\/wp\/v2\/product"}],"about":[{"href":"https:\/\/seize-machines.com\/en\/wp-json\/wp\/v2\/types\/product"}],"replies":[{"embeddable":true,"href":"https:\/\/seize-machines.com\/en\/wp-json\/wp\/v2\/comments?post=37289"}],"version-history":[{"count":1,"href":"https:\/\/seize-machines.com\/en\/wp-json\/wp\/v2\/product\/37289\/revisions"}],"predecessor-version":[{"id":37291,"href":"https:\/\/seize-machines.com\/en\/wp-json\/wp\/v2\/product\/37289\/revisions\/37291"}],"wp:featuredmedia":[{"embeddable":true,"href":"https:\/\/seize-machines.com\/en\/wp-json\/wp\/v2\/media\/37290"}],"wp:attachment":[{"href":"https:\/\/seize-machines.com\/en\/wp-json\/wp\/v2\/media?parent=37289"}],"wp:term":[{"taxonomy":"product_brand","embeddable":true,"href":"https:\/\/seize-machines.com\/en\/wp-json\/wp\/v2\/product_brand?post=37289"},{"taxonomy":"product_cat","embeddable":true,"href":"https:\/\/seize-machines.com\/en\/wp-json\/wp\/v2\/product_cat?post=37289"},{"taxonomy":"product_tag","embeddable":true,"href":"https:\/\/seize-machines.com\/en\/wp-json\/wp\/v2\/product_tag?post=37289"}],"curies":[{"name":"wp","href":"https:\/\/api.w.org\/{rel}","templated":true}]}}