{"id":37283,"date":"2025-07-04T06:40:24","date_gmt":"2025-07-04T06:40:24","guid":{"rendered":"https:\/\/seize-machines.com\/?post_type=product&#038;p=37283"},"modified":"2025-07-04T06:40:25","modified_gmt":"2025-07-04T06:40:25","slug":"robot-tondeuse-gude-grr-180-1-modele-2025-neuf","status":"publish","type":"product","link":"https:\/\/seize-machines.com\/en\/product\/robot-tondeuse-gude-grr-180-1-modele-2025-neuf\/","title":{"rendered":"Robot tondeuse G\u00fcde GRR 180.1 &#8211; mod\u00e8le 2025-Neuf"},"content":{"rendered":"<p>Le robot tondeuse G\u00fcde GRR 180.1, mod\u00e8le 2025-Neuf, incarne l&#039;innovation en mati\u00e8re d&#039;entretien de pelouse. Avec une capacit\u00e9 \u00e0 se d\u00e9placer librement, il garantit une tonte homog\u00e8ne et impeccable, conf\u00e9rant \u00e0 votre gazon l&#039;apparence soign\u00e9e d&#039;un tapis. Ses lames aiguis\u00e9es comme des rasoirs permettent une coupe multidirectionnelle, laissant les r\u00e9sidus d&#039;herbe sur place pour agir comme un engrais naturel, favorisant ainsi une croissance saine.<br \/>\nSon interface de commande intuitive vous permet de personnaliser les r\u00e9glages pour r\u00e9pondre aux besoins sp\u00e9cifiques de votre jardin. En cas de batterie faible, le robot retourne de mani\u00e8re autonome \u00e0 sa station de charge, assurant une continuit\u00e9 de service sans interruption. Gr\u00e2ce \u00e0 sa conception ing\u00e9nieuse, il navigue ais\u00e9ment dans des passages \u00e9troits d&#039;au moins 60 cm de largeur.<br \/>\nCe mod\u00e8le est \u00e9galement dot\u00e9 d&#039;une protection anti-vol renforc\u00e9e gr\u00e2ce \u00e0 un code PIN unique, dissuadant ainsi toute tentative de vol. Fonctionnant sur batterie, le robot tondeuse requiert un entretien minimal, ce qui se traduit par une r\u00e9duction significative des co\u00fbts de maintenance et des temps d&#039;arr\u00eat.<br \/>\nLa fonction de tonte de passage syst\u00e9matique optimise le temps de travail tout en assurant des r\u00e9sultats de coupe exceptionnels. L&#039;Automower\u00ae est con\u00e7u pour fonctionner en ext\u00e9rieur, quelles que soient les conditions climatiques, vous assurant ainsi une pelouse soign\u00e9e en toute saison.<br \/>\nLa s\u00e9curit\u00e9 est une priorit\u00e9 avec ce mod\u00e8le, qui est \u00e9quip\u00e9 de capteurs intelligents. Un capteur de levage arr\u00eate instantan\u00e9ment la lame de tonte si le robot est soulev\u00e9, tandis qu&#039;un capteur d&#039;inclinaison ajuste la trajectoire si la pente maximale est d\u00e9pass\u00e9e, stoppant le moteur en cas de retournement. Ces caract\u00e9ristiques assurent non seulement une performance optimale, mais aussi une utilisation s\u00e9curis\u00e9e au quotidien.<\/p>","protected":false},"excerpt":{"rendered":"<p>D\u00e9couvrez le robot tondeuse G\u00fcde GRR 180.1, mod\u00e8le 2025. Con\u00e7u pour des pelouses jusqu&#039;\u00e0 600 m\u00b2, il offre une largeur de coupe de 18 cm et un r\u00e9glage manuel de la hauteur de coupe entre 20 et 60 mm. \u00c9quip\u00e9 d&#039;une batterie Li-ion de 28 V et d&#039;une capacit\u00e9 de 2,0 Ah, il garantit une tonte efficace gr\u00e2ce \u00e0 son syst\u00e8me \u00e0 trois lames rotatives. Son fonctionnement automatique et s\u00e9curis\u00e9 est renforc\u00e9 par le verrouillage par code PIN. Id\u00e9al pour un entretien sans effort de votre jardin.<\/p>","protected":false},"featured_media":37284,"comment_status":"open","ping_status":"closed","template":"","meta":[],"product_brand":[],"product_cat":[74],"product_tag":[],"class_list":{"0":"post-37283","1":"product","2":"type-product","3":"status-publish","4":"has-post-thumbnail","6":"product_cat-robots-tondeuses","8":"first","9":"instock","10":"shipping-taxable","11":"purchasable","12":"product-type-simple"},"_links":{"self":[{"href":"https:\/\/seize-machines.com\/en\/wp-json\/wp\/v2\/product\/37283","targetHints":{"allow":["GET"]}}],"collection":[{"href":"https:\/\/seize-machines.com\/en\/wp-json\/wp\/v2\/product"}],"about":[{"href":"https:\/\/seize-machines.com\/en\/wp-json\/wp\/v2\/types\/product"}],"replies":[{"embeddable":true,"href":"https:\/\/seize-machines.com\/en\/wp-json\/wp\/v2\/comments?post=37283"}],"version-history":[{"count":1,"href":"https:\/\/seize-machines.com\/en\/wp-json\/wp\/v2\/product\/37283\/revisions"}],"predecessor-version":[{"id":37285,"href":"https:\/\/seize-machines.com\/en\/wp-json\/wp\/v2\/product\/37283\/revisions\/37285"}],"wp:featuredmedia":[{"embeddable":true,"href":"https:\/\/seize-machines.com\/en\/wp-json\/wp\/v2\/media\/37284"}],"wp:attachment":[{"href":"https:\/\/seize-machines.com\/en\/wp-json\/wp\/v2\/media?parent=37283"}],"wp:term":[{"taxonomy":"product_brand","embeddable":true,"href":"https:\/\/seize-machines.com\/en\/wp-json\/wp\/v2\/product_brand?post=37283"},{"taxonomy":"product_cat","embeddable":true,"href":"https:\/\/seize-machines.com\/en\/wp-json\/wp\/v2\/product_cat?post=37283"},{"taxonomy":"product_tag","embeddable":true,"href":"https:\/\/seize-machines.com\/en\/wp-json\/wp\/v2\/product_tag?post=37283"}],"curies":[{"name":"wp","href":"https:\/\/api.w.org\/{rel}","templated":true}]}}