{"id":37279,"date":"2025-07-04T06:40:20","date_gmt":"2025-07-04T06:40:20","guid":{"rendered":"https:\/\/seize-machines.com\/?post_type=product&#038;p=37279"},"modified":"2025-07-04T06:40:23","modified_gmt":"2025-07-04T06:40:23","slug":"robot-tondeuse-texas-rmx1000-modele-2025-neuf","status":"publish","type":"product","link":"https:\/\/seize-machines.com\/en\/product\/robot-tondeuse-texas-rmx1000-modele-2025-neuf\/","title":{"rendered":"Robot tondeuse Texas RMX1000 &#8211; mod\u00e8le 2025-Neuf"},"content":{"rendered":"<p>Le mod\u00e8le RMX1000 de la s\u00e9rie de robots tondeuses Texas incarne l&#039;\u00e9volution la plus r\u00e9cente des tondeuses \u00e0 gazon robotis\u00e9es de la marque, offrant une solution fiable et intuitive pour l&#039;entretien de votre pelouse. Con\u00e7u pour les jardins d&#039;une superficie allant jusqu&#039;\u00e0 1 000 m\u00b2, ce robot tondeuse est capable de g\u00e9rer des pentes jusqu&#039;\u00e0 20 degr\u00e9s ainsi que des passages \u00e9troits de 80 cm de large. \u00c9quip\u00e9 de trois lames volantes similaires \u00e0 des lames de rasoir, il assure une coupe nette et pr\u00e9cise, \u00e9vitant ainsi l&#039;effilochage de l&#039;herbe et r\u00e9duisant les risques de maladies fongiques.<br \/>\nL&#039;int\u00e9gration avec votre smartphone via une application d\u00e9di\u00e9e enrichit l&#039;exp\u00e9rience utilisateur, permettant de configurer jusqu&#039;\u00e0 quatre points de d\u00e9part diff\u00e9rents. Cette fonctionnalit\u00e9 est particuli\u00e8rement avantageuse pour les jardins divis\u00e9s en plusieurs zones avec des passages \u00e9troits.<br \/>\nEn cas de batterie faible, le RMX1000 retourne automatiquement \u00e0 sa station de charge, garantissant ainsi une autonomie optimale. Il est \u00e9galement dot\u00e9 d&#039;un mode Eco qui optimise la consommation \u00e9nerg\u00e9tique en ajustant l&#039;alimentation du c\u00e2ble p\u00e9riph\u00e9rique pendant la charge.<br \/>\nLa s\u00e9curit\u00e9 est au c\u0153ur de sa conception, avec un capteur de levage qui arr\u00eate instantan\u00e9ment les lames si le robot est soulev\u00e9. De plus, le capteur d&#039;inclinaison ajuste le parcours si la pente maximale est d\u00e9pass\u00e9e, et en cas de retournement, les moteurs s&#039;arr\u00eatent imm\u00e9diatement.<br \/>\nEnfin, ce robot est prot\u00e9g\u00e9 par un code PIN individuel, dissuadant ainsi les tentatives de vol. Le RMX1000 offre une r\u00e9duction significative des besoins d&#039;entretien, minimisant les co\u00fbts de maintenance et les temps d&#039;arr\u00eat gr\u00e2ce \u00e0 sa conception fonctionnant sur batterie.<\/p>","protected":false},"excerpt":{"rendered":"<p>D\u00e9couvrez le Robot tondeuse Texas RMX1000 &#8211; mod\u00e8le 2025-Neuf, une solution intelligente pour un jardin impeccable sans effort. \u00c9quip\u00e9 d&#039;une batterie Li-ion de 20 V et d&#039;une performance de 5 Ah, il couvre jusqu&#039;\u00e0 1000 m\u00b2 avec une pr\u00e9cision in\u00e9gal\u00e9e. Sa largeur de coupe de 18 cm et son r\u00e9glage manuel de hauteur entre 20 et 60 mm s&#039;adaptent \u00e0 vos besoins. Gr\u00e2ce aux capteurs int\u00e9gr\u00e9s de pluie, d&#039;obstacles, d&#039;inclinaison, et de choc, ce robot garantit une tonte s\u00e9curis\u00e9e. Le syst\u00e8me de charge automatique et la minuterie m\u00e9t\u00e9orologique optimisent son efficacit\u00e9, tandis que le verrouillage par code PIN assure une tranquillit\u00e9 d&#039;esprit.<\/p>","protected":false},"featured_media":37280,"comment_status":"open","ping_status":"closed","template":"","meta":[],"product_brand":[],"product_cat":[74],"product_tag":[],"class_list":{"0":"post-37279","1":"product","2":"type-product","3":"status-publish","4":"has-post-thumbnail","6":"product_cat-robots-tondeuses","8":"first","9":"instock","10":"shipping-taxable","11":"purchasable","12":"product-type-simple"},"_links":{"self":[{"href":"https:\/\/seize-machines.com\/en\/wp-json\/wp\/v2\/product\/37279","targetHints":{"allow":["GET"]}}],"collection":[{"href":"https:\/\/seize-machines.com\/en\/wp-json\/wp\/v2\/product"}],"about":[{"href":"https:\/\/seize-machines.com\/en\/wp-json\/wp\/v2\/types\/product"}],"replies":[{"embeddable":true,"href":"https:\/\/seize-machines.com\/en\/wp-json\/wp\/v2\/comments?post=37279"}],"version-history":[{"count":1,"href":"https:\/\/seize-machines.com\/en\/wp-json\/wp\/v2\/product\/37279\/revisions"}],"predecessor-version":[{"id":37282,"href":"https:\/\/seize-machines.com\/en\/wp-json\/wp\/v2\/product\/37279\/revisions\/37282"}],"wp:featuredmedia":[{"embeddable":true,"href":"https:\/\/seize-machines.com\/en\/wp-json\/wp\/v2\/media\/37280"}],"wp:attachment":[{"href":"https:\/\/seize-machines.com\/en\/wp-json\/wp\/v2\/media?parent=37279"}],"wp:term":[{"taxonomy":"product_brand","embeddable":true,"href":"https:\/\/seize-machines.com\/en\/wp-json\/wp\/v2\/product_brand?post=37279"},{"taxonomy":"product_cat","embeddable":true,"href":"https:\/\/seize-machines.com\/en\/wp-json\/wp\/v2\/product_cat?post=37279"},{"taxonomy":"product_tag","embeddable":true,"href":"https:\/\/seize-machines.com\/en\/wp-json\/wp\/v2\/product_tag?post=37279"}],"curies":[{"name":"wp","href":"https:\/\/api.w.org\/{rel}","templated":true}]}}