{"id":36736,"date":"2025-07-04T06:32:08","date_gmt":"2025-07-04T06:32:08","guid":{"rendered":"https:\/\/seize-machines.com\/?post_type=product&#038;p=36736"},"modified":"2025-07-04T06:32:10","modified_gmt":"2025-07-04T06:32:10","slug":"broyeur-a-batterie-remarc-terra-cut-4000-be-sans-batterie-ni-chargeur-modele-2025-neuf","status":"publish","type":"product","link":"https:\/\/seize-machines.com\/en\/product\/broyeur-a-batterie-remarc-terra-cut-4000-be-sans-batterie-ni-chargeur-modele-2025-neuf\/","title":{"rendered":"Broyeur \u00e0 batterie Remarc Terra Cut 4000 BE &#8211; sans batterie ni chargeur &#8211; mod\u00e8le 2025-Neuf"},"content":{"rendered":"<p>Le Broyeur \u00e0 Batterie Remarc Terra Cut 4000 BE, mod\u00e8le 2025, propose une solution efficace et polyvalente pour le traitement des d\u00e9chets de jardin. Con\u00e7u avec une technologie de broyage double, cet outil int\u00e8gre un m\u00e9canisme de marteau puissant capable de d\u00e9composer les mat\u00e9riaux mous et de traiter le compost m\u00fbr. Que vous ayez \u00e0 vous occuper de boutures humides ou de branches s\u00e8ches, le Terra Cut est con\u00e7u pour g\u00e9rer ces t\u00e2ches avec facilit\u00e9, gr\u00e2ce \u00e0 son tamis automatique standard qui s&#039;ouvre lorsque le mat\u00e9riau est trop humide.<br \/>\nSon disque de couteau, d&#039;une conception robuste, coupe le bois avec une pr\u00e9cision remarquable, facilitant ainsi le processus de d\u00e9chiquetage. Le syst\u00e8me de coupe \u00e0 double chambre permet de broyer sans effort tous types de mat\u00e9riaux de jardin, acc\u00e9l\u00e9rant ainsi le processus de compostage. Un acc\u00e8s lat\u00e9ral est pr\u00e9vu pour \u00e9viter de devoir soulever des objets lourds, rendant l&#039;utilisation de l&#039;appareil plus ergonomique. De plus, le r\u00e9glage grossier\/fin s&#039;adapte aux diff\u00e9rents types de mat\u00e9riaux, qu&#039;ils soient humides ou secs, assurant une performance optimale.<br \/>\n\u00c9quip\u00e9 de 12 lames de couteaux, ce broyeur offre une efficacit\u00e9 accrue, garantissant un rendement \u00e9lev\u00e9. Bien que la batterie et le chargeur ne soient pas inclus, il est recommand\u00e9 d&#039;utiliser une batterie EGO 56 V\/12 Ah et un chargeur EGO 7000 pour des performances optimales.<br \/>\nUn autre atout de ce mod\u00e8le est son entonnoir de remplissage amovible, qui permet de gagner de la place lors du stockage. En somme, le Broyeur \u00e0 Batterie Remarc Terra Cut 4000 BE est un outil indispensable pour ceux qui souhaitent entretenir leur jardin de mani\u00e8re efficace et sans effort.<\/p>","protected":false},"excerpt":{"rendered":"<p>Broyeur \u00e0 batterie Remarc Terra Cut 4000 BE, un outil puissant et efficace pour vos travaux de jardinage. Dot\u00e9 d&#039;un moteur \u00e9lectrique Remarc de 56 V, il broie jusqu&#039;\u00e0 650 kg\/heure avec une capacit\u00e9 de branches de 6 cm d&#039;\u00e9paisseur. Profitez du r\u00e9glage grossier\/fin pour traiter les mat\u00e9riaux humides ou secs selon vos besoins. Sa conception robuste inclut un bo\u00eetier en t\u00f4lerie et des roues de transport pour une maniabilit\u00e9 optimale. Un entonnoir amovible facilite l&#039;entretien, tandis que la poign\u00e9e int\u00e9gr\u00e9e assure un transport ais\u00e9. Mod\u00e8le 2025, sans batterie ni chargeur pour une flexibilit\u00e9 d&#039;achat.<\/p>","protected":false},"featured_media":36737,"comment_status":"open","ping_status":"closed","template":"","meta":[],"product_brand":[],"product_cat":[72],"product_tag":[],"class_list":{"0":"post-36736","1":"product","2":"type-product","3":"status-publish","4":"has-post-thumbnail","6":"product_cat-broyeur-de-jardin","8":"first","9":"instock","10":"shipping-taxable","11":"purchasable","12":"product-type-simple"},"_links":{"self":[{"href":"https:\/\/seize-machines.com\/en\/wp-json\/wp\/v2\/product\/36736","targetHints":{"allow":["GET"]}}],"collection":[{"href":"https:\/\/seize-machines.com\/en\/wp-json\/wp\/v2\/product"}],"about":[{"href":"https:\/\/seize-machines.com\/en\/wp-json\/wp\/v2\/types\/product"}],"replies":[{"embeddable":true,"href":"https:\/\/seize-machines.com\/en\/wp-json\/wp\/v2\/comments?post=36736"}],"version-history":[{"count":1,"href":"https:\/\/seize-machines.com\/en\/wp-json\/wp\/v2\/product\/36736\/revisions"}],"predecessor-version":[{"id":36738,"href":"https:\/\/seize-machines.com\/en\/wp-json\/wp\/v2\/product\/36736\/revisions\/36738"}],"wp:featuredmedia":[{"embeddable":true,"href":"https:\/\/seize-machines.com\/en\/wp-json\/wp\/v2\/media\/36737"}],"wp:attachment":[{"href":"https:\/\/seize-machines.com\/en\/wp-json\/wp\/v2\/media?parent=36736"}],"wp:term":[{"taxonomy":"product_brand","embeddable":true,"href":"https:\/\/seize-machines.com\/en\/wp-json\/wp\/v2\/product_brand?post=36736"},{"taxonomy":"product_cat","embeddable":true,"href":"https:\/\/seize-machines.com\/en\/wp-json\/wp\/v2\/product_cat?post=36736"},{"taxonomy":"product_tag","embeddable":true,"href":"https:\/\/seize-machines.com\/en\/wp-json\/wp\/v2\/product_tag?post=36736"}],"curies":[{"name":"wp","href":"https:\/\/api.w.org\/{rel}","templated":true}]}}