{"id":36676,"date":"2025-07-04T06:31:12","date_gmt":"2025-07-04T06:31:12","guid":{"rendered":"https:\/\/seize-machines.com\/?post_type=product&#038;p=36676"},"modified":"2025-07-04T06:31:14","modified_gmt":"2025-07-04T06:31:14","slug":"broyeur-de-branches-professionnel-erco-ghx-ch1900-entrainement-par-prise-de-force-cat-1-neuf","status":"publish","type":"product","link":"https:\/\/seize-machines.com\/en\/product\/broyeur-de-branches-professionnel-erco-ghx-ch1900-entrainement-par-prise-de-force-cat-1-neuf\/","title":{"rendered":"Broyeur de branches professionnel ERCO GHX-CH1900 Entra\u00eenement par prise de force (Cat. 1)-Neuf"},"content":{"rendered":"<p>Le broyeur de branches professionnel ERCO GHX-CH1900, con\u00e7u pour l&#039;entretien optimal du paysage, se distingue par sa technologie robuste. En int\u00e9grant divers syst\u00e8mes de broyage, ce mod\u00e8le utilise des couteaux \u00e0 d\u00e9chiqueter et des fl\u00e9aux \u00e0 marteaux, conf\u00e9rant \u00e0 l&#039;appareil une polyvalence impressionnante. Il ne se contente pas de r\u00e9duire les branches en copeaux ; il est \u00e9galement capable de produire du combustible pour les syst\u00e8mes de chauffage \u00e0 copeaux de bois. Pour ceux qui le souhaitent, un insert \u00e0 copeaux de bois est propos\u00e9 en accessoire (Z-850-CH1900-01).<br \/>\nDot\u00e9 d&#039;un entra\u00eenement par prise de force (Cat. 1), ce broyeur est compatible avec des tracteurs disposant d&#039;une puissance minimale de 17 kW. Les lames de marteau, fabriqu\u00e9es en acier sp\u00e9cial, garantissent une performance de hachage exceptionnelle ainsi qu&#039;une long\u00e9vit\u00e9 accrue. L&#039;appareil est \u00e9quip\u00e9 d&#039;un attelage 3 points, facilitant son utilisation avec un tracteur, et son d\u00e9placement est ais\u00e9 gr\u00e2ce \u00e0 sa conception.<br \/>\nL&#039;\u00e9jection du mat\u00e9riau hach\u00e9 est optimis\u00e9e par un d\u00e9versement orientable \u00e0 270\u00b0, permettant soit de le disperser directement comme mat\u00e9riau de paillage, soit de le diriger vers une remorque pour un transport ais\u00e9.<br \/>\nConcernant ses caract\u00e9ristiques techniques, le GHX-CH1900 peut broyer des branches jusqu&#039;\u00e0 110 mm de diam\u00e8tre. Son m\u00e9canisme sophistiqu\u00e9 int\u00e8gre un disque de rotor lourd et des couteaux \u00e0 buriner robustes. Le ch\u00e2ssis est \u00e9quip\u00e9 d&#039;une suspension 3 points de s\u00e9rie, et l&#039;appareil mesure 210 x 88 x 220 cm (LxlxH) pour un poids total de 266 kg. La garantie offerte s&#039;\u00e9tend sur 2 ans pour une utilisation priv\u00e9e et 1 an pour un usage commercial.<\/p>","protected":false},"excerpt":{"rendered":"<p>Broyeur de branches ERCO GHX-CH1900, con\u00e7u pour les professionnels exigeants. Capable de traiter des branches jusqu&#039;\u00e0 11 cm d&#039;\u00e9paisseur, il s&#039;adapte parfaitement aux travaux intensifs. Son entra\u00eenement par prise de force (Cat. 1) garantit une efficacit\u00e9 \u00e9nerg\u00e9tique optimale avec une consommation minimale de 15 kW, rendant le broyage rapide et sans effort. Sa conception robuste assure une durabilit\u00e9 exceptionnelle, id\u00e9al pour les utilisateurs cherchant fiabilit\u00e9 et performance.<\/p>","protected":false},"featured_media":36677,"comment_status":"open","ping_status":"closed","template":"","meta":[],"product_brand":[],"product_cat":[72],"product_tag":[],"class_list":{"0":"post-36676","1":"product","2":"type-product","3":"status-publish","4":"has-post-thumbnail","6":"product_cat-broyeur-de-jardin","8":"first","9":"instock","10":"shipping-taxable","11":"purchasable","12":"product-type-simple"},"_links":{"self":[{"href":"https:\/\/seize-machines.com\/en\/wp-json\/wp\/v2\/product\/36676","targetHints":{"allow":["GET"]}}],"collection":[{"href":"https:\/\/seize-machines.com\/en\/wp-json\/wp\/v2\/product"}],"about":[{"href":"https:\/\/seize-machines.com\/en\/wp-json\/wp\/v2\/types\/product"}],"replies":[{"embeddable":true,"href":"https:\/\/seize-machines.com\/en\/wp-json\/wp\/v2\/comments?post=36676"}],"version-history":[{"count":1,"href":"https:\/\/seize-machines.com\/en\/wp-json\/wp\/v2\/product\/36676\/revisions"}],"predecessor-version":[{"id":36678,"href":"https:\/\/seize-machines.com\/en\/wp-json\/wp\/v2\/product\/36676\/revisions\/36678"}],"wp:featuredmedia":[{"embeddable":true,"href":"https:\/\/seize-machines.com\/en\/wp-json\/wp\/v2\/media\/36677"}],"wp:attachment":[{"href":"https:\/\/seize-machines.com\/en\/wp-json\/wp\/v2\/media?parent=36676"}],"wp:term":[{"taxonomy":"product_brand","embeddable":true,"href":"https:\/\/seize-machines.com\/en\/wp-json\/wp\/v2\/product_brand?post=36676"},{"taxonomy":"product_cat","embeddable":true,"href":"https:\/\/seize-machines.com\/en\/wp-json\/wp\/v2\/product_cat?post=36676"},{"taxonomy":"product_tag","embeddable":true,"href":"https:\/\/seize-machines.com\/en\/wp-json\/wp\/v2\/product_tag?post=36676"}],"curies":[{"name":"wp","href":"https:\/\/api.w.org\/{rel}","templated":true}]}}