{"id":36570,"date":"2025-07-04T06:29:39","date_gmt":"2025-07-04T06:29:39","guid":{"rendered":"https:\/\/seize-machines.com\/?post_type=product&#038;p=36570"},"modified":"2025-07-04T06:29:41","modified_gmt":"2025-07-04T06:29:41","slug":"broyeur-universel-electrique-erco-ghx-180w-neuf","status":"publish","type":"product","link":"https:\/\/seize-machines.com\/en\/product\/broyeur-universel-electrique-erco-ghx-180w-neuf\/","title":{"rendered":"Broyeur universel \u00e9lectrique ERCO GHX-180W-Neuf"},"content":{"rendered":"<p>Le broyeur universel \u00e9lectrique ERCO GHX-180 W-Neuf se distingue par sa polyvalence et sa robustesse, r\u00e9pondant aux besoins des grands jardins, des espaces autour de la maison, ainsi que des services de location. Dot\u00e9 d&#039;un moteur \u00e9lectrique puissant de 2200 watts fonctionnant sur secteur, cet appareil est con\u00e7u pour offrir des performances \u00e9lev\u00e9es avec un minimum d&#039;efforts. Les utilisateurs appr\u00e9cieront particuli\u00e8rement la facilit\u00e9 avec laquelle le tamis de broyage peut \u00eatre ouvert et ferm\u00e9 sans outils, ce qui est id\u00e9al lorsque le mat\u00e9riau \u00e0 hacher est particuli\u00e8rement dense ou humide.<br \/>\nCe broyeur est capable de d\u00e9chiqueter des branches d&#039;un diam\u00e8tre allant jusqu&#039;\u00e0 6,5 cm et de traiter efficacement les broussailles ramifi\u00e9es, les haies, ainsi que les chutes d&#039;arbres, rendant les mat\u00e9riaux pr\u00eats pour le compostage. Les lames de marteau, fabriqu\u00e9es en acier sp\u00e9cial extra r\u00e9sistant, assurent une qualit\u00e9 de coupe optimale et une durabilit\u00e9 accrue de l&#039;appareil. Sa conception permet un d\u00e9placement ais\u00e9 gr\u00e2ce \u00e0 un ch\u00e2ssis \u00e9quip\u00e9 de roues en caoutchouc plein, facilitant ainsi son transport et son utilisation en diff\u00e9rents lieux.<br \/>\nLes dimensions du broyeur sont de 110 x 80 x 143 cm (LxlxH) pour un poids total de 75 kg, ce qui lui conf\u00e8re une stabilit\u00e9 et une robustesse appr\u00e9ciables en usage intensif. En termes de garanties, l&#039;appareil b\u00e9n\u00e9ficie d&#039;une couverture de 2 ans pour un usage priv\u00e9 et d&#039;une ann\u00e9e pour un usage commercial, soulignant ainsi la confiance dans sa long\u00e9vit\u00e9 et sa fiabilit\u00e9.<\/p>","protected":false},"excerpt":{"rendered":"<p>D\u00e9couvrez la puissance du Broyeur universel \u00e9lectrique ERCO GHX-180 W-Neuf, con\u00e7u pour les jardins exigeants. Avec sa capacit\u00e9 \u00e0 broyer des branches jusqu&#039;\u00e0 6,5 cm d&#039;\u00e9paisseur, ce broyeur de 2200 watts garantit une efficacit\u00e9 redoutable. Son moteur robuste de 230 volts assure une performance constante, facilitant le traitement rapide de grandes quantit\u00e9s de d\u00e9chets verts. Id\u00e9al pour les amateurs de jardinage soucieux de l&#039;entretien \u00e9cologique et efficace de leurs espaces ext\u00e9rieurs.<\/p>","protected":false},"featured_media":36571,"comment_status":"open","ping_status":"closed","template":"","meta":[],"product_brand":[],"product_cat":[72],"product_tag":[],"class_list":{"0":"post-36570","1":"product","2":"type-product","3":"status-publish","4":"has-post-thumbnail","6":"product_cat-broyeur-de-jardin","8":"first","9":"instock","10":"shipping-taxable","11":"purchasable","12":"product-type-simple"},"_links":{"self":[{"href":"https:\/\/seize-machines.com\/en\/wp-json\/wp\/v2\/product\/36570","targetHints":{"allow":["GET"]}}],"collection":[{"href":"https:\/\/seize-machines.com\/en\/wp-json\/wp\/v2\/product"}],"about":[{"href":"https:\/\/seize-machines.com\/en\/wp-json\/wp\/v2\/types\/product"}],"replies":[{"embeddable":true,"href":"https:\/\/seize-machines.com\/en\/wp-json\/wp\/v2\/comments?post=36570"}],"version-history":[{"count":1,"href":"https:\/\/seize-machines.com\/en\/wp-json\/wp\/v2\/product\/36570\/revisions"}],"predecessor-version":[{"id":36572,"href":"https:\/\/seize-machines.com\/en\/wp-json\/wp\/v2\/product\/36570\/revisions\/36572"}],"wp:featuredmedia":[{"embeddable":true,"href":"https:\/\/seize-machines.com\/en\/wp-json\/wp\/v2\/media\/36571"}],"wp:attachment":[{"href":"https:\/\/seize-machines.com\/en\/wp-json\/wp\/v2\/media?parent=36570"}],"wp:term":[{"taxonomy":"product_brand","embeddable":true,"href":"https:\/\/seize-machines.com\/en\/wp-json\/wp\/v2\/product_brand?post=36570"},{"taxonomy":"product_cat","embeddable":true,"href":"https:\/\/seize-machines.com\/en\/wp-json\/wp\/v2\/product_cat?post=36570"},{"taxonomy":"product_tag","embeddable":true,"href":"https:\/\/seize-machines.com\/en\/wp-json\/wp\/v2\/product_tag?post=36570"}],"curies":[{"name":"wp","href":"https:\/\/api.w.org\/{rel}","templated":true}]}}