{"id":36306,"date":"2025-07-04T06:25:21","date_gmt":"2025-07-04T06:25:21","guid":{"rendered":"https:\/\/seize-machines.com\/?post_type=product&#038;p=36306"},"modified":"2025-07-04T06:25:28","modified_gmt":"2025-07-04T06:25:28","slug":"fendeuse-de-bois-de-chauffage-atika-asp-5-n2-neuf","status":"publish","type":"product","link":"https:\/\/seize-machines.com\/en\/product\/fendeuse-de-bois-de-chauffage-atika-asp-5-n2-neuf\/","title":{"rendered":"Fendeuse de bois de chauffage ATIKA ASP 5 N2-Neuf"},"content":{"rendered":"<p>La fendeuse de bois de chauffage ATIKA ASP 5 N2-Neuf repr\u00e9sente un outil essentiel pour ceux qui cherchent \u00e0 optimiser le processus de fendage du bois. Issue d&#039;une entreprise ayant ses racines en Westphalie depuis 1949, ATIKA a \u00e9volu\u00e9 au fil des d\u00e9cennies pour s&#039;imposer comme un acteur majeur dans le domaine des machines de construction et de jardinage.<br \/>\nDot\u00e9e d&#039;un moteur \u00e9lectrique puissant de 2200 watts, cette fendeuse garantit une efficacit\u00e9 et une performance remarquables. Sa conception repose sur une commande bimanuelle, associ\u00e9e \u00e0 une protection d&#039;acc\u00e8s, afin d&#039;assurer une s\u00e9curit\u00e9 maximale durant son utilisation. Par ailleurs, une \u00e9tag\u00e8re en bois int\u00e9gr\u00e9e permet de maintenir les b\u00fbches fendues en place, \u00e9vitant ainsi les chutes incontr\u00f4l\u00e9es.<br \/>\nLes caract\u00e9ristiques techniques de cet appareil incluent une force de fendage de 5 tonnes, un fonctionnement en version couch\u00e9e, et une pression de 20,6 MPa (206 bars). La fendeuse offre une course maximale de 370 mm et peut traiter des b\u00fbches jusqu&#039;\u00e0 une longueur de 520 mm. Le syst\u00e8me hydraulique, quant \u00e0 lui, requiert une capacit\u00e9 d&#039;huile de 3,5 litres.<br \/>\nLa conception compacte et robuste de la fendeuse ATIKA ASP 5 N2-Neuf facilite son maniement et son d\u00e9placement, gr\u00e2ce \u00e0 une poign\u00e9e et des roulettes int\u00e9gr\u00e9es. Cette machine est donc particuli\u00e8rement adapt\u00e9e \u00e0 un usage rapide et efficace, tout en garantissant une longue dur\u00e9e de vie et une r\u00e9sistance accrue aux conditions de travail exigeantes.<\/p>","protected":false},"excerpt":{"rendered":"<p>ATIKA ASP 5 N2, la fendeuse de bois de chauffage id\u00e9ale pour un travail efficace et s\u00e9curis\u00e9. Avec une puissance impressionnante de 2200 watts, elle g\u00e9n\u00e8re une pression de service de 5 tonnes, optimisant ainsi la d\u00e9coupe du bois sans effort. Son design robuste en orange et noir inclut une protection d&#039;acc\u00e8s pour une utilisation en toute s\u00e9curit\u00e9.<\/p>","protected":false},"featured_media":36307,"comment_status":"open","ping_status":"closed","template":"","meta":[],"product_brand":[],"product_cat":[71],"product_tag":[],"class_list":{"0":"post-36306","1":"product","2":"type-product","3":"status-publish","4":"has-post-thumbnail","6":"product_cat-fendeuse-de-bois","8":"first","9":"instock","10":"shipping-taxable","11":"purchasable","12":"product-type-simple"},"_links":{"self":[{"href":"https:\/\/seize-machines.com\/en\/wp-json\/wp\/v2\/product\/36306","targetHints":{"allow":["GET"]}}],"collection":[{"href":"https:\/\/seize-machines.com\/en\/wp-json\/wp\/v2\/product"}],"about":[{"href":"https:\/\/seize-machines.com\/en\/wp-json\/wp\/v2\/types\/product"}],"replies":[{"embeddable":true,"href":"https:\/\/seize-machines.com\/en\/wp-json\/wp\/v2\/comments?post=36306"}],"version-history":[{"count":1,"href":"https:\/\/seize-machines.com\/en\/wp-json\/wp\/v2\/product\/36306\/revisions"}],"predecessor-version":[{"id":36311,"href":"https:\/\/seize-machines.com\/en\/wp-json\/wp\/v2\/product\/36306\/revisions\/36311"}],"wp:featuredmedia":[{"embeddable":true,"href":"https:\/\/seize-machines.com\/en\/wp-json\/wp\/v2\/media\/36307"}],"wp:attachment":[{"href":"https:\/\/seize-machines.com\/en\/wp-json\/wp\/v2\/media?parent=36306"}],"wp:term":[{"taxonomy":"product_brand","embeddable":true,"href":"https:\/\/seize-machines.com\/en\/wp-json\/wp\/v2\/product_brand?post=36306"},{"taxonomy":"product_cat","embeddable":true,"href":"https:\/\/seize-machines.com\/en\/wp-json\/wp\/v2\/product_cat?post=36306"},{"taxonomy":"product_tag","embeddable":true,"href":"https:\/\/seize-machines.com\/en\/wp-json\/wp\/v2\/product_tag?post=36306"}],"curies":[{"name":"wp","href":"https:\/\/api.w.org\/{rel}","templated":true}]}}