{"id":36289,"date":"2025-07-04T06:25:05","date_gmt":"2025-07-04T06:25:05","guid":{"rendered":"https:\/\/seize-machines.com\/?post_type=product&#038;p=36289"},"modified":"2025-07-04T06:25:11","modified_gmt":"2025-07-04T06:25:11","slug":"fendeuse-de-buches-professionnelle-lumag-essence-hb-8n-modele-2025-neuf","status":"publish","type":"product","link":"https:\/\/seize-machines.com\/en\/product\/fendeuse-de-buches-professionnelle-lumag-essence-hb-8n-modele-2025-neuf\/","title":{"rendered":"Fendeuse de b\u00fbches professionnelle Lumag essence HB 8N &#8211; mod\u00e8le 2025-Neuf"},"content":{"rendered":"<p>La fendeuse de b\u00fbches professionnelle Lumag essence HB 8 N &#8211; mod\u00e8le 2025-Neuf se distingue par son efficacit\u00e9 et sa robustesse. Con\u00e7ue pour r\u00e9pondre aux besoins des professionnels comme des amateurs \u00e9clair\u00e9s, cette machine assure une performance optimale pour le fendage du bois.<br \/>\nDot\u00e9e d&#039;un moteur essence OHV 4 temps d&#039;une puissance de 5,5 CV (4,1 kW), elle offre une force de fendage impressionnante de 8 tonnes. Ce moteur, facile \u00e0 d\u00e9marrer, fonctionne avec douceur et assure une efficacit\u00e9 constante. La construction en acier solide et r\u00e9sistante \u00e0 la torsion garantit une durabilit\u00e9 et une stabilit\u00e9 accrues lors de l&#039;utilisation.<br \/>\nSon design vertical, combin\u00e9 \u00e0 un dispositif de commande bimanuelle ergonomique, assure une utilisation s\u00e9curis\u00e9e et conviviale. Les utilisateurs b\u00e9n\u00e9ficient \u00e9galement d&#039;une protection des mains et d&#039;un dispositif de maintien en bois flexible, pour une s\u00e9curit\u00e9 accrue lors du processus de fendage.<br \/>\nAvec une capacit\u00e9 de traitement allant jusqu&#039;\u00e0 55 cm de longueur et 35 cm de diam\u00e8tre de tronc, la fendeuse Lumag est id\u00e9ale pour les bois courts. Gr\u00e2ce \u00e0 sa plaque de base basse, le chargement des b\u00fbches est grandement facilit\u00e9, tandis que les poign\u00e9es et les roues de transport int\u00e9gr\u00e9es permettent un d\u00e9placement ais\u00e9 de l&#039;appareil.<br \/>\nEn termes de s\u00e9curit\u00e9, cette fendeuse respecte les normes les plus strictes, offrant une utilisation \u00e0 deux mains avec des poign\u00e9es de s\u00e9curit\u00e9. Ses dimensions compactes (hauteur totale de 1510 mm, largeur de 840 mm, longueur de 1120 mm) et son poids d&#039;environ 150 kg en font un outil robuste et maniable.<br \/>\nEnfin, Lumag propose une garantie de 2 ans pour un usage priv\u00e9 et de 1 an pour un usage commercial, attestant de la qualit\u00e9 et de la fiabilit\u00e9 de ses produits. Cette fendeuse de b\u00fbches est un choix judicieux pour ceux qui recherchent une solution performante et durable pour le travail du bois.<\/p>","protected":false},"excerpt":{"rendered":"<p>D\u00e9couvrez la fendeuse de b\u00fbches professionnelle Lumag essence HB 8 N, mod\u00e8le 2025, id\u00e9ale pour un usage intensif. Avec une pression de service impressionnante de 8,0 tonnes, elle garantit une performance optimale pour fendre les b\u00fbches les plus robustes. Son moteur puissant de 5,5 HP (4,1 kW) assure une efficacit\u00e9 exceptionnelle, r\u00e9pondant aux exigences des professionnels. Robuste et fiable, elle est con\u00e7ue pour une utilisation durable et s\u00e9curis\u00e9e.<\/p>","protected":false},"featured_media":36290,"comment_status":"open","ping_status":"closed","template":"","meta":[],"product_brand":[],"product_cat":[71],"product_tag":[],"class_list":{"0":"post-36289","1":"product","2":"type-product","3":"status-publish","4":"has-post-thumbnail","6":"product_cat-fendeuse-de-bois","8":"first","9":"instock","10":"shipping-taxable","11":"purchasable","12":"product-type-simple"},"_links":{"self":[{"href":"https:\/\/seize-machines.com\/en\/wp-json\/wp\/v2\/product\/36289","targetHints":{"allow":["GET"]}}],"collection":[{"href":"https:\/\/seize-machines.com\/en\/wp-json\/wp\/v2\/product"}],"about":[{"href":"https:\/\/seize-machines.com\/en\/wp-json\/wp\/v2\/types\/product"}],"replies":[{"embeddable":true,"href":"https:\/\/seize-machines.com\/en\/wp-json\/wp\/v2\/comments?post=36289"}],"version-history":[{"count":1,"href":"https:\/\/seize-machines.com\/en\/wp-json\/wp\/v2\/product\/36289\/revisions"}],"predecessor-version":[{"id":36294,"href":"https:\/\/seize-machines.com\/en\/wp-json\/wp\/v2\/product\/36289\/revisions\/36294"}],"wp:featuredmedia":[{"embeddable":true,"href":"https:\/\/seize-machines.com\/en\/wp-json\/wp\/v2\/media\/36290"}],"wp:attachment":[{"href":"https:\/\/seize-machines.com\/en\/wp-json\/wp\/v2\/media?parent=36289"}],"wp:term":[{"taxonomy":"product_brand","embeddable":true,"href":"https:\/\/seize-machines.com\/en\/wp-json\/wp\/v2\/product_brand?post=36289"},{"taxonomy":"product_cat","embeddable":true,"href":"https:\/\/seize-machines.com\/en\/wp-json\/wp\/v2\/product_cat?post=36289"},{"taxonomy":"product_tag","embeddable":true,"href":"https:\/\/seize-machines.com\/en\/wp-json\/wp\/v2\/product_tag?post=36289"}],"curies":[{"name":"wp","href":"https:\/\/api.w.org\/{rel}","templated":true}]}}