{"id":29389,"date":"2025-07-04T12:38:52","date_gmt":"2025-07-04T12:38:52","guid":{"rendered":"https:\/\/seize-machines.com\/?post_type=product&#038;p=29389"},"modified":"2025-07-04T12:38:55","modified_gmt":"2025-07-04T12:38:55","slug":"tondeuse-a-batterie-lb146i-husqvarna","status":"publish","type":"product","link":"https:\/\/seize-machines.com\/en\/product\/tondeuse-a-batterie-lb146i-husqvarna\/","title":{"rendered":"Tondeuse \u00e0 batterie LB146i \u2013 Husqvarna"},"content":{"rendered":"<p>Plus de d\u00e9tails<\/p>\n<p>Tondeuse \u00e0 batterie l\u00e9g\u00e8re et efficace avec carter composite r\u00e9sistant con\u00e7u pour des performances de broyage exceptionnelles. Cette tondeuse pouss\u00e9e intuitive et simple est dot\u00e9e d\u2019un guidon au design ergonomique et est facile \u00e0 man\u0153uvrer gr\u00e2ce \u00e0 son poids l\u00e9ger et son carter compact. Compatible avec le syst\u00e8me de batteries BLi . Indice de r\u00e9parabilit\u00e9 : 8,7 \/ 10.<br \/>\nGuidon ergonomique : L\u2019angle ergonomique du guidon et la facilit\u00e9 d\u2019acc\u00e8s des anses facilitent l\u2019utilisation.<br \/>\nPoign\u00e9e avant et arri\u00e8re : Prise en main confortable afin de faciliter les d\u00e9placements de la tondeuse ainsi que son stockage.<br \/>\nPoign\u00e9e de r\u00e9glage de la hauteur de coupe : Hauteur r\u00e9glable en deux points.<br \/>\nFonctionnement silencieux : Le fonctionnement silencieux de l\u2019appareil offre des conditions de travail plus agr\u00e9ables et moins de nuisances pour les personnes environnantes.<br \/>\nDouble compartiment pour la batterie : Entra\u00eenement continu \u00e0 deux batteries pour un fonctionnement plus long et une tonte plus efficace.<br \/>\nPower Boost : L\u2019augmentation automatique de la vitesse de la lame lors de la tonte dans des conditions difficiles signifie plus de puissance en cas de besoin.<br \/>\nMode SavE : Le mode SavE optimise l\u2019autonomie des batteries.<br \/>\nClavier facile \u00e0 utiliser : Le clavier est tr\u00e8s facile \u00e0 utiliser. Retrouvez toutes les informations dont vous avez besoin.<\/p>","protected":false},"excerpt":{"rendered":"<p>Plus de d\u00e9tails Tondeuse \u00e0 batterie l\u00e9g\u00e8re et efficace avec carter composite r\u00e9sistant con\u00e7u pour des performances de broyage exceptionnelles.<\/p>","protected":false},"featured_media":39067,"comment_status":"open","ping_status":"closed","template":"","meta":[],"product_brand":[],"product_cat":[78],"product_tag":[],"class_list":{"0":"post-29389","1":"product","2":"type-product","3":"status-publish","4":"has-post-thumbnail","6":"product_cat-tondeuses-thermiques","8":"first","9":"instock","10":"sale","11":"shipping-taxable","12":"purchasable","13":"product-type-simple"},"_links":{"self":[{"href":"https:\/\/seize-machines.com\/en\/wp-json\/wp\/v2\/product\/29389","targetHints":{"allow":["GET"]}}],"collection":[{"href":"https:\/\/seize-machines.com\/en\/wp-json\/wp\/v2\/product"}],"about":[{"href":"https:\/\/seize-machines.com\/en\/wp-json\/wp\/v2\/types\/product"}],"replies":[{"embeddable":true,"href":"https:\/\/seize-machines.com\/en\/wp-json\/wp\/v2\/comments?post=29389"}],"version-history":[{"count":1,"href":"https:\/\/seize-machines.com\/en\/wp-json\/wp\/v2\/product\/29389\/revisions"}],"predecessor-version":[{"id":39068,"href":"https:\/\/seize-machines.com\/en\/wp-json\/wp\/v2\/product\/29389\/revisions\/39068"}],"wp:featuredmedia":[{"embeddable":true,"href":"https:\/\/seize-machines.com\/en\/wp-json\/wp\/v2\/media\/39067"}],"wp:attachment":[{"href":"https:\/\/seize-machines.com\/en\/wp-json\/wp\/v2\/media?parent=29389"}],"wp:term":[{"taxonomy":"product_brand","embeddable":true,"href":"https:\/\/seize-machines.com\/en\/wp-json\/wp\/v2\/product_brand?post=29389"},{"taxonomy":"product_cat","embeddable":true,"href":"https:\/\/seize-machines.com\/en\/wp-json\/wp\/v2\/product_cat?post=29389"},{"taxonomy":"product_tag","embeddable":true,"href":"https:\/\/seize-machines.com\/en\/wp-json\/wp\/v2\/product_tag?post=29389"}],"curies":[{"name":"wp","href":"https:\/\/api.w.org\/{rel}","templated":true}]}}