{"id":29385,"date":"2025-07-04T12:38:47","date_gmt":"2025-07-04T12:38:47","guid":{"rendered":"https:\/\/seize-machines.com\/?post_type=product&#038;p=29385"},"modified":"2025-07-04T12:38:51","modified_gmt":"2025-07-04T12:38:51","slug":"tondeuse-a-batterie-aspire-lc34-p4a-version-pack-husqvarna","status":"publish","type":"product","link":"https:\/\/seize-machines.com\/en\/product\/tondeuse-a-batterie-aspire-lc34-p4a-version-pack-husqvarna\/","title":{"rendered":"Tondeuse \u00e0 batterie Aspire\u2122 LC34-P4A version pack \u2013 Husqvarna"},"content":{"rendered":"<p>Plus de d\u00e9tails<\/p>\n<p>La tondeuse Husqvarna Aspire\u2122 LC34-P4A est une tondeuse compacte et l\u00e9g\u00e8re, facile \u00e0 utiliser, \u00e0 ranger et \u00e0 transporter. Elle est \u00e9quip\u00e9e d\u2019un plateau de coupe de 34 cm, d\u2019un ajustement centralis\u00e9 de la coupe sur 4 niveaux et d\u2019un moteur Brushless permettant une puissance de 500W. Pr\u00eate \u00e0 l\u2019emploi, sans montage avant utilisation, son d\u00e9marrage est simple et elle offre une man\u0153uvrabilit\u00e9 optimale dans les espaces \u00e9troits. Son poids l\u00e9ger de 14 kg et la possibilit\u00e9 de la plier facilitent son transport et son stockage. L\u2019utilisateur a \u00e9galement la possibilit\u00e9 d\u2019am\u00e9liorer son confort de travail gr\u00e2ce \u00e0 la poign\u00e9e r\u00e9glable. La tondeuse est dot\u00e9e d\u2019un bac de ramassage \u00e0 l\u2019arri\u00e8re pour stocker l\u2019herbe coup\u00e9e et du mode BioClip\u00ae qui permet de broyer l\u2019herbe et la r\u00e9introduire directement sur la pelouse en tant qu\u2019engrais. Elle est livr\u00e9e avec un crochet de rangement sur mesure qui peut \u00eatre mont\u00e9 directement sur le mur ou utilis\u00e9 avec le syst\u00e8me de rail de rangement Husqvarna Aspire\u2122.<br \/>\nPerformances compactes : La taille compacte et le faible poids des produits Aspire\u2122 Husqvarna am\u00e9liorent la maniabilit\u00e9 et affichent un nombre impressionnant de technologies innovantes Husqvarna, le tout pour augmenter la capacit\u00e9 et l\u2019efficacit\u00e9 de la machine tout en offrant constamment d\u2019excellents r\u00e9sultats dans votre jardin p\u00e9riurbain.<br \/>\nRemisage compact : Naturellement compacts et l\u00e9gers, les outils Husqvarna Aspire\u2122 sont encore moins encombrants gr\u00e2ce \u00e0 des pi\u00e8ces r\u00e9glables, repliables, r\u00e9tractables ou amovibles, pour un remisage et un transport faciles dans les espaces exigus comme les petits hangars ou les voitures. Gr\u00e2ce au crochet sur mesure inclus dans chaque emballage, vous pouvez choisir de les accrocher directement au mur ou de les suspendre \u00e0 notre rail de remisage mural, qui fait partie du syst\u00e8me de remisage Aspire\u2122 Husqvarna. Accessoire de rail vendu s\u00e9par\u00e9ment.<br \/>\nSyst\u00e8me de batterie POWER FOR ALL ALLIANCE : La gamme Aspire\u2122 de Husqvarna est aliment\u00e9e par le syst\u00e8me de batterie POWER FOR ALL ALLIANCE de 18 V. Disponibles en deux tailles, ces batteries ont \u00e9t\u00e9 optimis\u00e9es pour les outils Aspire\u2122 afin d\u2019am\u00e9liorer la puissance, de parfaire l\u2019autonomie et d\u2019\u00e9quilibrer le poids. Elles sont \u00e9galement 100 % compatibles avec les produits de nombreuses grandes marques de maison et de jardin, gage pour vous d\u2019une plus grande flexibilit\u00e9 en utilisant une seule batterie avec un plus grand nombre de produits. Sauf l\u2019Automower\u00ae Husqvarna Aspire\u2122.<br \/>\nPrise en main intuitive : La conception noire \u00e9l\u00e9gante de la gamme Aspire\u2122 de Husqvarna est compl\u00e9t\u00e9e par des d\u00e9tails orange qui vous guident intuitivement vers tous les points d\u2019interaction. De plus, l\u2019ergonomie am\u00e9lior\u00e9e (comme les poign\u00e9es r\u00e9glables) et les mat\u00e9riaux robustes vous permettent de r\u00e9aliser n\u2019importe quel projet de jardin en toute simplicit\u00e9.<br \/>\nPoign\u00e9e souple : La poign\u00e9e souple des outils Husqvarna Aspire\u2122 garantit un confort optimal pendant votre travail.<br \/>\nManche t\u00e9lescopique : Poign\u00e9e facilement r\u00e9glable en hauteur pour une meilleure ergonomie.<br \/>\nRemisage vertical : Possibilit\u00e9 de ranger la machine verticalement pour minimiser l\u2019espace n\u00e9cessaire pendant le remisage. Le sac \u00e0 herbe peut \u00eatre rang\u00e9 proprement sur la machine.<br \/>\nPoign\u00e9e avant et arri\u00e8re : Prise en main confortable afin de faciliter les d\u00e9placements de la tondeuse ainsi que son stockage.<br \/>\nPower Boost : L\u2019augmentation automatique de la vitesse de la lame lors de la tonte dans des conditions difficiles signifie plus de puissance en cas de besoin.<br \/>\nR\u00e9glage centralis\u00e9 de la hauteur de coupe : R\u00e9glage rapide et ais\u00e9 de la hauteur de coupe. Un seul levier assure le r\u00e9glage pour l\u2019ensemble de la machine.<br \/>\nNiveaux sonores r\u00e9duits : Les faibles niveaux sonores permettent de travailler plus longtemps et de travailler le matin et le soir sans d\u00e9ranger vos voisins.<br \/>\nHusqvarna Connect : Gr\u00e2ce \u00e0 l\u2019application intelligente Husqvarna Connect, vous aurez facilement acc\u00e8s \u00e0 des conseils utiles, des manuels et des recommandations de pi\u00e8ces de rechange. Pour votre \u00e9quipement Bluetooth connect\u00e9, l\u2019application fournit \u00e9galement des informations suppl\u00e9mentaires telles que l\u2019\u00e9tat de l\u2019ex\u00e9cution et de la charge, ainsi que les besoins en maintenance et en service. L\u2019application peut \u00eatre t\u00e9l\u00e9charg\u00e9e gratuitement depuis l\u2019App Store ou Google Play.\u00a0*pas encore disponible sur tous les march\u00e9s<\/p>","protected":false},"excerpt":{"rendered":"<p>La tondeuse Husqvarna Aspire\u2122 LC34-P4A est une tondeuse compacte et l\u00e9g\u00e8re, facile \u00e0 utiliser, \u00e0 ranger et \u00e0 transporter. Elle est \u00e9quip\u00e9e d\u2019un plateau de coupe de 34 cm, d\u2019un ajustement centralis\u00e9 de la coupe sur 4 niveaux et d\u2019un moteur Brushless permettant une puissance de 500W.<\/p>","protected":false},"featured_media":39061,"comment_status":"open","ping_status":"closed","template":"","meta":[],"product_brand":[],"product_cat":[78],"product_tag":[],"class_list":{"0":"post-29385","1":"product","2":"type-product","3":"status-publish","4":"has-post-thumbnail","6":"product_cat-tondeuses-thermiques","8":"first","9":"instock","10":"sale","11":"shipping-taxable","12":"purchasable","13":"product-type-simple"},"_links":{"self":[{"href":"https:\/\/seize-machines.com\/en\/wp-json\/wp\/v2\/product\/29385","targetHints":{"allow":["GET"]}}],"collection":[{"href":"https:\/\/seize-machines.com\/en\/wp-json\/wp\/v2\/product"}],"about":[{"href":"https:\/\/seize-machines.com\/en\/wp-json\/wp\/v2\/types\/product"}],"replies":[{"embeddable":true,"href":"https:\/\/seize-machines.com\/en\/wp-json\/wp\/v2\/comments?post=29385"}],"version-history":[{"count":1,"href":"https:\/\/seize-machines.com\/en\/wp-json\/wp\/v2\/product\/29385\/revisions"}],"predecessor-version":[{"id":39064,"href":"https:\/\/seize-machines.com\/en\/wp-json\/wp\/v2\/product\/29385\/revisions\/39064"}],"wp:featuredmedia":[{"embeddable":true,"href":"https:\/\/seize-machines.com\/en\/wp-json\/wp\/v2\/media\/39061"}],"wp:attachment":[{"href":"https:\/\/seize-machines.com\/en\/wp-json\/wp\/v2\/media?parent=29385"}],"wp:term":[{"taxonomy":"product_brand","embeddable":true,"href":"https:\/\/seize-machines.com\/en\/wp-json\/wp\/v2\/product_brand?post=29385"},{"taxonomy":"product_cat","embeddable":true,"href":"https:\/\/seize-machines.com\/en\/wp-json\/wp\/v2\/product_cat?post=29385"},{"taxonomy":"product_tag","embeddable":true,"href":"https:\/\/seize-machines.com\/en\/wp-json\/wp\/v2\/product_tag?post=29385"}],"curies":[{"name":"wp","href":"https:\/\/api.w.org\/{rel}","templated":true}]}}