{"id":27484,"date":"2025-07-04T12:38:29","date_gmt":"2025-07-04T12:38:29","guid":{"rendered":"https:\/\/seize-machines.com\/?post_type=product&#038;p=27484"},"modified":"2025-07-04T12:38:33","modified_gmt":"2025-07-04T12:38:33","slug":"tondeuse-autoportee-rafale-108-l-16-k","status":"publish","type":"product","link":"https:\/\/seize-machines.com\/en\/product\/tondeuse-autoportee-rafale-108-l-16-k\/","title":{"rendered":"Tondeuse autoport\u00e9e RAFALE 108 L \/ 16 K"},"content":{"rendered":"<p>L\u2019autoport\u00e9e\u00a0RAFALE 108 L \/ 16 K est compacte et simple d\u2019utilisation gr\u00e2ce aux commandes facile d\u2019acc\u00e8s sur le tableau de bord.<br \/>\nLe d\u00e9flecteur d\u2019\u00e9jection lat\u00e9rale permet une r\u00e9partition homog\u00e8ne de l\u2019herbe, pour un aspect propre et une biod\u00e9gradation rapide.<br \/>\nLa transmission hydrostatique permet de faire varier la vitesse d\u2019avancement de fa\u00e7on tr\u00e8s pr\u00e9cise en fonction de l\u2019intensit\u00e9 d\u2019appui sur la p\u00e9dale.<br \/>\nL\u2019obturateur de s\u00e9rie permet une conversion facile en mulching.<br \/>\nLe syst\u00e8me d\u2019embrayage \u00e9lectromagn\u00e9tique permet d\u2019enclencher les lames depuis le tableau de bord avec pr\u00e9cision et sans-\u00e0-coups.<\/p>","protected":false},"excerpt":{"rendered":"<p>Moteur :\u00a0EMAK K 1600 AVD<br \/>\nPuissance :\u00a016 ch<br \/>\nCylindr\u00e9e :\u00a0452 cm3<br \/>\nLargeur de coupe :\u00a0107 cm<br \/>\nTransmission :\u00a0hydrostatique<br \/>\nEmbrayage \u00e9lectromagn\u00e9tique :\u00a0de s\u00e9rie<br \/>\nAttelage remorque :\u00a0en option<br \/>\nObturateur mulching :\u00a0de s\u00e9rie<br \/>\nRaccord nettoyage :\u00a0de s\u00e9rie<br \/>\nChargeur de batterie :\u00a0de s\u00e9rie<br \/>\nDimensions roues (Avant\/Arri\u00e8re) :\u00a015\u2033 x 5 \u2013 6\u2033 \/ 18\u2033 x 8,5 \u2013 8\u2033<br \/>\nDimensions hors tout (L x l x h) :\u00a0172 x 119 x 110 cm<br \/>\nSurface recommand\u00e9e :\u00a0jusqu\u2019\u00e0 6 000 m2<br \/>\nPoids :\u00a0171 kg<br \/>\nGarantie :\u00a02 ans<br \/>\nDisponibilit\u00e9 des pi\u00e8ces d\u00e9tach\u00e9es :\u00a012 ans<\/p>","protected":false},"featured_media":39048,"comment_status":"open","ping_status":"closed","template":"","meta":[],"product_brand":[],"product_cat":[80],"product_tag":[],"class_list":{"0":"post-27484","1":"product","2":"type-product","3":"status-publish","4":"has-post-thumbnail","6":"product_cat-autoportees","8":"first","9":"instock","10":"sale","11":"shipping-taxable","12":"purchasable","13":"product-type-simple"},"_links":{"self":[{"href":"https:\/\/seize-machines.com\/en\/wp-json\/wp\/v2\/product\/27484","targetHints":{"allow":["GET"]}}],"collection":[{"href":"https:\/\/seize-machines.com\/en\/wp-json\/wp\/v2\/product"}],"about":[{"href":"https:\/\/seize-machines.com\/en\/wp-json\/wp\/v2\/types\/product"}],"replies":[{"embeddable":true,"href":"https:\/\/seize-machines.com\/en\/wp-json\/wp\/v2\/comments?post=27484"}],"version-history":[{"count":1,"href":"https:\/\/seize-machines.com\/en\/wp-json\/wp\/v2\/product\/27484\/revisions"}],"predecessor-version":[{"id":39050,"href":"https:\/\/seize-machines.com\/en\/wp-json\/wp\/v2\/product\/27484\/revisions\/39050"}],"wp:featuredmedia":[{"embeddable":true,"href":"https:\/\/seize-machines.com\/en\/wp-json\/wp\/v2\/media\/39048"}],"wp:attachment":[{"href":"https:\/\/seize-machines.com\/en\/wp-json\/wp\/v2\/media?parent=27484"}],"wp:term":[{"taxonomy":"product_brand","embeddable":true,"href":"https:\/\/seize-machines.com\/en\/wp-json\/wp\/v2\/product_brand?post=27484"},{"taxonomy":"product_cat","embeddable":true,"href":"https:\/\/seize-machines.com\/en\/wp-json\/wp\/v2\/product_cat?post=27484"},{"taxonomy":"product_tag","embeddable":true,"href":"https:\/\/seize-machines.com\/en\/wp-json\/wp\/v2\/product_tag?post=27484"}],"curies":[{"name":"wp","href":"https:\/\/api.w.org\/{rel}","templated":true}]}}