{"id":27480,"date":"2025-07-04T12:38:24","date_gmt":"2025-07-04T12:38:24","guid":{"rendered":"https:\/\/seize-machines.com\/?post_type=product&#038;p=27480"},"modified":"2025-07-04T12:38:28","modified_gmt":"2025-07-04T12:38:28","slug":"tondeuse-autoportee-alize-125-kh","status":"publish","type":"product","link":"https:\/\/seize-machines.com\/en\/product\/tondeuse-autoportee-alize-125-kh\/","title":{"rendered":"Tondeuse autoport\u00e9e ALIZE 12,5 KH"},"content":{"rendered":"<p>L\u2019autoport\u00e9e ALIZE 12,5 KH est caract\u00e9ris\u00e9e par une forme compacte et un faible rayon de braquage qui lui permet d\u2019\u00eatre \u00e0 l\u2019aise m\u00eame dans des espaces restreints.<br \/>\nLa transmission hydrostatique et le moteur Emak dot\u00e9 de la technologie AVD (anti-vibration device) rendent l\u2019utilisation de ce rider des plus agr\u00e9able.<br \/>\nLe confort d\u2019utilisation a \u00e9t\u00e9 pens\u00e9 d\u00e8s la conception de cette autoport\u00e9e : volant ergonomique, si\u00e8ge confort et facilit\u00e9 d\u2019acc\u00e8s.<br \/>\nL\u2019entretien est facilit\u00e9 gr\u00e2ce au syst\u00e8me de nettoyage du plateau de coupe \u201cDeck-wash\u201d.<br \/>\nSon stockage \u00e0 la verticale permet un gain de place lors du remisage.<br \/>\nL\u2019autoport\u00e9e peut \u00eatre \u00e9quip\u00e9e en option d\u2019un attelage remorque, un d\u00e9flecteur arri\u00e8re et d\u2019un obturateur mulching.<\/p>","protected":false},"excerpt":{"rendered":"<p>Moteur :\u00a0EMAK K 1250 AVD<br \/>\nPuissance :\u00a012,5 ch<br \/>\nCylindr\u00e9e :\u00a0414 cm3<br \/>\nLargeur de coupe :\u00a072 cm<br \/>\nTransmission :\u00a0hydrostatique<br \/>\nEmbrayage \u00e9lectromagn\u00e9tique :\u00a0de s\u00e9rie<br \/>\nContenance du bac :\u00a0180 L<br \/>\nAttelage remorque :\u00a0en option<br \/>\nD\u00e9flecteur arri\u00e8re :\u00a0en option<br \/>\nObturateur mulching :\u00a0en option<br \/>\nRaccord nettoyage :\u00a0de s\u00e9rie<br \/>\nChargeur de batterie :\u00a0de s\u00e9rie<br \/>\nDimensions roues (Avant\/Arri\u00e8re) :\u00a011\u2033 x 4,00 \u2013 4\u2033 \/ 15\u2033 x 6,00 \u2013 6\u2033<br \/>\nDimensions hors tout (L x l x h) :\u00a0198 x 73 x 110 cm<br \/>\nSurface recommand\u00e9e :\u00a0jusqu\u2019\u00e0 4 000 m2<br \/>\nPoids :\u00a0192 kg<br \/>\nGarantie :\u00a02 ans (dur\u00e9e l\u00e9gale) + 3 ans (extension commerciale)<br \/>\nDisponibilit\u00e9 des pi\u00e8ces d\u00e9tach\u00e9es :\u00a012 ans<\/p>","protected":false},"featured_media":39045,"comment_status":"open","ping_status":"closed","template":"","meta":[],"product_brand":[],"product_cat":[80],"product_tag":[],"class_list":{"0":"post-27480","1":"product","2":"type-product","3":"status-publish","4":"has-post-thumbnail","6":"product_cat-autoportees","8":"first","9":"instock","10":"sale","11":"shipping-taxable","12":"purchasable","13":"product-type-simple"},"_links":{"self":[{"href":"https:\/\/seize-machines.com\/en\/wp-json\/wp\/v2\/product\/27480","targetHints":{"allow":["GET"]}}],"collection":[{"href":"https:\/\/seize-machines.com\/en\/wp-json\/wp\/v2\/product"}],"about":[{"href":"https:\/\/seize-machines.com\/en\/wp-json\/wp\/v2\/types\/product"}],"replies":[{"embeddable":true,"href":"https:\/\/seize-machines.com\/en\/wp-json\/wp\/v2\/comments?post=27480"}],"version-history":[{"count":1,"href":"https:\/\/seize-machines.com\/en\/wp-json\/wp\/v2\/product\/27480\/revisions"}],"predecessor-version":[{"id":39047,"href":"https:\/\/seize-machines.com\/en\/wp-json\/wp\/v2\/product\/27480\/revisions\/39047"}],"wp:featuredmedia":[{"embeddable":true,"href":"https:\/\/seize-machines.com\/en\/wp-json\/wp\/v2\/media\/39045"}],"wp:attachment":[{"href":"https:\/\/seize-machines.com\/en\/wp-json\/wp\/v2\/media?parent=27480"}],"wp:term":[{"taxonomy":"product_brand","embeddable":true,"href":"https:\/\/seize-machines.com\/en\/wp-json\/wp\/v2\/product_brand?post=27480"},{"taxonomy":"product_cat","embeddable":true,"href":"https:\/\/seize-machines.com\/en\/wp-json\/wp\/v2\/product_cat?post=27480"},{"taxonomy":"product_tag","embeddable":true,"href":"https:\/\/seize-machines.com\/en\/wp-json\/wp\/v2\/product_tag?post=27480"}],"curies":[{"name":"wp","href":"https:\/\/api.w.org\/{rel}","templated":true}]}}