{"id":27476,"date":"2025-07-04T12:38:15","date_gmt":"2025-07-04T12:38:15","guid":{"rendered":"https:\/\/seize-machines.com\/?post_type=product&#038;p=27476"},"modified":"2025-07-04T12:38:23","modified_gmt":"2025-07-04T12:38:23","slug":"tondeuse-autoportee-alize-13-h","status":"publish","type":"product","link":"https:\/\/seize-machines.com\/en\/product\/tondeuse-autoportee-alize-13-h\/","title":{"rendered":"Tondeuse autoport\u00e9e ALIZE 13 H"},"content":{"rendered":"<p>L\u2019autoport\u00e9e ALIZE 13 H est caract\u00e9ris\u00e9e par une forme compacte et un faible rayon de braquage qui lui permet d\u2019\u00eatre \u00e0 l\u2019aise m\u00eame dans des espaces restreints.<br \/>\nEquip\u00e9 d\u2019un plateau de coupe 4 en 1, le rider ALIZE 13 H passe facilement du ramassage au mulching et de l\u2019\u00e9jection lat\u00e9rale \u00e0 l\u2019\u00e9jection arri\u00e8re (d\u00e9flecteur).<br \/>\nLa transmission hydrostatique coupl\u00e9e au moteur Briggs &amp; Stratton dot\u00e9 de la technologie AVS (Anti-vibration System) rendent l\u2019utilisation de ce rider des plus agr\u00e9able.<br \/>\nLe bouton d\u2019embrayage \u00e9lectromagn\u00e9tique permet d\u2019enclencher la lame par simple pression.<br \/>\nLe confort d\u2019utilisation a \u00e9t\u00e9 pens\u00e9 d\u00e8s la conception de cette autoport\u00e9e : volant ergonomique \u00absoft touch\u00bb, si\u00e8ge confort et facilit\u00e9 d\u2019acc\u00e8s.<br \/>\nL\u2019entretien est facilit\u00e9 gr\u00e2ce au syst\u00e8me de nettoyage du plateau de coupe \u201cDeck-wash\u201d.<br \/>\nSon stockage \u00e0 la verticale permet un gain de place lors du remisage.<\/p>","protected":false},"excerpt":{"rendered":"<p>Moteur :\u00a0BRIGGS&amp;STRATTON 3130 AVS<br \/>\nPuissance :\u00a013 ch<br \/>\nCylindr\u00e9e :\u00a0344 cm3<br \/>\nLargeur de coupe :\u00a072 cm<br \/>\nTransmission :\u00a0hydrostatique<br \/>\nEmbrayage \u00e9lectromagn\u00e9tique :\u00a0de s\u00e9rie<br \/>\nContenance du bac :\u00a0180 L<br \/>\nAttelage remorque :\u00a0de s\u00e9rie<br \/>\nD\u00e9flecteur arri\u00e8re :\u00a0en option<br \/>\nObturateur mulching :\u00a0de s\u00e9rie<br \/>\nRaccord nettoyage :\u00a0de s\u00e9rie<br \/>\nChargeur de batterie :\u00a0de s\u00e9rie<br \/>\nDimensions roues (Avant\/Arri\u00e8re) :\u00a015\u2033 x 5 \u2013 6\u2033 \/ 18\u2033 x 8,5 \u2013 8\u2033<br \/>\nDimensions hors tout (L x l x h) :\u00a0198 x 73 x 110 cm<br \/>\nSurface recommand\u00e9e :\u00a0jusqu\u2019\u00e0 5 000 m2<br \/>\nPoids :\u00a0192 kg<br \/>\nGarantie :\u00a02 ans (dur\u00e9e l\u00e9gale) + 3 ans (extension commerciale pour un usage domestique, hors moteur Briggs&amp;Stratton \u2013 voir Conditions G\u00e9n\u00e9rales de Ventes)<br \/>\nDisponibilit\u00e9 des pi\u00e8ces d\u00e9tach\u00e9es :\u00a012 ans<\/p>","protected":false},"featured_media":39041,"comment_status":"open","ping_status":"closed","template":"","meta":[],"product_brand":[],"product_cat":[80],"product_tag":[],"class_list":{"0":"post-27476","1":"product","2":"type-product","3":"status-publish","4":"has-post-thumbnail","6":"product_cat-autoportees","8":"first","9":"instock","10":"sale","11":"shipping-taxable","12":"purchasable","13":"product-type-simple"},"_links":{"self":[{"href":"https:\/\/seize-machines.com\/en\/wp-json\/wp\/v2\/product\/27476","targetHints":{"allow":["GET"]}}],"collection":[{"href":"https:\/\/seize-machines.com\/en\/wp-json\/wp\/v2\/product"}],"about":[{"href":"https:\/\/seize-machines.com\/en\/wp-json\/wp\/v2\/types\/product"}],"replies":[{"embeddable":true,"href":"https:\/\/seize-machines.com\/en\/wp-json\/wp\/v2\/comments?post=27476"}],"version-history":[{"count":1,"href":"https:\/\/seize-machines.com\/en\/wp-json\/wp\/v2\/product\/27476\/revisions"}],"predecessor-version":[{"id":39044,"href":"https:\/\/seize-machines.com\/en\/wp-json\/wp\/v2\/product\/27476\/revisions\/39044"}],"wp:featuredmedia":[{"embeddable":true,"href":"https:\/\/seize-machines.com\/en\/wp-json\/wp\/v2\/media\/39041"}],"wp:attachment":[{"href":"https:\/\/seize-machines.com\/en\/wp-json\/wp\/v2\/media?parent=27476"}],"wp:term":[{"taxonomy":"product_brand","embeddable":true,"href":"https:\/\/seize-machines.com\/en\/wp-json\/wp\/v2\/product_brand?post=27476"},{"taxonomy":"product_cat","embeddable":true,"href":"https:\/\/seize-machines.com\/en\/wp-json\/wp\/v2\/product_cat?post=27476"},{"taxonomy":"product_tag","embeddable":true,"href":"https:\/\/seize-machines.com\/en\/wp-json\/wp\/v2\/product_tag?post=27476"}],"curies":[{"name":"wp","href":"https:\/\/api.w.org\/{rel}","templated":true}]}}