{"id":27468,"date":"2025-07-04T12:38:02","date_gmt":"2025-07-04T12:38:02","guid":{"rendered":"https:\/\/seize-machines.com\/?post_type=product&#038;p=27468"},"modified":"2025-07-04T12:38:05","modified_gmt":"2025-07-04T12:38:05","slug":"tondeuse-autoportee-rafale-84-125-km","status":"publish","type":"product","link":"https:\/\/seize-machines.com\/en\/product\/tondeuse-autoportee-rafale-84-125-km\/","title":{"rendered":"Tondeuse autoport\u00e9e RAFALE 84 \/ 12,5 KM"},"content":{"rendered":"<p>Moteur :\u00a0EMAK K 1250 AVD<br \/>\nPuissance :\u00a012,5 ch<br \/>\nCylindr\u00e9e :\u00a0414 cm3<br \/>\nLargeur de coupe :\u00a083 cm<br \/>\nTransmission :\u00a0m\u00e9canique<br \/>\nEmbrayage \u00e9lectromagn\u00e9tique :\u00a0de s\u00e9rie<br \/>\nContenance du bac :\u00a0200 L<br \/>\nAttelage remorque :\u00a0en option<br \/>\nD\u00e9flecteur arri\u00e8re :\u00a0en option<br \/>\nObturateur mulching :\u00a0de s\u00e9rie<br \/>\nRaccord nettoyage :\u00a0de s\u00e9rie<br \/>\nChargeur de batterie :\u00a0de s\u00e9rie<br \/>\nDimensions roues (Avant\/Arri\u00e8re) :\u00a015\u2033 x 6 \u2013 6\u2033 \/ 20\u2033 x 10 \u2013 8\u2033<br \/>\nDimensions hors tout (L x l x h) :\u00a0234 x 90 x 109 cm<br \/>\nSurface recommand\u00e9e :\u00a0jusqu\u2019\u00e0 4 000 m2<br \/>\nPoids :\u00a0165 kg<br \/>\nGarantie :\u00a02 ans<br \/>\nDisponibilit\u00e9 des pi\u00e8ces d\u00e9tach\u00e9es :\u00a012 ans<\/p>","protected":false},"excerpt":{"rendered":"<p>L\u2019autoport\u00e9e RAFALE 84 \/ 12,5 KM est adapt\u00e9e aux surfaces moyennes jusqu\u2019\u00e0 4000 m\u00b2 et est tr\u00e8s maniable gr\u00e2ce \u00e0 son faible encombrement.<br \/>\nSa largeur de coupe est de 83 cm.<br \/>\nL\u2019\u00e9jection arri\u00e8re permet de ramasser l\u2019herbe dans son bac de 200 litres. L\u2019obturateur de s\u00e9rie permet une conversion facile en mulching.<br \/>\nLa transmission m\u00e9canique offre 5 vitesses avant et une marche arri\u00e8re.<br \/>\nLe syst\u00e8me d\u2019embrayage \u00e9lectromagn\u00e9tique permet d\u2019enclencher les lames depuis le tableau de bord avec pr\u00e9cision et sans-\u00e0-coups.<\/p>","protected":false},"featured_media":39033,"comment_status":"open","ping_status":"closed","template":"","meta":[],"product_brand":[],"product_cat":[80],"product_tag":[],"class_list":{"0":"post-27468","1":"product","2":"type-product","3":"status-publish","4":"has-post-thumbnail","6":"product_cat-autoportees","8":"first","9":"instock","10":"sale","11":"shipping-taxable","12":"purchasable","13":"product-type-simple"},"_links":{"self":[{"href":"https:\/\/seize-machines.com\/en\/wp-json\/wp\/v2\/product\/27468","targetHints":{"allow":["GET"]}}],"collection":[{"href":"https:\/\/seize-machines.com\/en\/wp-json\/wp\/v2\/product"}],"about":[{"href":"https:\/\/seize-machines.com\/en\/wp-json\/wp\/v2\/types\/product"}],"replies":[{"embeddable":true,"href":"https:\/\/seize-machines.com\/en\/wp-json\/wp\/v2\/comments?post=27468"}],"version-history":[{"count":1,"href":"https:\/\/seize-machines.com\/en\/wp-json\/wp\/v2\/product\/27468\/revisions"}],"predecessor-version":[{"id":39035,"href":"https:\/\/seize-machines.com\/en\/wp-json\/wp\/v2\/product\/27468\/revisions\/39035"}],"wp:featuredmedia":[{"embeddable":true,"href":"https:\/\/seize-machines.com\/en\/wp-json\/wp\/v2\/media\/39033"}],"wp:attachment":[{"href":"https:\/\/seize-machines.com\/en\/wp-json\/wp\/v2\/media?parent=27468"}],"wp:term":[{"taxonomy":"product_brand","embeddable":true,"href":"https:\/\/seize-machines.com\/en\/wp-json\/wp\/v2\/product_brand?post=27468"},{"taxonomy":"product_cat","embeddable":true,"href":"https:\/\/seize-machines.com\/en\/wp-json\/wp\/v2\/product_cat?post=27468"},{"taxonomy":"product_tag","embeddable":true,"href":"https:\/\/seize-machines.com\/en\/wp-json\/wp\/v2\/product_tag?post=27468"}],"curies":[{"name":"wp","href":"https:\/\/api.w.org\/{rel}","templated":true}]}}