{"id":27464,"date":"2025-07-04T12:37:58","date_gmt":"2025-07-04T12:37:58","guid":{"rendered":"https:\/\/seize-machines.com\/?post_type=product&#038;p=27464"},"modified":"2025-07-04T12:38:01","modified_gmt":"2025-07-04T12:38:01","slug":"tondeuse-autoportee-rafale-84-145-kh","status":"publish","type":"product","link":"https:\/\/seize-machines.com\/en\/product\/tondeuse-autoportee-rafale-84-145-kh\/","title":{"rendered":"Tondeuse autoport\u00e9e RAFALE 84 \/ 14,5 KH"},"content":{"rendered":"<p>Moteur :\u00a0EMAK K 1450 AVD<br \/>\nPuissance :\u00a014,5 ch<br \/>\nCylindr\u00e9e :\u00a0432 cm3<br \/>\nLargeur de coupe :\u00a083 cm<br \/>\nTransmission :\u00a0hydrostatique<br \/>\nEmbrayage \u00e9lectromagn\u00e9tique :\u00a0de s\u00e9rie<br \/>\nContenance du bac :\u00a0240 L<br \/>\nAttelage remorque :\u00a0en option<br \/>\nD\u00e9flecteur arri\u00e8re :\u00a0en option<br \/>\nObturateur mulching :\u00a0de s\u00e9rie<br \/>\nRaccord nettoyage :\u00a0de s\u00e9rie<br \/>\nChargeur de batterie :\u00a0de s\u00e9rie<br \/>\nDimensions roues (Avant\/Arri\u00e8re) :\u00a015\u2033 x 6 \u2013 6\u2033 \/ 18\u2033 x 8,5 \u2013 8\u2033<br \/>\nDimensions hors tout (L x l x h) :\u00a0234 x 90 x 109 cm<br \/>\nSurface recommand\u00e9e :\u00a0jusqu\u2019\u00e0 4 000 m2<br \/>\nPoids :\u00a0180 kg<br \/>\nGarantie :\u00a02 ans<br \/>\nDisponibilit\u00e9 des pi\u00e8ces d\u00e9tach\u00e9es :\u00a012 ans<\/p>","protected":false},"excerpt":{"rendered":"<p>L\u2019autoport\u00e9e RAFALE 84 \/ 14,5 KH offre un grand confort d\u2019utilisation gr\u00e2ce aux commandes facilement accessibles depuis le poste de conduite.<br \/>\nElle dispose d\u2019un syst\u00e8me de coupe 3 en 1 (ramassage, \u00e9jection arri\u00e8re et mulching) et d\u2019une largeur de coupe de 83 cm.<br \/>\nLa transmission hydrostatique permet une r\u00e9glage progressif de la vitesse et une marche lin\u00e9aire.<br \/>\nLe syst\u00e8me d\u2019enclenchement des lames \u00e0 embrayage \u00e9lectromagn\u00e9tique s\u2019engage facilement et assure l\u2019absence d\u2019\u00e0-coups.<\/p>","protected":false},"featured_media":39030,"comment_status":"open","ping_status":"closed","template":"","meta":[],"product_brand":[],"product_cat":[80],"product_tag":[],"class_list":{"0":"post-27464","1":"product","2":"type-product","3":"status-publish","4":"has-post-thumbnail","6":"product_cat-autoportees","8":"first","9":"instock","10":"sale","11":"shipping-taxable","12":"purchasable","13":"product-type-simple"},"_links":{"self":[{"href":"https:\/\/seize-machines.com\/en\/wp-json\/wp\/v2\/product\/27464","targetHints":{"allow":["GET"]}}],"collection":[{"href":"https:\/\/seize-machines.com\/en\/wp-json\/wp\/v2\/product"}],"about":[{"href":"https:\/\/seize-machines.com\/en\/wp-json\/wp\/v2\/types\/product"}],"replies":[{"embeddable":true,"href":"https:\/\/seize-machines.com\/en\/wp-json\/wp\/v2\/comments?post=27464"}],"version-history":[{"count":1,"href":"https:\/\/seize-machines.com\/en\/wp-json\/wp\/v2\/product\/27464\/revisions"}],"predecessor-version":[{"id":39032,"href":"https:\/\/seize-machines.com\/en\/wp-json\/wp\/v2\/product\/27464\/revisions\/39032"}],"wp:featuredmedia":[{"embeddable":true,"href":"https:\/\/seize-machines.com\/en\/wp-json\/wp\/v2\/media\/39030"}],"wp:attachment":[{"href":"https:\/\/seize-machines.com\/en\/wp-json\/wp\/v2\/media?parent=27464"}],"wp:term":[{"taxonomy":"product_brand","embeddable":true,"href":"https:\/\/seize-machines.com\/en\/wp-json\/wp\/v2\/product_brand?post=27464"},{"taxonomy":"product_cat","embeddable":true,"href":"https:\/\/seize-machines.com\/en\/wp-json\/wp\/v2\/product_cat?post=27464"},{"taxonomy":"product_tag","embeddable":true,"href":"https:\/\/seize-machines.com\/en\/wp-json\/wp\/v2\/product_tag?post=27464"}],"curies":[{"name":"wp","href":"https:\/\/api.w.org\/{rel}","templated":true}]}}