{"id":27460,"date":"2025-07-04T12:37:54","date_gmt":"2025-07-04T12:37:54","guid":{"rendered":"https:\/\/seize-machines.com\/?post_type=product&#038;p=27460"},"modified":"2025-07-04T12:37:57","modified_gmt":"2025-07-04T12:37:57","slug":"tondeuse-autoportee-blizzard-92-16-kh","status":"publish","type":"product","link":"https:\/\/seize-machines.com\/en\/product\/tondeuse-autoportee-blizzard-92-16-kh\/","title":{"rendered":"Tondeuse autoport\u00e9e BLIZZARD 92 \/ 16 KH"},"content":{"rendered":"<p>Moteur :\u00a0EMAK K 1600 AVD<br \/>\nPuissance :\u00a016 ch<br \/>\nCylindr\u00e9e :\u00a0452 cm3<br \/>\nLargeur de coupe :\u00a0102 cm<br \/>\nTransmission :\u00a0hydrostatique<br \/>\nEmbrayage \u00e9lectromagn\u00e9tique :\u00a0de s\u00e9rie<br \/>\nContenance du bac :\u00a0320 L<br \/>\nCompteur horaire :\u00a0de s\u00e9rie<br \/>\nAttelage remorque :\u00a0en option<br \/>\nD\u00e9flecteur arri\u00e8re :\u00a0en option<br \/>\nObturateur mulching :\u00a0\u2013<br \/>\nRaccord nettoyage :\u00a0de s\u00e9rie<br \/>\nChargeur de batterie :\u00a0en option<br \/>\nDimensions roues (Avant\/Arri\u00e8re) :\u00a016\u2033 x 6,50 \u2013 8\u2033 \/ 20\u2033 x 10 \u2013 8\u2033<br \/>\nDimensions hors tout (L x l x h) :\u00a0242 x 106 x 116 cm<br \/>\nSurface recommand\u00e9e :\u00a0jusqu\u2019\u00e0 7 000 m2<br \/>\nPoids :\u00a0271 kg<br \/>\nGarantie :\u00a02 ans<br \/>\nDisponibilit\u00e9 des pi\u00e8ces d\u00e9tach\u00e9es :\u00a012 ans<\/p>","protected":false},"excerpt":{"rendered":"<p>Particuli\u00e8rement adapt\u00e9e aux surfaces moyennes (jusqu\u2019\u00e0 5000 m\u00b2), elle est tr\u00e8s maniable gr\u00e2ce \u00e0 son rayon de braquage r\u00e9duit.<br \/>\nParfaite pour travailler de nombreuses heures sur des grandes surfaces, elle est munie d\u2019une transmission hydrostatique au pied \u00e0 double p\u00e9dale qui permet un avancement homog\u00e8ne et continu en toute situation.<br \/>\nLe syst\u00e8me d\u2019embrayage \u00e9lectromagn\u00e9tique permet d\u2019enclencher les lames, depuis le tableau de bord, avec pr\u00e9cision et sans \u00e0-coups.<br \/>\nL\u2019acc\u00e8s au r\u00e9servoir de carburant est ais\u00e9 avec une large goulotte de remplissage.<br \/>\nLa batterie, install\u00e9e sous le volant est facilement accessible.<\/p>","protected":false},"featured_media":39027,"comment_status":"open","ping_status":"closed","template":"","meta":[],"product_brand":[],"product_cat":[80],"product_tag":[],"class_list":{"0":"post-27460","1":"product","2":"type-product","3":"status-publish","4":"has-post-thumbnail","6":"product_cat-autoportees","8":"first","9":"instock","10":"sale","11":"shipping-taxable","12":"purchasable","13":"product-type-simple"},"_links":{"self":[{"href":"https:\/\/seize-machines.com\/en\/wp-json\/wp\/v2\/product\/27460","targetHints":{"allow":["GET"]}}],"collection":[{"href":"https:\/\/seize-machines.com\/en\/wp-json\/wp\/v2\/product"}],"about":[{"href":"https:\/\/seize-machines.com\/en\/wp-json\/wp\/v2\/types\/product"}],"replies":[{"embeddable":true,"href":"https:\/\/seize-machines.com\/en\/wp-json\/wp\/v2\/comments?post=27460"}],"version-history":[{"count":1,"href":"https:\/\/seize-machines.com\/en\/wp-json\/wp\/v2\/product\/27460\/revisions"}],"predecessor-version":[{"id":39029,"href":"https:\/\/seize-machines.com\/en\/wp-json\/wp\/v2\/product\/27460\/revisions\/39029"}],"wp:featuredmedia":[{"embeddable":true,"href":"https:\/\/seize-machines.com\/en\/wp-json\/wp\/v2\/media\/39027"}],"wp:attachment":[{"href":"https:\/\/seize-machines.com\/en\/wp-json\/wp\/v2\/media?parent=27460"}],"wp:term":[{"taxonomy":"product_brand","embeddable":true,"href":"https:\/\/seize-machines.com\/en\/wp-json\/wp\/v2\/product_brand?post=27460"},{"taxonomy":"product_cat","embeddable":true,"href":"https:\/\/seize-machines.com\/en\/wp-json\/wp\/v2\/product_cat?post=27460"},{"taxonomy":"product_tag","embeddable":true,"href":"https:\/\/seize-machines.com\/en\/wp-json\/wp\/v2\/product_tag?post=27460"}],"curies":[{"name":"wp","href":"https:\/\/api.w.org\/{rel}","templated":true}]}}