{"id":27426,"date":"2025-07-04T12:37:15","date_gmt":"2025-07-04T12:37:15","guid":{"rendered":"https:\/\/seize-machines.com\/?post_type=product&#038;p=27426"},"modified":"2025-07-04T12:37:16","modified_gmt":"2025-07-04T12:37:16","slug":"solo-by-al-ko-950-mm-t15-93-9hds-a","status":"publish","type":"product","link":"https:\/\/seize-machines.com\/en\/product\/solo-by-al-ko-950-mm-t15-93-9hds-a\/","title":{"rendered":"SOLO BY AL-KO 950 mm T15-93-9HDS-A"},"content":{"rendered":"<p>Blocage de diff\u00e9rentiel<br \/>\nNon<\/p>\n<p>Capacit\u00e9 de r\u00e9servoir<br \/>\n8\u00a0l<\/p>\n<p>Carburant<br \/>\nEssence<\/p>\n<p>Compteur horaire<br \/>\nNon<\/p>\n<p>Cylindr\u00e9e<br \/>\n452\u00a0cm3<\/p>\n<p>Dimensions (Lxlxh) avec bac<br \/>\n1900x1020x1140 mm<\/p>\n<p>Direction du ch\u00e2ssis<br \/>\nM\u00e9canique<\/p>\n<p>Ejection \/ Ramassage arri\u00e8re<br \/>\nEjection lat\u00e9rale<\/p>\n<p>Embrayage lame<br \/>\nElectromagn\u00e9tique<\/p>\n<p>Essieu avant<br \/>\nAcier<\/p>\n<p>Hauteur de coupe<br \/>\n300 \u00e0 900 mm<\/p>\n<p>Jauge carburant<br \/>\nNon<\/p>\n<p>Largeur de coupe<br \/>\n950\u00a0mm<\/p>\n<p>Marque<br \/>\nALKO<\/p>\n<p>Mati\u00e8re carter<br \/>\nAcier<\/p>\n<p>Mulching<br \/>\nDe s\u00e9rie<\/p>\n<p>Nombre de lames<br \/>\n2<\/p>\n<p>Nombre de position<br \/>\n6<\/p>\n<p>Nombre de vitesses<br \/>\nInfini<\/p>\n<p>Pneus arri\u00e8res<br \/>\n18\u00d78,5 po<\/p>\n<p>Pneus avants<br \/>\n15\u00d76 po<\/p>\n<p>Relevage de la coupe<br \/>\nManuel centralis\u00e9<\/p>\n<p>Si\u00e8ge r\u00e9glable<br \/>\nOui<\/p>\n<p>Superficie de travail<br \/>\n6000 \u00e0 7000 m2<\/p>\n<p>Tableau de bord<br \/>\nNon<\/p>\n<p>Type de bo\u00eete de vitesses<br \/>\nHydrostatique<\/p>\n<p>Type de commandes<br \/>\n2 p\u00e9dales<\/p>\n<p>Type de moteur<br \/>\nPro 450<\/p>\n<p>Code fabricant<\/p>\n<p>T15-93-9HDS-A<\/p>","protected":false},"excerpt":{"rendered":"<p>La T15-93-9HDS-A se dote d\u2019un si\u00e8ge ergonomique et d\u2019un moteur\u00a0AL-KO Pro 450. Cette machine s\u2019\u00e9quipe d\u2019un plateau de coupe \u00e0 \u00e9jection lat\u00e9rale \u00e0\u00a02 lames\u00a0de 950 millim\u00e8tres de largeur de travail.<br \/>\nSon avancement hydrostatique et ses larges roues arri\u00e8res lui permettent d\u2019avoir une grande capacit\u00e9 de traction et de franchissement pour s\u2019adapter \u00e0 tous les types de terrain.<br \/>\nB\u00e9n\u00e9ficiez de l\u2019extension de garantie offerte 2+2 par le constructeur en renseignant vos informations apr\u00e8s achat\u00a0ici.<br \/>\nContenu du colis<\/p>\n<p>Livr\u00e9 1 tondeuse autoport\u00e9e<\/p>","protected":false},"featured_media":39004,"comment_status":"open","ping_status":"closed","template":"","meta":[],"product_brand":[],"product_cat":[80],"product_tag":[],"class_list":{"0":"post-27426","1":"product","2":"type-product","3":"status-publish","4":"has-post-thumbnail","6":"product_cat-autoportees","8":"first","9":"instock","10":"shipping-taxable","11":"purchasable","12":"product-type-simple"},"_links":{"self":[{"href":"https:\/\/seize-machines.com\/en\/wp-json\/wp\/v2\/product\/27426","targetHints":{"allow":["GET"]}}],"collection":[{"href":"https:\/\/seize-machines.com\/en\/wp-json\/wp\/v2\/product"}],"about":[{"href":"https:\/\/seize-machines.com\/en\/wp-json\/wp\/v2\/types\/product"}],"replies":[{"embeddable":true,"href":"https:\/\/seize-machines.com\/en\/wp-json\/wp\/v2\/comments?post=27426"}],"version-history":[{"count":1,"href":"https:\/\/seize-machines.com\/en\/wp-json\/wp\/v2\/product\/27426\/revisions"}],"predecessor-version":[{"id":39005,"href":"https:\/\/seize-machines.com\/en\/wp-json\/wp\/v2\/product\/27426\/revisions\/39005"}],"wp:featuredmedia":[{"embeddable":true,"href":"https:\/\/seize-machines.com\/en\/wp-json\/wp\/v2\/media\/39004"}],"wp:attachment":[{"href":"https:\/\/seize-machines.com\/en\/wp-json\/wp\/v2\/media?parent=27426"}],"wp:term":[{"taxonomy":"product_brand","embeddable":true,"href":"https:\/\/seize-machines.com\/en\/wp-json\/wp\/v2\/product_brand?post=27426"},{"taxonomy":"product_cat","embeddable":true,"href":"https:\/\/seize-machines.com\/en\/wp-json\/wp\/v2\/product_cat?post=27426"},{"taxonomy":"product_tag","embeddable":true,"href":"https:\/\/seize-machines.com\/en\/wp-json\/wp\/v2\/product_tag?post=27426"}],"curies":[{"name":"wp","href":"https:\/\/api.w.org\/{rel}","templated":true}]}}