{"id":27423,"date":"2025-07-04T12:37:13","date_gmt":"2025-07-04T12:37:13","guid":{"rendered":"https:\/\/seize-machines.com\/?post_type=product&#038;p=27423"},"modified":"2025-07-04T12:37:14","modified_gmt":"2025-07-04T12:37:14","slug":"r316tx-husqvarna","status":"publish","type":"product","link":"https:\/\/seize-machines.com\/en\/product\/r316tx-husqvarna\/","title":{"rendered":"R316TX HUSQVARNA"},"content":{"rendered":"<p>Le rider R316TX est facile \u00e0 utiliser et polyvalente pour des performances et des r\u00e9sultats de haute qualit\u00e9. R\u00e9actif et intuitif, gr\u00e2ce \u00e0 de nombreuses fonctionnalit\u00e9s am\u00e9lior\u00e9es.<br \/>\nIl est \u00e9quip\u00e9e d\u2019un \u00e9cran intuitif, de double phares \u00e0 LED, du d\u00e9marrage facile et de la fonction de connexion Bluetooth permettant de contr\u00f4ler votre tondeuse autoport\u00e9e \u00e0 l\u2019aide de l\u2019application Connect.<br \/>\nL\u2019affichage intuitif communique avec le conducteur par le biais de symboles visuels et de signaux sonores, aide \u00e0 la manipulation et fournit des donn\u00e9es et des avertissements en temps r\u00e9el.<\/p>\n<p>Fiche technique<\/p>\n<p>Avantages du produit<br \/>\nCompatible Husqvarna Connect, phares LED double positions, moteur KAWASAKI bicylindre,<br \/>\nMoteur<br \/>\nKAWASAKI FS 481V Twin bicylindre<br \/>\nPuissance<br \/>\n9.6 kW<br \/>\nCylindr\u00e9e (cm3)<br \/>\n603 cm3 bicylindre<br \/>\nLargeur de travail<br \/>\n94,103,112 cm<br \/>\nCarter de coupe<br \/>\nBioClip 2 en 1 (mulching + \u00e9jection arri\u00e8re) 3 lames<br \/>\nAvancement \/ Entrainement<br \/>\nTransmission hydrostatique au pied<br \/>\nSurface conseill\u00e9e max.<br \/>\n8000 m\u00b2<br \/>\nGarantie<br \/>\n2 ans<\/p>","protected":false},"excerpt":{"rendered":"<p>Le rider R316TX est facile \u00e0 utiliser et polyvalente pour des performances et des r\u00e9sultats de haute qualit\u00e9. R\u00e9actif et intuitif, gr\u00e2ce \u00e0 de nombreuses fonctionnalit\u00e9s am\u00e9lior\u00e9es.<br \/>\nIl est \u00e9quip\u00e9e d\u2019un \u00e9cran intuitif, de double phares \u00e0 LED, du d\u00e9marrage facile et de la fonction de connexion Bluetooth permettant de contr\u00f4ler votre tondeuse autoport\u00e9e \u00e0 l\u2019aide de l\u2019application Connect.<br \/>\nL\u2019affichage intuitif communique avec le conducteur par le biais de symboles visuels et de signaux sonores, aide \u00e0 la manipulation et fournit des donn\u00e9es et des avertissements en temps r\u00e9el.<\/p>","protected":false},"featured_media":39002,"comment_status":"open","ping_status":"closed","template":"","meta":[],"product_brand":[],"product_cat":[80],"product_tag":[],"class_list":{"0":"post-27423","1":"product","2":"type-product","3":"status-publish","4":"has-post-thumbnail","6":"product_cat-autoportees","8":"first","9":"instock","10":"shipping-taxable","11":"purchasable","12":"product-type-simple"},"_links":{"self":[{"href":"https:\/\/seize-machines.com\/en\/wp-json\/wp\/v2\/product\/27423","targetHints":{"allow":["GET"]}}],"collection":[{"href":"https:\/\/seize-machines.com\/en\/wp-json\/wp\/v2\/product"}],"about":[{"href":"https:\/\/seize-machines.com\/en\/wp-json\/wp\/v2\/types\/product"}],"replies":[{"embeddable":true,"href":"https:\/\/seize-machines.com\/en\/wp-json\/wp\/v2\/comments?post=27423"}],"version-history":[{"count":1,"href":"https:\/\/seize-machines.com\/en\/wp-json\/wp\/v2\/product\/27423\/revisions"}],"predecessor-version":[{"id":39003,"href":"https:\/\/seize-machines.com\/en\/wp-json\/wp\/v2\/product\/27423\/revisions\/39003"}],"wp:featuredmedia":[{"embeddable":true,"href":"https:\/\/seize-machines.com\/en\/wp-json\/wp\/v2\/media\/39002"}],"wp:attachment":[{"href":"https:\/\/seize-machines.com\/en\/wp-json\/wp\/v2\/media?parent=27423"}],"wp:term":[{"taxonomy":"product_brand","embeddable":true,"href":"https:\/\/seize-machines.com\/en\/wp-json\/wp\/v2\/product_brand?post=27423"},{"taxonomy":"product_cat","embeddable":true,"href":"https:\/\/seize-machines.com\/en\/wp-json\/wp\/v2\/product_cat?post=27423"},{"taxonomy":"product_tag","embeddable":true,"href":"https:\/\/seize-machines.com\/en\/wp-json\/wp\/v2\/product_tag?post=27423"}],"curies":[{"name":"wp","href":"https:\/\/api.w.org\/{rel}","templated":true}]}}