{"id":27414,"date":"2025-07-04T12:37:04","date_gmt":"2025-07-04T12:37:04","guid":{"rendered":"https:\/\/seize-machines.com\/?post_type=product&#038;p=27414"},"modified":"2025-07-04T12:37:06","modified_gmt":"2025-07-04T12:37:06","slug":"john-deere-x-155-r","status":"publish","type":"product","link":"https:\/\/seize-machines.com\/en\/product\/john-deere-x-155-r\/","title":{"rendered":"JOHN DEERE X 155 R"},"content":{"rendered":"","protected":false},"excerpt":{"rendered":"<p>Tous les aspects du tracteur de jardin\u00a0X155R\u00a0t\u00e9moignent de sa\u00a0fiabilit\u00e9, sa\u00a0durabilit\u00e9\u00a0et sa\u00a0puissance, notamment sa structure en acier soud\u00e9 et son pont avant en fonte.<br \/>\nDot\u00e9 d\u2019un syst\u00e8me automatique de ramassage arri\u00e8re, il permet d\u2019atteindre une finition\u00a0parfaite. Par ailleurs, il est\u00a0tr\u00e8s facile\u00a0\u00e0 utiliser, gr\u00e2ce \u00e0 son poste de conduite ergonomique, ses phares de qualit\u00e9 et son choix infini de vitesses de d\u00e9placement.<br \/>\nSimplicit\u00e9\u00a0d\u2019acquisition. Simplicit\u00e9\u00a0d\u2019utilisation. Simplicit\u00e9\u00a0d\u2019entretien. Le tracteur de jardin\u00a0X155R.<\/p>\n<p>Surface maximale conseill\u00e9e<br \/>\n6000 m\u00b2<\/p>\n<p>Largeur de coupe<br \/>\n107 cm<\/p>\n<p>Nombre de lame<br \/>\n2 lames<\/p>\n<p>Hauteur de coupe<br \/>\n7 de 25 \u00e0 101 mm<\/p>\n<p>Embrayage de lame<br \/>\n\u00e9lectromagn\u00e9tique<\/p>\n<p>Moteur<br \/>\nBRIGGS &amp; STRATTON \u2013 656 cm3 bicylindre<\/p>\n<p>Puissance<br \/>\n9,7 kW \u00e0 3150 trs\/min<\/p>\n<p>Transmission<br \/>\nhydrostatique<\/p>\n<p>Capacit\u00e9 du bac<br \/>\n300 litres<\/p>\n<p>Vidange du bac<br \/>\nmanuel<\/p>\n<p>Mulching<br \/>\nen option<\/p>\n<p>Poids<br \/>\n230 kg<\/p>\n<p>Dur\u00e9e de la garantie<br \/>\n2 ans<\/p>","protected":false},"featured_media":38997,"comment_status":"open","ping_status":"closed","template":"","meta":[],"product_brand":[],"product_cat":[80],"product_tag":[],"class_list":{"0":"post-27414","1":"product","2":"type-product","3":"status-publish","4":"has-post-thumbnail","6":"product_cat-autoportees","8":"first","9":"instock","10":"shipping-taxable","11":"purchasable","12":"product-type-simple"},"_links":{"self":[{"href":"https:\/\/seize-machines.com\/en\/wp-json\/wp\/v2\/product\/27414","targetHints":{"allow":["GET"]}}],"collection":[{"href":"https:\/\/seize-machines.com\/en\/wp-json\/wp\/v2\/product"}],"about":[{"href":"https:\/\/seize-machines.com\/en\/wp-json\/wp\/v2\/types\/product"}],"replies":[{"embeddable":true,"href":"https:\/\/seize-machines.com\/en\/wp-json\/wp\/v2\/comments?post=27414"}],"version-history":[{"count":1,"href":"https:\/\/seize-machines.com\/en\/wp-json\/wp\/v2\/product\/27414\/revisions"}],"predecessor-version":[{"id":38998,"href":"https:\/\/seize-machines.com\/en\/wp-json\/wp\/v2\/product\/27414\/revisions\/38998"}],"wp:featuredmedia":[{"embeddable":true,"href":"https:\/\/seize-machines.com\/en\/wp-json\/wp\/v2\/media\/38997"}],"wp:attachment":[{"href":"https:\/\/seize-machines.com\/en\/wp-json\/wp\/v2\/media?parent=27414"}],"wp:term":[{"taxonomy":"product_brand","embeddable":true,"href":"https:\/\/seize-machines.com\/en\/wp-json\/wp\/v2\/product_brand?post=27414"},{"taxonomy":"product_cat","embeddable":true,"href":"https:\/\/seize-machines.com\/en\/wp-json\/wp\/v2\/product_cat?post=27414"},{"taxonomy":"product_tag","embeddable":true,"href":"https:\/\/seize-machines.com\/en\/wp-json\/wp\/v2\/product_tag?post=27414"}],"curies":[{"name":"wp","href":"https:\/\/api.w.org\/{rel}","templated":true}]}}