{"id":27411,"date":"2025-07-04T12:37:03","date_gmt":"2025-07-04T12:37:03","guid":{"rendered":"https:\/\/seize-machines.com\/?post_type=product&#038;p=27411"},"modified":"2025-07-04T12:37:04","modified_gmt":"2025-07-04T12:37:04","slug":"rt-6127-1-zl-stihl","status":"publish","type":"product","link":"https:\/\/seize-machines.com\/en\/product\/rt-6127-1-zl-stihl\/","title":{"rendered":"RT 6127.1 ZL STIHL"},"content":{"rendered":"<p>Les tracteurs de pelouse s\u00e9ries RT5 et RT6 ont \u00e9t\u00e9 con\u00e7us et d\u00e9velopp\u00e9s \u00e0 100% par les ing\u00e9nieurs de STIHL. Ces tracteurs de pelouse STIHL combinent un niveau de qualit\u00e9 irr\u00e9prochable et des techniques novatrices uniques. Performances de coupe et confort de conduite exceptionnel sont les atouts majeurs de cette gamme compos\u00e9e de 3 largeurs de coupes diff\u00e9rentes, d\u2019un choix de motorisations vari\u00e9 et d\u2019une technique d\u2019avancement par bo\u00eete hydrostatique.<\/p>\n<p>Largeur de coupe\u00a0: 125 cm<br \/>\nSuperficie du terrain\u00a0: 10 000 m2<br \/>\nMoteur bicylindre\u00a0: STIHL EVC 8000 \u2013 764 cm3 \u2013 15.6 kW<br \/>\nBac de ramassage\u00a0: 350 l<br \/>\nPlateau de coupe synchronis\u00e9\u00a0: les deux lames du plateau de coupe sont d\u00e9cal\u00e9es de 90 degr\u00e9s. Leur synchronisation permet aux couteaux de s\u2019embo\u00eeter sans contact. Il en r\u00e9sulte une qualit\u00e9 de coupe constante ainsi qu\u2019un transport optimal de l\u2019herbe vers le canal d\u2019\u00e9jection.<br \/>\nEmbrayage de lame \u00e9lectromagn\u00e9tique\u00a0: depuis le tableau de bord, il est possible d\u2019activer ou de d\u00e9sactiver facilement les lames du plateau de coupe.<br \/>\nPlateau de coupe avec diviseurs\u00a0: gr\u00e2ce aux diviseurs, l\u2019herbe est saisie sur les bords du plateau de coupe et achemin\u00e9e vers la lame. Ceci permet de couper avec une tr\u00e8s grande pr\u00e9cision les bords de pelouse.<br \/>\nSi\u00e8ge r\u00e9glable \u00e0 suspension\u00a0: le si\u00e8ge peut \u00eatre r\u00e9gl\u00e9 pour s\u2019adapter \u00e0 la morphologie du conducteur. Il peut \u00eatre r\u00e9gl\u00e9 instantan\u00e9ment et sans outil.<br \/>\nEntra\u00eenement hydrostatique \u00e0 p\u00e9dale unique\u00a0: le levier de commande permet de passer de la marche avant \u00e0 la marche arri\u00e8re en tout confort, ce qui facilite les man\u0153uvres rapides. La p\u00e9dale sensible \u00e0 la pression permet une gradation pr\u00e9cise du tempo entre la vitesse maximale et l\u2019arr\u00eat. La p\u00e9dale de frein s\u00e9par\u00e9e assure un arr\u00eat imm\u00e9diat.<br \/>\nVidage du bac de ramassage facile\u00a0: le bac de ramassage rigide en forme de godet se vide en tout confort sans quitter le si\u00e8ge et se nettoie facilement gr\u00e2ce son design bien pens\u00e9.<\/p>\n<p>Fiche technique<\/p>\n<p>Avantages du produit<br \/>\nMoteur bicylindre STIHL, bac de ramassage de 350 litres, transmission hydrostatique, embrayage \u00e9lectromagn\u00e9tique<br \/>\nConseil du pro<br \/>\n3 largeurs de coupes diff\u00e9rentes, choix de motorisations vari\u00e9 et technique d\u2019avancement par bo\u00eete hydrostatique.<br \/>\nMoteur<br \/>\nMoteur 4 temps bicylindre STIHL EVC 8000 \u2013 764 cm3 \u2013 15.6 kW<br \/>\nRamassage<br \/>\nBac de ramassage rigide 350 litres<br \/>\nCarter de coupe<br \/>\nLargeur de coupe 125 cm \u00e9jection arri\u00e8re<br \/>\nAvancement \/ Entrainement<br \/>\nTransmission hydrostatique \u00e0 p\u00e9dale unique<br \/>\nSurface conseill\u00e9e max.<br \/>\n10 000 M2<br \/>\nGarantie<br \/>\n2 ans<\/p>","protected":false},"excerpt":{"rendered":"<p>Les tracteurs de pelouse s\u00e9ries RT5 et RT6 ont \u00e9t\u00e9 con\u00e7us et d\u00e9velopp\u00e9s \u00e0 100% par les ing\u00e9nieurs de STIHL.<\/p>","protected":false},"featured_media":38995,"comment_status":"open","ping_status":"closed","template":"","meta":[],"product_brand":[],"product_cat":[80],"product_tag":[],"class_list":{"0":"post-27411","1":"product","2":"type-product","3":"status-publish","4":"has-post-thumbnail","6":"product_cat-autoportees","8":"first","9":"instock","10":"shipping-taxable","11":"purchasable","12":"product-type-simple"},"_links":{"self":[{"href":"https:\/\/seize-machines.com\/en\/wp-json\/wp\/v2\/product\/27411","targetHints":{"allow":["GET"]}}],"collection":[{"href":"https:\/\/seize-machines.com\/en\/wp-json\/wp\/v2\/product"}],"about":[{"href":"https:\/\/seize-machines.com\/en\/wp-json\/wp\/v2\/types\/product"}],"replies":[{"embeddable":true,"href":"https:\/\/seize-machines.com\/en\/wp-json\/wp\/v2\/comments?post=27411"}],"version-history":[{"count":1,"href":"https:\/\/seize-machines.com\/en\/wp-json\/wp\/v2\/product\/27411\/revisions"}],"predecessor-version":[{"id":38996,"href":"https:\/\/seize-machines.com\/en\/wp-json\/wp\/v2\/product\/27411\/revisions\/38996"}],"wp:featuredmedia":[{"embeddable":true,"href":"https:\/\/seize-machines.com\/en\/wp-json\/wp\/v2\/media\/38995"}],"wp:attachment":[{"href":"https:\/\/seize-machines.com\/en\/wp-json\/wp\/v2\/media?parent=27411"}],"wp:term":[{"taxonomy":"product_brand","embeddable":true,"href":"https:\/\/seize-machines.com\/en\/wp-json\/wp\/v2\/product_brand?post=27411"},{"taxonomy":"product_cat","embeddable":true,"href":"https:\/\/seize-machines.com\/en\/wp-json\/wp\/v2\/product_cat?post=27411"},{"taxonomy":"product_tag","embeddable":true,"href":"https:\/\/seize-machines.com\/en\/wp-json\/wp\/v2\/product_tag?post=27411"}],"curies":[{"name":"wp","href":"https:\/\/api.w.org\/{rel}","templated":true}]}}