{"id":27399,"date":"2025-07-04T12:36:52","date_gmt":"2025-07-04T12:36:52","guid":{"rendered":"https:\/\/seize-machines.com\/?post_type=product&#038;p=27399"},"modified":"2025-07-04T12:36:53","modified_gmt":"2025-07-04T12:36:53","slug":"ztx105-lat-snapper-largeur-91-cm-tondeuse-ejection-laterale","status":"publish","type":"product","link":"https:\/\/seize-machines.com\/en\/product\/ztx105-lat-snapper-largeur-91-cm-tondeuse-ejection-laterale\/","title":{"rendered":"ZTX105\/LAT SNAPPER \u2013 largeur 91 cm \u2013 tondeuse \u00e9jection lat\u00e9rale"},"content":{"rendered":"<p>Caract\u00e9ristiques techniques<\/p>\n<p>Bo\u00eete de vitesse<br \/>\nHydrostatique<\/p>\n<p>Capacit\u00e9 du r\u00e9servoir<br \/>\n11\u00a0l<\/p>\n<p>Cylindr\u00e9e<br \/>\n656\u00a0cm3<\/p>\n<p>Diam\u00e8tre des roues arri\u00e8re<br \/>\n18 x 6,5\u00a0cm<\/p>\n<p>Diam\u00e8tre des roues avant<br \/>\n11 x 4\u00a0cm<\/p>\n<p>D\u00e9marrage<br \/>\n\u00c9lectrique<\/p>\n<p>Hauteur de coupe<br \/>\n38 \u00e0 108\u00a0mm<\/p>\n<p>Largeur de coupe<br \/>\n91\u00a0cm<\/p>\n<p>Marque<br \/>\nSNAPPER<\/p>\n<p>Mod\u00e8le du moteur<br \/>\nBriggs &amp; Stratton s\u00e9rie 7200 V-Twin<\/p>\n<p>Nombre de lames<br \/>\n2<\/p>\n<p>Nombre de positions<br \/>\n7<\/p>\n<p>Poids<br \/>\n231\u00a0kg<\/p>\n<p>Surface de tonte conseill\u00e9e<br \/>\n6500\u00a0m2<\/p>\n<p>Type d\u2019\u00e9jection<br \/>\nLat\u00e9rale<\/p>\n<p>Vitesse en marche arri\u00e8re<br \/>\n0 \u2013 4\u00a0km\/h<\/p>\n<p>Vitesse en marche avant<br \/>\n0 \u2013 8\u00a0km\/h<\/p>\n<p>Code fabricant<\/p>\n<p>ZTX105\/LAT<\/p>","protected":false},"excerpt":{"rendered":"<p>La tondeuse autoport\u00e9e \u2013 ZTX105\/LAT de la marque SNAPPER poss\u00e8de\u00a0un puissant moteur Briggs &amp; Stratton\u00a0s\u00e9rie 7200 V-Twin avec une transmission hydrostatique ind\u00e9pendante.<br \/>\nLes deux leviers actionn\u00e9s ind\u00e9pendamment pilotent la direction droite\/gauche. Lorsqu\u2019ils sont actionn\u00e9s en opposition, ils permettent\u00a0une rotation sur place.<br \/>\nGr\u00e2ce \u00e0 sa\u00a0maniabilit\u00e9, il est possible de passer dans les endroits m\u00eame les plus \u00e9troits.<br \/>\nLe si\u00e8ge est \u00e9quip\u00e9 d\u2019accoudoirs pour un meilleur confort.<br \/>\nElle est id\u00e9ale pour couper l\u2019herbe sur de grandes surfaces jusqu\u2019\u00e0 6 500 m2.<\/p>","protected":false},"featured_media":38987,"comment_status":"open","ping_status":"closed","template":"","meta":[],"product_brand":[],"product_cat":[80],"product_tag":[],"class_list":{"0":"post-27399","1":"product","2":"type-product","3":"status-publish","4":"has-post-thumbnail","6":"product_cat-autoportees","8":"first","9":"instock","10":"shipping-taxable","11":"purchasable","12":"product-type-simple"},"_links":{"self":[{"href":"https:\/\/seize-machines.com\/en\/wp-json\/wp\/v2\/product\/27399","targetHints":{"allow":["GET"]}}],"collection":[{"href":"https:\/\/seize-machines.com\/en\/wp-json\/wp\/v2\/product"}],"about":[{"href":"https:\/\/seize-machines.com\/en\/wp-json\/wp\/v2\/types\/product"}],"replies":[{"embeddable":true,"href":"https:\/\/seize-machines.com\/en\/wp-json\/wp\/v2\/comments?post=27399"}],"version-history":[{"count":1,"href":"https:\/\/seize-machines.com\/en\/wp-json\/wp\/v2\/product\/27399\/revisions"}],"predecessor-version":[{"id":38988,"href":"https:\/\/seize-machines.com\/en\/wp-json\/wp\/v2\/product\/27399\/revisions\/38988"}],"wp:featuredmedia":[{"embeddable":true,"href":"https:\/\/seize-machines.com\/en\/wp-json\/wp\/v2\/media\/38987"}],"wp:attachment":[{"href":"https:\/\/seize-machines.com\/en\/wp-json\/wp\/v2\/media?parent=27399"}],"wp:term":[{"taxonomy":"product_brand","embeddable":true,"href":"https:\/\/seize-machines.com\/en\/wp-json\/wp\/v2\/product_brand?post=27399"},{"taxonomy":"product_cat","embeddable":true,"href":"https:\/\/seize-machines.com\/en\/wp-json\/wp\/v2\/product_cat?post=27399"},{"taxonomy":"product_tag","embeddable":true,"href":"https:\/\/seize-machines.com\/en\/wp-json\/wp\/v2\/product_tag?post=27399"}],"curies":[{"name":"wp","href":"https:\/\/api.w.org\/{rel}","templated":true}]}}