{"id":27387,"date":"2025-07-04T12:36:35","date_gmt":"2025-07-04T12:36:35","guid":{"rendered":"https:\/\/seize-machines.com\/?post_type=product&#038;p=27387"},"modified":"2025-07-04T12:36:37","modified_gmt":"2025-07-04T12:36:37","slug":"tondeuse-a-braquage-zero-z242f-husqvarna","status":"publish","type":"product","link":"https:\/\/seize-machines.com\/en\/product\/tondeuse-a-braquage-zero-z242f-husqvarna\/","title":{"rendered":"Tondeuse \u00e0 braquage z\u00e9ro Z242F HUSQVARNA"},"content":{"rendered":"<p>Plateau de coupe de technologie ClearCut\u2122:La nouvelle norme de fabrication se caract\u00e9rise par un assemblage en acier soud\u00e9 de calibre 10 int\u00e9grant des bandes de renfort soud\u00e9es suppl\u00e9mentaires pour une durabilit\u00e9 accrue.<\/p>\n<p>Plateau de coupe hautes performances: La technologie de plateaux de coupe ClearCut\u2122 propose des plateaux de coupe profonds, des d\u00e9flecteurs de contr\u00f4le du passage de l\u2019air, des lames hautes performances et une \u00e9vacuation par le haut pour des performances de coupe sup\u00e9rieures, que ce soit en \u00e9jection lat\u00e9rale, en ramassage ou en mulching.<\/p>\n<p>Transmission sans entretien: Un fonctionnement sans souci et qui ne necessite aucun entretien pour les transmissions int\u00e9gr\u00e9es des ZTH.<\/p>\n<p>Moteur Endurance bicylindre: Le moteur con\u00e7u par Briggs et Stratton est \u00e9quip\u00e9 d\u2019un filtre \u00e0 air de qualit\u00e9, de valves plaqu\u00e9es chrome, de surfaces de roulement tr\u00e8s bien finies et d\u2019un ventilateur de refroidissement surdimensionn\u00e9 pour une dur\u00e9e de vie hors pair et des performances maximum.<\/p>\n<p>Fiche technique<\/p>\n<p>Avantages du produit<br \/>\nManoeuvrabilit\u00e9 exceptionnelle, virage sur place, tr\u00e8s grande productivit\u00e9, plateau de coupe renforc\u00e9<br \/>\nConseil du pro<br \/>\nProduit livr\u00e9 en carton. Attention pr\u00e9voir montage.<br \/>\nMoteur<br \/>\nBriggs &amp; Stratton V-Twin Endurance \u2013 724 cc \u2013 d\u00e9marrage \u00e9lectrique<br \/>\nRamassage<br \/>\nEn option<br \/>\nCarter de coupe<br \/>\n107 cm \u2013 \u00e9jection lat\u00e9rale \/ \u00e9jection \u2013 hauteur de coupe de 38 \u00e0\u00a0 102 mm r\u00e9glage centralis\u00e9 \u2013 6 positions<br \/>\nAvancement \/ Entrainement<br \/>\nHydrostatique par 2 groupes moteur-pompe HydroGear EZT \u2013 commande par double levier<br \/>\nPoids<br \/>\n263 kg<br \/>\nSurface conseill\u00e9e max.<br \/>\n8000 m\u00b2<br \/>\nGarantie<br \/>\n2 ans<br \/>\nEquipement(s) sp\u00e9cifique(s)<br \/>\nCarter soud\u00e9 haute r\u00e9sistance, lames soufflantes, si\u00e8ge r\u00e9glable basculant, connecteur pour tuyau d\u2019arrosage, porte-gobelet<\/p>","protected":false},"excerpt":{"rendered":"<p>Performances et style vont main dans la main sur les toutes nouvelles tondeuses \u00e0 rayon de braquage z\u00e9ro de la s\u00e9rie Z200. Une conception de pointe, des performances \u00e9prouv\u00e9es et de nouvelles fonctionnalit\u00e9s innovantes s\u2019associent pour faire de l\u2019entretien de pelouse un \u00e9v\u00e9nement plut\u00f4t qu\u2019une corv\u00e9e.<\/p>","protected":false},"featured_media":38979,"comment_status":"open","ping_status":"closed","template":"","meta":[],"product_brand":[],"product_cat":[80],"product_tag":[],"class_list":{"0":"post-27387","1":"product","2":"type-product","3":"status-publish","4":"has-post-thumbnail","6":"product_cat-autoportees","8":"first","9":"instock","10":"shipping-taxable","11":"purchasable","12":"product-type-simple"},"_links":{"self":[{"href":"https:\/\/seize-machines.com\/en\/wp-json\/wp\/v2\/product\/27387","targetHints":{"allow":["GET"]}}],"collection":[{"href":"https:\/\/seize-machines.com\/en\/wp-json\/wp\/v2\/product"}],"about":[{"href":"https:\/\/seize-machines.com\/en\/wp-json\/wp\/v2\/types\/product"}],"replies":[{"embeddable":true,"href":"https:\/\/seize-machines.com\/en\/wp-json\/wp\/v2\/comments?post=27387"}],"version-history":[{"count":1,"href":"https:\/\/seize-machines.com\/en\/wp-json\/wp\/v2\/product\/27387\/revisions"}],"predecessor-version":[{"id":38980,"href":"https:\/\/seize-machines.com\/en\/wp-json\/wp\/v2\/product\/27387\/revisions\/38980"}],"wp:featuredmedia":[{"embeddable":true,"href":"https:\/\/seize-machines.com\/en\/wp-json\/wp\/v2\/media\/38979"}],"wp:attachment":[{"href":"https:\/\/seize-machines.com\/en\/wp-json\/wp\/v2\/media?parent=27387"}],"wp:term":[{"taxonomy":"product_brand","embeddable":true,"href":"https:\/\/seize-machines.com\/en\/wp-json\/wp\/v2\/product_brand?post=27387"},{"taxonomy":"product_cat","embeddable":true,"href":"https:\/\/seize-machines.com\/en\/wp-json\/wp\/v2\/product_cat?post=27387"},{"taxonomy":"product_tag","embeddable":true,"href":"https:\/\/seize-machines.com\/en\/wp-json\/wp\/v2\/product_tag?post=27387"}],"curies":[{"name":"wp","href":"https:\/\/api.w.org\/{rel}","templated":true}]}}