{"id":27382,"date":"2025-07-04T12:36:31","date_gmt":"2025-07-04T12:36:31","guid":{"rendered":"https:\/\/seize-machines.com\/?post_type=product&#038;p=27382"},"modified":"2025-07-04T12:36:31","modified_gmt":"2025-07-04T12:36:31","slug":"combisysteme-moteur-thermique-km131r-stihl","status":"publish","type":"product","link":"https:\/\/seize-machines.com\/en\/product\/combisysteme-moteur-thermique-km131r-stihl\/","title":{"rendered":"CombiSyst\u00e8me \u2013 Moteur thermique KM131R STIHL"},"content":{"rendered":"<p>Cellule moteur CombiSyst\u00e8me KM 131R STIHL, simple \u00e0\u00a0 combiner avec une large gamme d\u2019accessoires.<br \/>\nCellule moteur KM 131R d\u2019une puissance de 36.3 cc, la plus performante et polyvalente. Poign\u00e9e circulaire, moteur 4-MIX \u00e0 d\u00e9compression automatique.<br \/>\nId\u00e9al pour les travaux d\u2019entretien autour de la maison et du jardin ainsi que sur les grands terrains.<br \/>\n11 outils disponibles sur la cellule moteur KM 131R CombiSyst\u00e8me. Un seul moteur pour d\u00e9broussailler, souffler, sarcler, balayer, scier, tailler\u2026 ces outils sont pratiques pour toutes les t\u00e2ches du jardin.<br \/>\nDe plus Jardins Loisirs vous propose une\u00a0extension de garantie \u201cSTIHL MotoMix\u201c(Exclusivement r\u00e9serv\u00e9e aux utilisateurs particuliers et aux machines STIHL)<br \/>\nElle proroge la p\u00e9riode de garantie de 2 ans, soit une\u00a0garantie de 4 ans\u00a0au total, valable pour l\u2019achat d\u2019une machine \u00e0 moteur thermique STIHL\u00a0jusqu\u2019au\u00a031\u00a0d\u00e9cembre 2018.<br \/>\nPour pouvoir b\u00e9n\u00e9ficier de cette extension de garantie STIHL MotoMix, l\u2019utilisateur particulier s\u2019engage :<br \/>\n\u00c0 faire fonctionner le moteur exclusivement au carburant MotoMix et \u00e0 ce titre, il devra \u00eatre en mesure de pr\u00e9senter :<br \/>\n\u2013 La facture d\u2019achat de la machine sur laquelle figurent le num\u00e9ro de s\u00e9rie et au moins 5 litres de MotoMix.<br \/>\n\u2013 Les factures d\u2019achat de 5 litres minimum de MotoMix par an, les ann\u00e9es suivantes. Il n\u2019est pas n\u00e9cessaire de remplir de formulaire pour b\u00e9n\u00e9ficier de l\u2019offre, la pr\u00e9sentation des factures suffit.<br \/>\nAvantages du Motomix:<br \/>\n\u2013 Respecte votre sant\u00e9, le Motomix est largement exempt de mati\u00e8res canc\u00e9rig\u00e8nes.<br \/>\n\u2013 Respecte l\u2019environnement, r\u00e9duit fortement la formation de gaz \u00e0 effet de serre.<br \/>\n\u2013 Augmente les performances de votre moteur gr\u00e2ce \u00e0 sa formule unique.<br \/>\n\u2013 Augmentation de la long\u00e9vit\u00e9 moteur.<br \/>\n\u2013 M\u00e9lange pratiquement inodore.<br \/>\n\u2013 Contient de l\u2019huile HP Ultra, haute performance, biod\u00e9gradable.<br \/>\n\u2013 Permet un d\u00e9marrage tr\u00e8s facile apr\u00e8s un remisage hivernal ou apr\u00e8s une longue p\u00e9riode d\u2019inutilisation.<\/p>","protected":false},"excerpt":{"rendered":"<p>Avantages du produit<br \/>\nLe plus puissant des multi-outils, nombreux accessoires disponibles, moteur 4-MIX \u00e0 d\u00e9compression automatique<br \/>\nUsage\u00a0R\u00e9gulier<br \/>\nMoteur<br \/>\nStihl 4 MIX \u2013 36,3 cc \/ 1,4 kW \u2013 d\u00e9marrage lanceur<br \/>\nTube \/ Perche<br \/>\nTube Droit \u2013 arbre de transmission rigide \u2013<br \/>\nPoids<br \/>\n4,4 kg<br \/>\nAccessoire(s) inclu(s)<br \/>\nBretelle<br \/>\nGarantie<br \/>\n2 ans<br \/>\nPortage<br \/>\nPoign\u00e9e ronde avec barre de s\u00e9curit\u00e9 \u2013 bretelle<\/p>","protected":false},"featured_media":38974,"comment_status":"open","ping_status":"closed","template":"","meta":[],"product_brand":[],"product_cat":[79],"product_tag":[],"class_list":{"0":"post-27382","1":"product","2":"type-product","3":"status-publish","4":"has-post-thumbnail","6":"product_cat-tondeuses-debroussailleuses","8":"first","9":"instock","10":"shipping-taxable","11":"purchasable","12":"product-type-simple"},"_links":{"self":[{"href":"https:\/\/seize-machines.com\/en\/wp-json\/wp\/v2\/product\/27382","targetHints":{"allow":["GET"]}}],"collection":[{"href":"https:\/\/seize-machines.com\/en\/wp-json\/wp\/v2\/product"}],"about":[{"href":"https:\/\/seize-machines.com\/en\/wp-json\/wp\/v2\/types\/product"}],"replies":[{"embeddable":true,"href":"https:\/\/seize-machines.com\/en\/wp-json\/wp\/v2\/comments?post=27382"}],"version-history":[{"count":1,"href":"https:\/\/seize-machines.com\/en\/wp-json\/wp\/v2\/product\/27382\/revisions"}],"predecessor-version":[{"id":38976,"href":"https:\/\/seize-machines.com\/en\/wp-json\/wp\/v2\/product\/27382\/revisions\/38976"}],"wp:featuredmedia":[{"embeddable":true,"href":"https:\/\/seize-machines.com\/en\/wp-json\/wp\/v2\/media\/38974"}],"wp:attachment":[{"href":"https:\/\/seize-machines.com\/en\/wp-json\/wp\/v2\/media?parent=27382"}],"wp:term":[{"taxonomy":"product_brand","embeddable":true,"href":"https:\/\/seize-machines.com\/en\/wp-json\/wp\/v2\/product_brand?post=27382"},{"taxonomy":"product_cat","embeddable":true,"href":"https:\/\/seize-machines.com\/en\/wp-json\/wp\/v2\/product_cat?post=27382"},{"taxonomy":"product_tag","embeddable":true,"href":"https:\/\/seize-machines.com\/en\/wp-json\/wp\/v2\/product_tag?post=27382"}],"curies":[{"name":"wp","href":"https:\/\/api.w.org\/{rel}","templated":true}]}}