{"id":27372,"date":"2025-07-04T12:36:22","date_gmt":"2025-07-04T12:36:22","guid":{"rendered":"https:\/\/seize-machines.com\/?post_type=product&#038;p=27372"},"modified":"2025-07-04T12:36:25","modified_gmt":"2025-07-04T12:36:25","slug":"debroussailleuse-a-batterie-520ilx-nu-husqvarna","status":"publish","type":"product","link":"https:\/\/seize-machines.com\/en\/product\/debroussailleuse-a-batterie-520ilx-nu-husqvarna\/","title":{"rendered":"D\u00e9broussailleuse \u00e0 batterie 520iLX nu HUSQVARNA"},"content":{"rendered":"<p>La d\u00e9broussailleuse sur batterie HUSQVARNA 520iLX est l\u00e9g\u00e8re et performante\u00a0pour usage professionnel.<br \/>\nPolyvalente gr\u00e2ce \u00e0 sa poign\u00e9e de type anneau.<br \/>\nElle se caract\u00e9rise \u00e9galement par une excellente ergonomie et un \u00e9quilibre parfait avec un moteur durable sans balai.<br \/>\nInnovation unique sur le march\u00e9: une t\u00eate de coupe \u00e0 double sens de rotation astucieuse permettant de projeter l\u2019herbe coup\u00e9e \u00e0 gauche ou \u00e0 droite.<br \/>\nR\u00e9pond \u00e0 la norme IPX4 pour une utilisation par tous les temps.<br \/>\nAutonomies (tailles l\u00e9g\u00e8res):<\/p>\n<p>40-B70 : 30 min<br \/>\n40-B140: 1H<br \/>\nBLi30: 1H50<br \/>\nBLi100: 40 min<br \/>\nBLi200: 1H20<br \/>\nBLi200X: 1H20<br \/>\nBLI300: 2H15<\/p>","protected":false},"excerpt":{"rendered":"<p>Avantages du produit<br \/>\nMoteur E-TORQ sans balais, mode \u00e9co, clavier intuitif, rotation de la t\u00eate fil dans les deux sens, r\u00e9sistant aux intemp\u00e9ries (IPX4)<br \/>\nUsage<br \/>\nProfessionnel<br \/>\nMoteur<br \/>\nBrushless<br \/>\nLargeur de travail<br \/>\n400 mm<br \/>\nGuidon<br \/>\nVersion anneau<br \/>\nPoids<br \/>\n3 kg<br \/>\nAccessoire(s) inclu(s)<br \/>\nT\u00eate fil nylon T25B<br \/>\nGarantie<br \/>\n2 ans<br \/>\nDiam\u00e8tre du fil de coupe possible<br \/>\n2.0 \u2013 2.4 mm<\/p>","protected":false},"featured_media":38969,"comment_status":"open","ping_status":"closed","template":"","meta":[],"product_brand":[],"product_cat":[79],"product_tag":[],"class_list":{"0":"post-27372","1":"product","2":"type-product","3":"status-publish","4":"has-post-thumbnail","6":"product_cat-tondeuses-debroussailleuses","8":"first","9":"instock","10":"shipping-taxable","11":"purchasable","12":"product-type-simple"},"_links":{"self":[{"href":"https:\/\/seize-machines.com\/en\/wp-json\/wp\/v2\/product\/27372","targetHints":{"allow":["GET"]}}],"collection":[{"href":"https:\/\/seize-machines.com\/en\/wp-json\/wp\/v2\/product"}],"about":[{"href":"https:\/\/seize-machines.com\/en\/wp-json\/wp\/v2\/types\/product"}],"replies":[{"embeddable":true,"href":"https:\/\/seize-machines.com\/en\/wp-json\/wp\/v2\/comments?post=27372"}],"version-history":[{"count":1,"href":"https:\/\/seize-machines.com\/en\/wp-json\/wp\/v2\/product\/27372\/revisions"}],"predecessor-version":[{"id":38971,"href":"https:\/\/seize-machines.com\/en\/wp-json\/wp\/v2\/product\/27372\/revisions\/38971"}],"wp:featuredmedia":[{"embeddable":true,"href":"https:\/\/seize-machines.com\/en\/wp-json\/wp\/v2\/media\/38969"}],"wp:attachment":[{"href":"https:\/\/seize-machines.com\/en\/wp-json\/wp\/v2\/media?parent=27372"}],"wp:term":[{"taxonomy":"product_brand","embeddable":true,"href":"https:\/\/seize-machines.com\/en\/wp-json\/wp\/v2\/product_brand?post=27372"},{"taxonomy":"product_cat","embeddable":true,"href":"https:\/\/seize-machines.com\/en\/wp-json\/wp\/v2\/product_cat?post=27372"},{"taxonomy":"product_tag","embeddable":true,"href":"https:\/\/seize-machines.com\/en\/wp-json\/wp\/v2\/product_tag?post=27372"}],"curies":[{"name":"wp","href":"https:\/\/api.w.org\/{rel}","templated":true}]}}