{"id":27345,"date":"2025-07-04T12:35:55","date_gmt":"2025-07-04T12:35:55","guid":{"rendered":"https:\/\/seize-machines.com\/?post_type=product&#038;p=27345"},"modified":"2025-07-04T12:35:57","modified_gmt":"2025-07-04T12:35:57","slug":"debroussailleuse-a-dos-fr-131-t-stihl","status":"publish","type":"product","link":"https:\/\/seize-machines.com\/en\/product\/debroussailleuse-a-dos-fr-131-t-stihl\/","title":{"rendered":"D\u00e9broussailleuse \u00e0 dos FR 131 T STIHL"},"content":{"rendered":"<p>Pour un fauchage efficace et une grande libert\u00e9 de mouvement sur les talus. Transport et stockage ais\u00e9s gr\u00e2ce \u00e0 son tube d\u00e9montable (T). Les outils KM sont compatibles avec ce mod\u00e8le.<\/p>","protected":false},"excerpt":{"rendered":"<p>iche technique<br \/>\nCylindr\u00e9e (cm3)<br \/>\n36,3<br \/>\nPoids<br \/>\n9,6 kg<br \/>\nCompatible avec<br \/>\nLes outils KM sont compatibles avec ce mod\u00e8le.<br \/>\nPuissance (ch)<br \/>\n1,4 kW<\/p>","protected":false},"featured_media":38952,"comment_status":"open","ping_status":"closed","template":"","meta":[],"product_brand":[],"product_cat":[79],"product_tag":[],"class_list":{"0":"post-27345","1":"product","2":"type-product","3":"status-publish","4":"has-post-thumbnail","6":"product_cat-tondeuses-debroussailleuses","8":"first","9":"instock","10":"shipping-taxable","11":"purchasable","12":"product-type-simple"},"_links":{"self":[{"href":"https:\/\/seize-machines.com\/en\/wp-json\/wp\/v2\/product\/27345","targetHints":{"allow":["GET"]}}],"collection":[{"href":"https:\/\/seize-machines.com\/en\/wp-json\/wp\/v2\/product"}],"about":[{"href":"https:\/\/seize-machines.com\/en\/wp-json\/wp\/v2\/types\/product"}],"replies":[{"embeddable":true,"href":"https:\/\/seize-machines.com\/en\/wp-json\/wp\/v2\/comments?post=27345"}],"version-history":[{"count":1,"href":"https:\/\/seize-machines.com\/en\/wp-json\/wp\/v2\/product\/27345\/revisions"}],"predecessor-version":[{"id":38953,"href":"https:\/\/seize-machines.com\/en\/wp-json\/wp\/v2\/product\/27345\/revisions\/38953"}],"wp:featuredmedia":[{"embeddable":true,"href":"https:\/\/seize-machines.com\/en\/wp-json\/wp\/v2\/media\/38952"}],"wp:attachment":[{"href":"https:\/\/seize-machines.com\/en\/wp-json\/wp\/v2\/media?parent=27345"}],"wp:term":[{"taxonomy":"product_brand","embeddable":true,"href":"https:\/\/seize-machines.com\/en\/wp-json\/wp\/v2\/product_brand?post=27345"},{"taxonomy":"product_cat","embeddable":true,"href":"https:\/\/seize-machines.com\/en\/wp-json\/wp\/v2\/product_cat?post=27345"},{"taxonomy":"product_tag","embeddable":true,"href":"https:\/\/seize-machines.com\/en\/wp-json\/wp\/v2\/product_tag?post=27345"}],"curies":[{"name":"wp","href":"https:\/\/api.w.org\/{rel}","templated":true}]}}