{"id":27307,"date":"2025-07-04T12:35:17","date_gmt":"2025-07-04T12:35:17","guid":{"rendered":"https:\/\/seize-machines.com\/?post_type=product&#038;p=27307"},"modified":"2025-07-04T12:35:21","modified_gmt":"2025-07-04T12:35:21","slug":"tondeuse-thermique-46cm-moteur-briggs-et-stratton-475isi-avec-demarrage-electrique-140cc-yard-force-gm-b46e","status":"publish","type":"product","link":"https:\/\/seize-machines.com\/en\/product\/tondeuse-thermique-46cm-moteur-briggs-et-stratton-475isi-avec-demarrage-electrique-140cc-yard-force-gm-b46e\/","title":{"rendered":"Tondeuse Thermique 46cm &#038; Moteur Briggs et Stratton 475ISi avec d\u00e9marrage \u00e9lectrique 140cc \u2013 Yard Force \u2013 GM B46E"},"content":{"rendered":"<p>La tondeuse thermique GM B46E de Yard Force est un outil de jardinage efficace et pratique. Dot\u00e9e d\u2019une largeur de coupe de 46 cm, d\u2019un moteur puissant, d\u2019un d\u00e9marrage au bouton facile et d\u2019une hauteur de coupe ajustable, elle offre une coupe pr\u00e9cise pour les jardins de taille moyenne \u00e0 grande. Son syst\u00e8me de d\u00e9marrage facile facilite son utilisation. Son design robuste et son bac de ramassage hybride en font une option id\u00e9ale pour l\u2019entretien professionnel de votre pelouse. Mod\u00e8les GM B46E Type d\u2019outil Motoris\u00e9 Couleur(s) Noir, Gris, Orange Fonction du produit Tondre la pelouse Multifonction Non Plus produit \u2013 Hautes performances, d\u00e9marrage facile, robuste, recommand\u00e9 pour les jardins jusqu\u2019\u00e0 750m\u00b2<br \/>\n\u2013 Puissant moteur Briggs &amp; Stratton 475IS Series de 140cc avec syst\u00e8me \u201cInstart\u201d (bouton de d\u00e9marrage \u00e9lectrique par batterie Lithium-Ion)<br \/>\n\u2013 Autotraction puissante<br \/>\n\u2013 Chassis en acier de haute qualit\u00e9<br \/>\n\u2013 R\u00e9glage central de la hauteur de coupe \u2013 7 hauteurs de 25mm \u00e0 75mm.<br \/>\n\u2013 Large bac de ramassage hybride de 55 litres<br \/>\n\u2013 Design ergonomique, enti\u00e8rement pliable avec poign\u00e9e souple et confortable Dimensions et poids Dimensions 830 x 535 x 500mm Caract\u00e9ristiques de la tondeuse Surface du jardin 750 m\u00b2 Type de propulsion Autotract\u00e9e Mati\u00e8re du carter Acier Largeur de coupe 46 cm Hauteur de coupe maximum 60 mm Sp\u00e9cificit\u00e9s moteur Type de motorisation Thermique Motorisation 4 temps Caract\u00e9ristiques du moteur 140cc Marque du moteur Briggs stratton Puissance du moteur en W 2100 W Puissance du moteur en CV 3 cv Cylindr\u00e9e 140 cm3 Batterie 10,8 V\/2A Transmission Sur courroie D\u00e9marrage Electrique Informations de performance Longueur de la lame 46 cm D\u00e9tail de l\u2019\u00e9quipement Tuyau 6 m Buse 3-en-1 Bac de ramassage 55L Fonction mulching Oui Divers Montage A monter soi-m\u00eame Pays d\u2019origine Chine Dimensions colis Dimensions brutes \u2013 article emball\u00e9 (L x l x H) 82,5 x 55 x 48,5 cm Poids emball\u00e9 30,5 kg Vos garanties incluses Garantie (\u00b2) 2 ans \u2013 pi\u00e8ces, main d\u2019\u0153uvre<\/p>","protected":false},"excerpt":{"rendered":"<p>La tondeuse thermique Yard Force de 46cm autotract\u00e9e est puissante, robuste et adapt\u00e9e aux jardins jusqu\u2019\u00e0 750m\u00b2. Elle est aliment\u00e9e par un puissant moteur Briggs &amp; Stratton 475IS Series de 140cc \u2013 haute performance avec d\u00e9marrage \u00e9lectrique par batt<\/p>","protected":false},"featured_media":38925,"comment_status":"open","ping_status":"closed","template":"","meta":[],"product_brand":[],"product_cat":[78],"product_tag":[],"class_list":{"0":"post-27307","1":"product","2":"type-product","3":"status-publish","4":"has-post-thumbnail","6":"product_cat-tondeuses-thermiques","8":"first","9":"instock","10":"shipping-taxable","11":"purchasable","12":"product-type-simple"},"_links":{"self":[{"href":"https:\/\/seize-machines.com\/en\/wp-json\/wp\/v2\/product\/27307","targetHints":{"allow":["GET"]}}],"collection":[{"href":"https:\/\/seize-machines.com\/en\/wp-json\/wp\/v2\/product"}],"about":[{"href":"https:\/\/seize-machines.com\/en\/wp-json\/wp\/v2\/types\/product"}],"replies":[{"embeddable":true,"href":"https:\/\/seize-machines.com\/en\/wp-json\/wp\/v2\/comments?post=27307"}],"version-history":[{"count":1,"href":"https:\/\/seize-machines.com\/en\/wp-json\/wp\/v2\/product\/27307\/revisions"}],"predecessor-version":[{"id":38927,"href":"https:\/\/seize-machines.com\/en\/wp-json\/wp\/v2\/product\/27307\/revisions\/38927"}],"wp:featuredmedia":[{"embeddable":true,"href":"https:\/\/seize-machines.com\/en\/wp-json\/wp\/v2\/media\/38925"}],"wp:attachment":[{"href":"https:\/\/seize-machines.com\/en\/wp-json\/wp\/v2\/media?parent=27307"}],"wp:term":[{"taxonomy":"product_brand","embeddable":true,"href":"https:\/\/seize-machines.com\/en\/wp-json\/wp\/v2\/product_brand?post=27307"},{"taxonomy":"product_cat","embeddable":true,"href":"https:\/\/seize-machines.com\/en\/wp-json\/wp\/v2\/product_cat?post=27307"},{"taxonomy":"product_tag","embeddable":true,"href":"https:\/\/seize-machines.com\/en\/wp-json\/wp\/v2\/product_tag?post=27307"}],"curies":[{"name":"wp","href":"https:\/\/api.w.org\/{rel}","templated":true}]}}