{"id":27304,"date":"2025-07-04T12:35:15","date_gmt":"2025-07-04T12:35:15","guid":{"rendered":"https:\/\/seize-machines.com\/?post_type=product&#038;p=27304"},"modified":"2025-07-04T12:35:17","modified_gmt":"2025-07-04T12:35:17","slug":"tondeuse-thermique-170cm-de-51cm-avec-demarrage-manuel","status":"publish","type":"product","link":"https:\/\/seize-machines.com\/en\/product\/tondeuse-thermique-170cm-de-51cm-avec-demarrage-manuel\/","title":{"rendered":"Tondeuse thermique 170cm de 51cm avec d\u00e9marrage manuel"},"content":{"rendered":"<p>Tondeuse thermique \u00e0 roues pivotantes FTDT5170ZT Feider dot\u00e9e d\u2019un puissant moteur RATO 4T d\u2019une cylindr\u00e9e de 170.1 cm\u00b3.<br \/>\nLa FTDT5170ZT convient parfaitement pour la tonte de surface jusqu\u2019\u00e0 1700m\u00b2.<br \/>\nSa largeur de coupe de 51 cm autorise une coupe rapide et \u00e9vite de nombreux allers-retours dans votre jardin.<br \/>\nLa FTDT5170ZT propose 6 positions de hauteur de coupe pour adapter la tonte \u00e0 votre style (pelouse classique ou green anglais).<br \/>\nLa fonction mulching hache menue l\u2019herbe que vous venez de tondre. L\u2019herbe hach\u00e9e est un engrais naturel. Feider a \u00e9quip\u00e9 sa tondeuse de 2 roues avant pivotantes. Elles facilitent la p\u00e9n\u00e9tration de l\u2019herbe quand elle est haute et\/ou humide.<\/p>","protected":false},"excerpt":{"rendered":"<p>Cylindr\u00e9e : 170.1 cm\u00b3<br \/>\n2 roues pivotantes 360\u00b0<br \/>\nLargeur de coupe 51 cm<br \/>\nBac de ramassage 75 L<br \/>\nHauteur de coupe r\u00e9glage, 25-75 mm<br \/>\nGarantie de 2 ans<br \/>\nCarter de coupe en acier<br \/>\nSurface Conseill\u00e9e : 1700m\u00b2<\/p>","protected":false},"featured_media":38923,"comment_status":"open","ping_status":"closed","template":"","meta":[],"product_brand":[],"product_cat":[78],"product_tag":[],"class_list":{"0":"post-27304","1":"product","2":"type-product","3":"status-publish","4":"has-post-thumbnail","6":"product_cat-tondeuses-thermiques","8":"first","9":"instock","10":"shipping-taxable","11":"purchasable","12":"product-type-simple"},"_links":{"self":[{"href":"https:\/\/seize-machines.com\/en\/wp-json\/wp\/v2\/product\/27304","targetHints":{"allow":["GET"]}}],"collection":[{"href":"https:\/\/seize-machines.com\/en\/wp-json\/wp\/v2\/product"}],"about":[{"href":"https:\/\/seize-machines.com\/en\/wp-json\/wp\/v2\/types\/product"}],"replies":[{"embeddable":true,"href":"https:\/\/seize-machines.com\/en\/wp-json\/wp\/v2\/comments?post=27304"}],"version-history":[{"count":1,"href":"https:\/\/seize-machines.com\/en\/wp-json\/wp\/v2\/product\/27304\/revisions"}],"predecessor-version":[{"id":38924,"href":"https:\/\/seize-machines.com\/en\/wp-json\/wp\/v2\/product\/27304\/revisions\/38924"}],"wp:featuredmedia":[{"embeddable":true,"href":"https:\/\/seize-machines.com\/en\/wp-json\/wp\/v2\/media\/38923"}],"wp:attachment":[{"href":"https:\/\/seize-machines.com\/en\/wp-json\/wp\/v2\/media?parent=27304"}],"wp:term":[{"taxonomy":"product_brand","embeddable":true,"href":"https:\/\/seize-machines.com\/en\/wp-json\/wp\/v2\/product_brand?post=27304"},{"taxonomy":"product_cat","embeddable":true,"href":"https:\/\/seize-machines.com\/en\/wp-json\/wp\/v2\/product_cat?post=27304"},{"taxonomy":"product_tag","embeddable":true,"href":"https:\/\/seize-machines.com\/en\/wp-json\/wp\/v2\/product_tag?post=27304"}],"curies":[{"name":"wp","href":"https:\/\/api.w.org\/{rel}","templated":true}]}}