{"id":27297,"date":"2025-07-04T12:35:06","date_gmt":"2025-07-04T12:35:06","guid":{"rendered":"https:\/\/seize-machines.com\/?post_type=product&#038;p=27297"},"modified":"2025-07-04T12:35:10","modified_gmt":"2025-07-04T12:35:10","slug":"tondeuse-rider-autoportee-thermique-432cm%c2%b3","status":"publish","type":"product","link":"https:\/\/seize-machines.com\/en\/product\/tondeuse-rider-autoportee-thermique-432cm%c2%b3\/","title":{"rendered":"Tondeuse Rider autoport\u00e9e thermique 432cm\u00b3"},"content":{"rendered":"<p>Tracteur tondeuse Description du produit La FRT7550M-1 associe confort, efficacit\u00e9 et facilit\u00e9 d\u2019utilisation sur des surfaces allant jusqu\u2019\u00e0 5000 m\u00b2.\u00a0Equip\u00e9e d\u2019un moteur Feider situ\u00e9 \u00e0 l\u2019arri\u00e8re<br \/>\nOffre une tr\u00e8s bonne visibilit\u00e9 de la zone de travail et une excellente maniabilit\u00e9 Multifonction Oui Dimensions et poids Contenance 170 l Caract\u00e9ristiques de la tondeuse Type de propulsion Autotract\u00e9e Largeur de coupe 76 cm Hauteur de coupe maximum 90 mm Sp\u00e9cificit\u00e9s moteur Type de motorisation Thermique Puissance du moteur en CV 15 cv Cylindr\u00e9e 250 cm3 D\u00e9tail de l\u2019\u00e9quipement Bac de ramassage 170 L Fonction mulching Oui Equipements suppl\u00e9mentaires Obturateur Mulching fourni Maniement Sur roues<\/p>","protected":false},"excerpt":{"rendered":"<p>La FRT7550M-1 associe confort, efficacit\u00e9 et facilit\u00e9 d\u2019utilisation sur des surfaces allant jusqu\u2019\u00e0 5000 m\u00b2. Equip\u00e9e d\u2019un moteur Feider situ\u00e9 \u00e0 l\u2019arri\u00e8re. Offre une tr\u00e8s bonne visibilit\u00e9 de la zone de travail et une excellente maniabilit\u00e9. Parfaitement stable avec des roues de 365 mm \u00e0 l\u2019arri\u00e8re, 265 mm \u00e0 l\u2019avant.<\/p>","protected":false},"featured_media":38918,"comment_status":"open","ping_status":"closed","template":"","meta":[],"product_brand":[],"product_cat":[78],"product_tag":[],"class_list":{"0":"post-27297","1":"product","2":"type-product","3":"status-publish","4":"has-post-thumbnail","6":"product_cat-tondeuses-thermiques","8":"first","9":"instock","10":"sale","11":"shipping-taxable","12":"purchasable","13":"product-type-simple"},"_links":{"self":[{"href":"https:\/\/seize-machines.com\/en\/wp-json\/wp\/v2\/product\/27297","targetHints":{"allow":["GET"]}}],"collection":[{"href":"https:\/\/seize-machines.com\/en\/wp-json\/wp\/v2\/product"}],"about":[{"href":"https:\/\/seize-machines.com\/en\/wp-json\/wp\/v2\/types\/product"}],"replies":[{"embeddable":true,"href":"https:\/\/seize-machines.com\/en\/wp-json\/wp\/v2\/comments?post=27297"}],"version-history":[{"count":1,"href":"https:\/\/seize-machines.com\/en\/wp-json\/wp\/v2\/product\/27297\/revisions"}],"predecessor-version":[{"id":38920,"href":"https:\/\/seize-machines.com\/en\/wp-json\/wp\/v2\/product\/27297\/revisions\/38920"}],"wp:featuredmedia":[{"embeddable":true,"href":"https:\/\/seize-machines.com\/en\/wp-json\/wp\/v2\/media\/38918"}],"wp:attachment":[{"href":"https:\/\/seize-machines.com\/en\/wp-json\/wp\/v2\/media?parent=27297"}],"wp:term":[{"taxonomy":"product_brand","embeddable":true,"href":"https:\/\/seize-machines.com\/en\/wp-json\/wp\/v2\/product_brand?post=27297"},{"taxonomy":"product_cat","embeddable":true,"href":"https:\/\/seize-machines.com\/en\/wp-json\/wp\/v2\/product_cat?post=27297"},{"taxonomy":"product_tag","embeddable":true,"href":"https:\/\/seize-machines.com\/en\/wp-json\/wp\/v2\/product_tag?post=27297"}],"curies":[{"name":"wp","href":"https:\/\/api.w.org\/{rel}","templated":true}]}}