{"id":27292,"date":"2025-07-04T12:35:02","date_gmt":"2025-07-04T12:35:02","guid":{"rendered":"https:\/\/seize-machines.com\/?post_type=product&#038;p=27292"},"modified":"2025-07-04T12:35:06","modified_gmt":"2025-07-04T12:35:06","slug":"tondeuse-autoportee-z6-a-volant-107-cm-coupe-braquage-zero-4-batteries-2x-10ah-2x-5ah","status":"publish","type":"product","link":"https:\/\/seize-machines.com\/en\/product\/tondeuse-autoportee-z6-a-volant-107-cm-coupe-braquage-zero-4-batteries-2x-10ah-2x-5ah\/","title":{"rendered":"Tondeuse autoport\u00e9e Z6 \u00e0 volant, 107 cm coupe, braquage z\u00e9ro + 4 batteries 2x 10Ah 2x 5Ah"},"content":{"rendered":"<p>Informations g\u00e9n\u00e9rales sur le produit Marque EGO Nom du produit Tondeuse autoport\u00e9e Z6 \u00e0 volant, 107 cm coupe, bra Cat\u00e9gorie TONDEUSE Vos garanties incluses Garantie (\u00b2) 2 ans Observations Dans le cas o\u00f9 une garantie commerciale est propos\u00e9e par le vendeur, celle-ci ne fait pas obstacle \u00e0<\/p>","protected":false},"excerpt":{"rendered":"<p>La Z6 \u00e0 volant est une tondeuse autoport\u00e9e \u00e9lectrique unique en son genre. Dot\u00e9e de la technologie Peak Power\u2122+, elle peut accueillir jusqu\u2019\u00e0 6 batteries EGO 56V ARC Lithium\u2122, offrant ainsi une puissance \u00e9quivalente \u00e0 celle d\u2019un moteur thermique de 22 CV et permettant de tondre jusqu\u2019\u00e0 12.000 m\u00b2 en une seule charge.Ultra rapide, le chargeur 1600 W charge compl\u00e8tement 4 batteries de 10 Ah en 2 heures seulement. Il \u2026<\/p>","protected":false},"featured_media":38915,"comment_status":"open","ping_status":"closed","template":"","meta":[],"product_brand":[],"product_cat":[78],"product_tag":[],"class_list":{"0":"post-27292","1":"product","2":"type-product","3":"status-publish","4":"has-post-thumbnail","6":"product_cat-tondeuses-thermiques","8":"first","9":"instock","10":"shipping-taxable","11":"purchasable","12":"product-type-simple"},"_links":{"self":[{"href":"https:\/\/seize-machines.com\/en\/wp-json\/wp\/v2\/product\/27292","targetHints":{"allow":["GET"]}}],"collection":[{"href":"https:\/\/seize-machines.com\/en\/wp-json\/wp\/v2\/product"}],"about":[{"href":"https:\/\/seize-machines.com\/en\/wp-json\/wp\/v2\/types\/product"}],"replies":[{"embeddable":true,"href":"https:\/\/seize-machines.com\/en\/wp-json\/wp\/v2\/comments?post=27292"}],"version-history":[{"count":1,"href":"https:\/\/seize-machines.com\/en\/wp-json\/wp\/v2\/product\/27292\/revisions"}],"predecessor-version":[{"id":38917,"href":"https:\/\/seize-machines.com\/en\/wp-json\/wp\/v2\/product\/27292\/revisions\/38917"}],"wp:featuredmedia":[{"embeddable":true,"href":"https:\/\/seize-machines.com\/en\/wp-json\/wp\/v2\/media\/38915"}],"wp:attachment":[{"href":"https:\/\/seize-machines.com\/en\/wp-json\/wp\/v2\/media?parent=27292"}],"wp:term":[{"taxonomy":"product_brand","embeddable":true,"href":"https:\/\/seize-machines.com\/en\/wp-json\/wp\/v2\/product_brand?post=27292"},{"taxonomy":"product_cat","embeddable":true,"href":"https:\/\/seize-machines.com\/en\/wp-json\/wp\/v2\/product_cat?post=27292"},{"taxonomy":"product_tag","embeddable":true,"href":"https:\/\/seize-machines.com\/en\/wp-json\/wp\/v2\/product_tag?post=27292"}],"curies":[{"name":"wp","href":"https:\/\/api.w.org\/{rel}","templated":true}]}}