{"id":27275,"date":"2025-07-04T12:34:41","date_gmt":"2025-07-04T12:34:41","guid":{"rendered":"https:\/\/seize-machines.com\/?post_type=product&#038;p=27275"},"modified":"2025-07-04T12:34:43","modified_gmt":"2025-07-04T12:34:43","slug":"fuxtec-tondeuse-thermique-fx-rm5396pes-pro-largeur-de-coupe-53cm-vitesse-reglable-demarrage-electrique-systeme-autotracte100","status":"publish","type":"product","link":"https:\/\/seize-machines.com\/en\/product\/fuxtec-tondeuse-thermique-fx-rm5396pes-pro-largeur-de-coupe-53cm-vitesse-reglable-demarrage-electrique-systeme-autotracte100\/","title":{"rendered":"FUXTEC Tondeuse Thermique FX-RM5396PeS-PRO, Largeur De Coupe 53cm, Vitesse R\u00e9glable, D\u00e9marrage \u00c9lectrique, Syst\u00e8me Autotract\u00e9,100"},"content":{"rendered":"<p>Informations g\u00e9n\u00e9rales sur le produit Nom du produit FUXTEC Tondeuse Thermique FX-RM5396PeS-PRO, Largeu Cat\u00e9gorie TONDEUSE G\u00e9n\u00e9ral Marque AUCUNE Dimensions et poids Dimensions 53cm 196cm3 6cv vitesse r\u00e9glable E-Start<\/p>","protected":false},"excerpt":{"rendered":"<p>Tondeuse \u00e0 gazon PRO \u00e0 essence avec moteur puissant de 196cm3 avec syst\u00e8me E-Start. Moteur 4 temps de 6 CV et 4,4KW de puissance. Avec autopropulsion r\u00e9glable et 53cm de largeur de coupe.DEMARRAGE \u00c9LECTRIQUE \u2013 D\u00e9marre facilement le moteur en appuyant sur un bouton. Recharge automatique de la batterie Li-Ion pendant la tonte.4en1 \u2013 tonte, ramassage, mulching et \u00e9jection lat\u00e9rale. Bac de ramassage de 60l inclus. Optima<\/p>","protected":false},"featured_media":38902,"comment_status":"open","ping_status":"closed","template":"","meta":[],"product_brand":[],"product_cat":[78],"product_tag":[],"class_list":{"0":"post-27275","1":"product","2":"type-product","3":"status-publish","4":"has-post-thumbnail","6":"product_cat-tondeuses-thermiques","8":"first","9":"instock","10":"shipping-taxable","11":"purchasable","12":"product-type-simple"},"_links":{"self":[{"href":"https:\/\/seize-machines.com\/en\/wp-json\/wp\/v2\/product\/27275","targetHints":{"allow":["GET"]}}],"collection":[{"href":"https:\/\/seize-machines.com\/en\/wp-json\/wp\/v2\/product"}],"about":[{"href":"https:\/\/seize-machines.com\/en\/wp-json\/wp\/v2\/types\/product"}],"replies":[{"embeddable":true,"href":"https:\/\/seize-machines.com\/en\/wp-json\/wp\/v2\/comments?post=27275"}],"version-history":[{"count":1,"href":"https:\/\/seize-machines.com\/en\/wp-json\/wp\/v2\/product\/27275\/revisions"}],"predecessor-version":[{"id":38904,"href":"https:\/\/seize-machines.com\/en\/wp-json\/wp\/v2\/product\/27275\/revisions\/38904"}],"wp:featuredmedia":[{"embeddable":true,"href":"https:\/\/seize-machines.com\/en\/wp-json\/wp\/v2\/media\/38902"}],"wp:attachment":[{"href":"https:\/\/seize-machines.com\/en\/wp-json\/wp\/v2\/media?parent=27275"}],"wp:term":[{"taxonomy":"product_brand","embeddable":true,"href":"https:\/\/seize-machines.com\/en\/wp-json\/wp\/v2\/product_brand?post=27275"},{"taxonomy":"product_cat","embeddable":true,"href":"https:\/\/seize-machines.com\/en\/wp-json\/wp\/v2\/product_cat?post=27275"},{"taxonomy":"product_tag","embeddable":true,"href":"https:\/\/seize-machines.com\/en\/wp-json\/wp\/v2\/product_tag?post=27275"}],"curies":[{"name":"wp","href":"https:\/\/api.w.org\/{rel}","templated":true}]}}