{"id":31,"date":"2023-04-20T11:47:35","date_gmt":"2023-04-20T11:47:35","guid":{"rendered":"https:\/\/dummy.xtemos.com\/woodmart2\/furniture2-elementor\/?page_id=31"},"modified":"2025-09-02T04:41:15","modified_gmt":"2025-09-02T04:41:15","slug":"a-propos","status":"publish","type":"page","link":"https:\/\/seize-machines.com\/en\/a-propos\/","title":{"rendered":"A propos"},"content":{"rendered":"<div data-elementor-type=\"wp-page\" data-elementor-id=\"31\" class=\"elementor elementor-31\" data-elementor-post-type=\"page\">\n\t\t\t\t<div class=\"wd-negative-gap elementor-element elementor-element-408063e e-flex e-con-boxed e-con e-parent\" data-id=\"408063e\" data-element_type=\"container\">\n\t\t\t\t\t<div class=\"e-con-inner\">\n\t\t\t\t<div class=\"elementor-element elementor-element-dc4fbd6 wd-el-breadcrumbs text-left elementor-widget elementor-widget-wd_element_breadcrumbs\" data-id=\"dc4fbd6\" data-element_type=\"widget\" data-widget_type=\"wd_element_breadcrumbs.default\">\n\t\t\t\t<div class=\"elementor-widget-container\">\n\t\t\t\t\t<nav class=\"wd-breadcrumbs\"><a href=\"https:\/\/seize-machines.com\/en\/\">Home<\/a><span class=\"wd-delimiter\"><\/span><span class=\"wd-last\">Page<\/span><\/nav>\t\t\t\t<\/div>\n\t\t\t\t<\/div>\n\t\t\t\t\t<\/div>\n\t\t\t\t<\/div>\n\t\t<div class=\"wd-negative-gap elementor-element elementor-element-558899b e-flex e-con-boxed e-con e-parent\" data-id=\"558899b\" data-element_type=\"container\">\n\t\t\t\t\t<div class=\"e-con-inner\">\n\t\t<div class=\"elementor-element elementor-element-9aff3ab e-con-full e-flex e-con e-child\" data-id=\"9aff3ab\" data-element_type=\"container\">\n\t\t\t\t<div class=\"elementor-element elementor-element-2ef327b elementor-widget elementor-widget-image\" data-id=\"2ef327b\" data-element_type=\"widget\" data-widget_type=\"image.default\">\n\t\t\t\t<div class=\"elementor-widget-container\">\n\t\t\t\t\t\t\t\t\t\t\t\t\t\t\t<img fetchpriority=\"high\" decoding=\"async\" width=\"800\" height=\"539\" src=\"https:\/\/seize-machines.com\/wp-content\/uploads\/2025\/07\/SEIZE.jpg\" class=\"attachment-large size-large wp-image-1998\" alt=\"\" srcset=\"https:\/\/seize-machines.com\/wp-content\/uploads\/2025\/07\/SEIZE.jpg 800w, https:\/\/seize-machines.com\/wp-content\/uploads\/2025\/07\/SEIZE-150x101.jpg 150w, https:\/\/seize-machines.com\/wp-content\/uploads\/2025\/07\/SEIZE-300x202.jpg 300w, https:\/\/seize-machines.com\/wp-content\/uploads\/2025\/07\/SEIZE-768x517.jpg 768w\" sizes=\"(max-width: 800px) 100vw, 800px\" \/>\t\t\t\t\t\t\t\t\t\t\t\t\t\t\t<\/div>\n\t\t\t\t<\/div>\n\t\t\t\t<\/div>\n\t\t<div class=\"elementor-element elementor-element-af8043f e-con-full e-flex e-con e-child\" data-id=\"af8043f\" data-element_type=\"container\">\n\t\t\t\t<div class=\"elementor-element elementor-element-78a5da3 wd-width-100 elementor-widget elementor-widget-wd_title\" data-id=\"78a5da3\" data-element_type=\"widget\" data-widget_type=\"wd_title.default\">\n\t\t\t\t<div class=\"elementor-widget-container\">\n\t\t\t\t\t\t\t<div class=\"title-wrapper wd-set-mb reset-last-child wd-title-color-default wd-title-style-default wd-title-size-large text-left\">\n\n\t\t\t\n\t\t\t<div class=\"liner-continer\">\n\t\t\t\t<h4 class=\"woodmart-title-container title wd-fontsize-xxl\">\u00c0 propos de SEIZE MACHINES<\/h4> \n\t\t\t\t\t\t\t<\/div>\n\n\t\t\t\t\t<\/div>\n\t\t\t\t\t\t<\/div>\n\t\t\t\t<\/div>\n\t\t\t\t<div class=\"elementor-element elementor-element-49b9a13 elementor-widget elementor-widget-wd_text_block\" data-id=\"49b9a13\" data-element_type=\"widget\" data-widget_type=\"wd_text_block.default\">\n\t\t\t\t<div class=\"elementor-widget-container\">\n\t\t\t\t\t\t\t<div class=\"wd-text-block reset-last-child text-left\">\n\t\t\t\n\t\t\t<p>Chez\u00a0SEIZE MACHINES, nous sommes passionn\u00e9s par\u00a0les tondeuses \u00e0 gazon\u00a0et les\u00a0solutions d\u2019entretien ext\u00e9rieur performantes. Depuis notre cr\u00e9ation, notre ambition est simple : proposer aux particuliers, professionnels et collectivit\u00e9s\u00a0les meilleures machines, au\u00a0meilleur prix, avec un\u00a0service client humain et r\u00e9actif.<\/p>\n\t\t\t\t\t<\/div>\n\t\t\t\t\t\t<\/div>\n\t\t\t\t<\/div>\n\t\t\t\t<div class=\"elementor-element elementor-element-26d2e49 premium-title-color elementor-widget elementor-widget-premium-addon-title\" data-id=\"26d2e49\" data-element_type=\"widget\" data-widget_type=\"premium-addon-title.default\">\n\t\t\t\t<div class=\"elementor-widget-container\">\n\t\t\t\t\t\n\t\t<div class=\"premium-title-container style1\">\n\t\t\t<h2 class=\"premium-title-header premium-title-style1\">\n\t\t\t\t\n\t\t\t\t\n\t\t\t\t\t\t\t\t\t\t\t\t<span class=\"premium-title-text\">\n\t\t\t\t\t\"Un gazon bien tondu, c\u2019est le reflet d\u2019un ext\u00e9rieur soign\u00e9.\" \u2014 L\u2019\u00e9quipe Seize Machines\t\t\t\t<\/span>\n\t\t\t\t\t\n\t\t\t\t\t\t\t\t\n\t\t\t\t\t\t\t<\/h2>\n\n\t\t<\/div>\n\n\t\t\t\t\t\t<\/div>\n\t\t\t\t<\/div>\n\t\t\t\t<\/div>\n\t\t\t\t\t<\/div>\n\t\t\t\t<\/div>\n\t\t<div class=\"wd-negative-gap elementor-element elementor-element-43bbe8e wd-collapsible-content e-flex e-con-boxed e-con e-parent\" data-id=\"43bbe8e\" data-element_type=\"container\">\n\t\t\t\t\t<div class=\"e-con-inner\">\n\t\t\t\t<div class=\"elementor-element elementor-element-cf18f75 elementor-widget elementor-widget-wd_button\" data-id=\"cf18f75\" data-element_type=\"widget\" data-widget_type=\"wd_button.default\">\n\t\t\t\t<div class=\"elementor-widget-container\">\n\t\t\t\t\t\t\t<div class=\"wd-button-wrapper text-left wd-collapsible-button\" >\n\t\t\t<a class=\"btn btn-style-link btn-shape- btn-size-default btn-color-primary btn-icon-pos-right\"  href=\"#\">\n\t\t\t\t<span class=\"wd-btn-text\" data-elementor-setting-key=\"text\">\n\t\t\t\t\tRead More\t\t\t\t<\/span>\n\n\t\t\t\t\t\t\t<\/a>\n\t\t<\/div>\n\t\t\t\t\t\t<\/div>\n\t\t\t\t<\/div>\n\t\t\t\t\t<\/div>\n\t\t\t\t<\/div>\n\t\t<div class=\"wd-negative-gap elementor-element elementor-element-3696595 e-flex e-con-boxed e-con e-parent\" data-id=\"3696595\" data-element_type=\"container\">\n\t\t\t\t\t<div class=\"e-con-inner\">\n\t\t\t\t<div class=\"elementor-element elementor-element-da9ddaf elementor-widget elementor-widget-heading\" data-id=\"da9ddaf\" data-element_type=\"widget\" data-widget_type=\"heading.default\">\n\t\t\t\t<div class=\"elementor-widget-container\">\n\t\t\t\t\t<h2 class=\"elementor-heading-title elementor-size-default\">Pourquoi nous choisir ?<\/h2>\t\t\t\t<\/div>\n\t\t\t\t<\/div>\n\t\t\t\t<div class=\"elementor-element elementor-element-a2dc570 color-scheme-inherit text-left elementor-widget elementor-widget-text-editor\" data-id=\"a2dc570\" data-element_type=\"widget\" data-widget_type=\"text-editor.default\">\n\t\t\t\t<div class=\"elementor-widget-container\">\n\t\t\t\t\t\t\t\t\t<table><thead><tr><th>Avantage<\/th><th>Ce que cela signifie pour vous<\/th><\/tr><\/thead><tbody><tr><td>\u2705 Large choix de tondeuses<\/td><td>Toutes les marques et tous les mod\u00e8les<\/td><\/tr><tr><td>\ud83d\udd27 SAV fran\u00e7ais r\u00e9actif<\/td><td>Assistance sous 24h ouvr\u00e9es<\/td><\/tr><tr><td>\ud83d\ude9a Livraison rapide &amp; suivie<\/td><td>Exp\u00e9dition en 48-72h<\/td><\/tr><tr><td>\ud83d\udcac Support technique d\u00e9di\u00e9<\/td><td>Des pros du mat\u00e9riel \u00e0 votre \u00e9coute<\/td><\/tr><tr><td>\ud83d\udcb8 Paiement s\u00e9curis\u00e9 en ligne<\/td><td>Virement Bancaire disponible<\/td><\/tr><\/tbody><\/table>\t\t\t\t\t\t\t\t<\/div>\n\t\t\t\t<\/div>\n\t\t\t\t\t<\/div>\n\t\t\t\t<\/div>\n\t\t\t\t<section class=\"wd-negative-gap elementor-section elementor-top-section elementor-element elementor-element-312b2345 elementor-section-content-middle elementor-reverse-tablet elementor-reverse-mobile elementor-section-boxed elementor-section-height-default elementor-section-height-default\" data-id=\"312b2345\" data-element_type=\"section\">\n\t\t\t\t\t\t<div class=\"elementor-container elementor-column-gap-extended\">\n\t\t\t\t\t<div class=\"elementor-column elementor-col-50 elementor-top-column elementor-element elementor-element-4d1dc4c9\" data-id=\"4d1dc4c9\" data-element_type=\"column\">\n\t\t\t<div class=\"elementor-widget-wrap elementor-element-populated\">\n\t\t\t\t\t\t<div class=\"elementor-element elementor-element-add4770 wd-width-100 elementor-widget elementor-widget-wd_title\" data-id=\"add4770\" data-element_type=\"widget\" data-widget_type=\"wd_title.default\">\n\t\t\t\t<div class=\"elementor-widget-container\">\n\t\t\t\t\t\t\t<div class=\"title-wrapper wd-set-mb reset-last-child wd-title-color-default wd-title-style-default wd-title-size-default text-left\">\n\n\t\t\t\n\t\t\t<div class=\"liner-continer\">\n\t\t\t\t<h4 class=\"woodmart-title-container title wd-fontsize-l\">Qui sommes-nous ?<\/h4> \n\t\t\t\t\t\t\t<\/div>\n\n\t\t\t\t\t<\/div>\n\t\t\t\t\t\t<\/div>\n\t\t\t\t<\/div>\n\t\t\t\t<div class=\"elementor-element elementor-element-c81a33e elementor-widget elementor-widget-wd_text_block\" data-id=\"c81a33e\" data-element_type=\"widget\" data-widget_type=\"wd_text_block.default\">\n\t\t\t\t<div class=\"elementor-widget-container\">\n\t\t\t\t\t\t\t<div class=\"wd-text-block reset-last-child text-left\">\n\t\t\t\n\t\t\t<p><strong>SEIZE MACHINES<\/strong>\u00a0est une entreprise fran\u00e7aise fond\u00e9e par des experts du mat\u00e9riel de jardinage. Forts de\u00a0<strong>plus de 40 ans d\u2019exp\u00e9rience<\/strong>\u00a0dans la m\u00e9canique de pr\u00e9cision et les machines thermiques, nous avons s\u00e9lectionn\u00e9 pour vous une gamme rigoureuse de tondeuses \u00e0 gazon :<\/p>\n\t\t\t\t\t<\/div>\n\t\t\t\t\t\t<\/div>\n\t\t\t\t<\/div>\n\t\t\t\t<div class=\"elementor-element elementor-element-cc03640 color-scheme-inherit text-left elementor-widget elementor-widget-text-editor\" data-id=\"cc03640\" data-element_type=\"widget\" data-widget_type=\"text-editor.default\">\n\t\t\t\t<div class=\"elementor-widget-container\">\n\t\t\t\t\t\t\t\t\t<h2>\ud83d\udce9 Nous contacter<\/h2><p>Une question ou un besoin sp\u00e9cifique ? Contactez-nous via le\u00a0<a href=\"https:\/\/seize-machines.com\/en\/contact\/\">formulaire de contact<\/a>\u00a0ou par t\u00e9l\u00e9phone au<br \/><strong>07 57 81 02 34.<\/strong><\/p>\t\t\t\t\t\t\t\t<\/div>\n\t\t\t\t<\/div>\n\t\t\t\t\t<\/div>\n\t\t<\/div>\n\t\t\t\t<div class=\"elementor-column elementor-col-50 elementor-top-column elementor-element elementor-element-3f1415d0\" data-id=\"3f1415d0\" data-element_type=\"column\">\n\t\t\t<div class=\"elementor-widget-wrap elementor-element-populated\">\n\t\t\t\t\t\t<div class=\"elementor-element elementor-element-58671b96 elementor-widget elementor-widget-wd_image_or_svg\" data-id=\"58671b96\" data-element_type=\"widget\" data-widget_type=\"wd_image_or_svg.default\">\n\t\t\t\t<div class=\"elementor-widget-container\">\n\t\t\t\t\t\n\t\t<div class=\"wd-image text-left\">\n\t\t\t\t\t\t\t\t<img decoding=\"async\" width=\"1024\" height=\"683\" src=\"https:\/\/seize-machines.com\/wp-content\/uploads\/2025\/06\/du-281589-1024x683-1.webp\" class=\"attachment-full size-full\" alt=\"\" srcset=\"https:\/\/seize-machines.com\/wp-content\/uploads\/2025\/06\/du-281589-1024x683-1.webp 1024w, https:\/\/seize-machines.com\/wp-content\/uploads\/2025\/06\/du-281589-1024x683-1-150x100.webp 150w, https:\/\/seize-machines.com\/wp-content\/uploads\/2025\/06\/du-281589-1024x683-1-300x200.webp 300w, https:\/\/seize-machines.com\/wp-content\/uploads\/2025\/06\/du-281589-1024x683-1-768x512.webp 768w\" sizes=\"(max-width: 1024px) 100vw, 1024px\" \/>\t\t\t\t\t<\/div>\n\n\t\t\t\t\t\t<\/div>\n\t\t\t\t<\/div>\n\t\t\t\t\t<\/div>\n\t\t<\/div>\n\t\t\t\t\t<\/div>\n\t\t<\/section>\n\t\t\t\t<section class=\"wd-negative-gap elementor-section elementor-top-section elementor-element elementor-element-4c33c034 elementor-section-content-middle elementor-section-boxed elementor-section-height-default elementor-section-height-default\" data-id=\"4c33c034\" data-element_type=\"section\">\n\t\t\t\t\t\t<div class=\"elementor-container elementor-column-gap-extended\">\n\t\t\t\t\t<div class=\"elementor-column elementor-col-50 elementor-top-column elementor-element elementor-element-71b24244\" data-id=\"71b24244\" data-element_type=\"column\">\n\t\t\t<div class=\"elementor-widget-wrap elementor-element-populated\">\n\t\t\t\t\t\t<div class=\"elementor-element elementor-element-f64a7bb elementor-widget elementor-widget-image\" data-id=\"f64a7bb\" data-element_type=\"widget\" data-widget_type=\"image.default\">\n\t\t\t\t<div class=\"elementor-widget-container\">\n\t\t\t\t\t\t\t\t\t\t\t\t\t\t\t<img decoding=\"async\" width=\"1024\" height=\"683\" src=\"https:\/\/seize-machines.com\/wp-content\/uploads\/2025\/07\/jambes-feminines-de-femme-a-l-aide-de-tondeuse-a-gazon-1024x683.jpg\" class=\"attachment-large size-large wp-image-1857\" alt=\"\" srcset=\"https:\/\/seize-machines.com\/wp-content\/uploads\/2025\/07\/jambes-feminines-de-femme-a-l-aide-de-tondeuse-a-gazon-1024x683.jpg 1024w, https:\/\/seize-machines.com\/wp-content\/uploads\/2025\/07\/jambes-feminines-de-femme-a-l-aide-de-tondeuse-a-gazon-scaled-150x100.jpg 150w, https:\/\/seize-machines.com\/wp-content\/uploads\/2025\/07\/jambes-feminines-de-femme-a-l-aide-de-tondeuse-a-gazon-scaled-1200x800.jpg 1200w, https:\/\/seize-machines.com\/wp-content\/uploads\/2025\/07\/jambes-feminines-de-femme-a-l-aide-de-tondeuse-a-gazon-300x200.jpg 300w, https:\/\/seize-machines.com\/wp-content\/uploads\/2025\/07\/jambes-feminines-de-femme-a-l-aide-de-tondeuse-a-gazon-768x512.jpg 768w, https:\/\/seize-machines.com\/wp-content\/uploads\/2025\/07\/jambes-feminines-de-femme-a-l-aide-de-tondeuse-a-gazon-1536x1024.jpg 1536w, https:\/\/seize-machines.com\/wp-content\/uploads\/2025\/07\/jambes-feminines-de-femme-a-l-aide-de-tondeuse-a-gazon-2048x1366.jpg 2048w\" sizes=\"(max-width: 1024px) 100vw, 1024px\" \/>\t\t\t\t\t\t\t\t\t\t\t\t\t\t\t<\/div>\n\t\t\t\t<\/div>\n\t\t\t\t\t<\/div>\n\t\t<\/div>\n\t\t\t\t<div class=\"elementor-column elementor-col-50 elementor-top-column elementor-element elementor-element-68c60660\" data-id=\"68c60660\" data-element_type=\"column\">\n\t\t\t<div class=\"elementor-widget-wrap elementor-element-populated\">\n\t\t\t\t\t\t<div class=\"elementor-element elementor-element-53ed6b1 wd-width-100 elementor-widget elementor-widget-wd_title\" data-id=\"53ed6b1\" data-element_type=\"widget\" data-widget_type=\"wd_title.default\">\n\t\t\t\t<div class=\"elementor-widget-container\">\n\t\t\t\t\t\t\t<div class=\"title-wrapper wd-set-mb reset-last-child wd-title-color-default wd-title-style-default wd-title-size-default text-left\">\n\n\t\t\t\n\t\t\t<div class=\"liner-continer\">\n\t\t\t\t<h4 class=\"woodmart-title-container title wd-fontsize-l\">Nos engagements<br \/>\n<\/h4> \n\t\t\t\t\t\t\t<\/div>\n\n\t\t\t\t\t<\/div>\n\t\t\t\t\t\t<\/div>\n\t\t\t\t<\/div>\n\t\t\t\t<div class=\"elementor-element elementor-element-1b41f2b premium-type-column elementor-widget elementor-widget-premium-icon-list\" data-id=\"1b41f2b\" data-element_type=\"widget\" data-settings=\"{&quot;rbadges_repeater&quot;:[]}\" data-widget_type=\"premium-icon-list.default\">\n\t\t\t\t<div class=\"elementor-widget-container\">\n\t\t\t\t\t\t\t\t<ul class=\"premium-bullet-list-box\">\n\t\t\n\t\t\t<li class=\"premium-bullet-list-content elementor-repeater-item-76f34aa\">\n\t\t\t\t<div class=\"premium-bullet-list-text\">\n\t\t\t\t\t\t\t\t<div class=\"premium-bullet-list-wrapper\">\n\t\t\t\t\t<div class=\"premium-drawable-icon\"><\/div>\t\t\t\t<\/div>\n\t\t\t\t\t\t\t\t<div class=\"premium-bullet-list-text-wrapper\">\n\t\t\t\t\t<span class=\"premium-bullet-text\" data-text=\"\ud83d\udd10 Confiance \u2013 Paiements 100% s\u00e9curis\u00e9s\"> \ud83d\udd10 Confiance \u2013 Paiements 100% s\u00e9curis\u00e9s <\/span>\t\t\t\t\t\t\t\t\t<\/div>\n\t\t\t\t<\/div>\n\n\t\t\t\t\n\t\t\t\t\n\t\t\t<\/li>\n\n\t\t\t\t\n\t\t\t<li class=\"premium-bullet-list-content elementor-repeater-item-7a0222b\">\n\t\t\t\t<div class=\"premium-bullet-list-text\">\n\t\t\t\t\t\t\t\t<div class=\"premium-bullet-list-wrapper\">\n\t\t\t\t\t<div class=\"premium-drawable-icon\"><\/div>\t\t\t\t<\/div>\n\t\t\t\t\t\t\t\t<div class=\"premium-bullet-list-text-wrapper\">\n\t\t\t\t\t<span class=\"premium-bullet-text\" data-text=\"\ud83d\udee0\ufe0fFiabilit\u00e9 \u2013 Produits test\u00e9s, approuv\u00e9s, garantis\"> \ud83d\udee0\ufe0fFiabilit\u00e9 \u2013 Produits test\u00e9s, approuv\u00e9s, garantis <\/span>\t\t\t\t\t\t\t\t\t<\/div>\n\t\t\t\t<\/div>\n\n\t\t\t\t\n\t\t\t\t\n\t\t\t<\/li>\n\n\t\t\t\t\n\t\t\t<li class=\"premium-bullet-list-content elementor-repeater-item-7962a58\">\n\t\t\t\t<div class=\"premium-bullet-list-text\">\n\t\t\t\t\t\t\t\t<div class=\"premium-bullet-list-wrapper\">\n\t\t\t\t\t<div class=\"premium-drawable-icon\"><\/div>\t\t\t\t<\/div>\n\t\t\t\t\t\t\t\t<div class=\"premium-bullet-list-text-wrapper\">\n\t\t\t\t\t<span class=\"premium-bullet-text\" data-text=\"\ud83d\udcdeProximit\u00e9 \u2013 \u00c9quipe disponible en France\"> \ud83d\udcdeProximit\u00e9 \u2013 \u00c9quipe disponible en France <\/span>\t\t\t\t\t\t\t\t\t<\/div>\n\t\t\t\t<\/div>\n\n\t\t\t\t\n\t\t\t\t\n\t\t\t<\/li>\n\n\t\t\t\t\n\t\t\t<li class=\"premium-bullet-list-content elementor-repeater-item-d046c73\">\n\t\t\t\t<div class=\"premium-bullet-list-text\">\n\t\t\t\t\t\t\t\t<div class=\"premium-bullet-list-wrapper\">\n\t\t\t\t\t<div class=\"premium-drawable-icon\"><\/div>\t\t\t\t<\/div>\n\t\t\t\t\t\t\t\t<div class=\"premium-bullet-list-text-wrapper\">\n\t\t\t\t\t<span class=\"premium-bullet-text\" data-text=\"\ud83c\udf0d\u00c9cologie \u2013 Mod\u00e8les \u00e9co-responsables disponibles\"> \ud83c\udf0d\u00c9cologie \u2013 Mod\u00e8les \u00e9co-responsables disponibles <\/span>\t\t\t\t\t\t\t\t\t<\/div>\n\t\t\t\t<\/div>\n\n\t\t\t\t\n\t\t\t\t\n\t\t\t<\/li>\n\n\t\t\t\t\t\t<\/ul>\n\t\t\t\t\t\t<\/div>\n\t\t\t\t<\/div>\n\t\t\t\t\t<\/div>\n\t\t<\/div>\n\t\t\t\t\t<\/div>\n\t\t<\/section>\n\t\t\t\t<\/div>","protected":false},"excerpt":{"rendered":"<p>HomePage \u00c0 propos de SEIZE MACHINES Chez\u00a0SEIZE MACHINES, nous sommes passionn\u00e9s par\u00a0les tondeuses \u00e0 gazon\u00a0et les\u00a0solutions d\u2019entretien ext\u00e9rieur performantes. Depuis<\/p>","protected":false},"author":1,"featured_media":0,"parent":0,"menu_order":0,"comment_status":"closed","ping_status":"closed","template":"","meta":{"footnotes":""},"class_list":["post-31","page","type-page","status-publish","hentry"],"_links":{"self":[{"href":"https:\/\/seize-machines.com\/en\/wp-json\/wp\/v2\/pages\/31","targetHints":{"allow":["GET"]}}],"collection":[{"href":"https:\/\/seize-machines.com\/en\/wp-json\/wp\/v2\/pages"}],"about":[{"href":"https:\/\/seize-machines.com\/en\/wp-json\/wp\/v2\/types\/page"}],"author":[{"embeddable":true,"href":"https:\/\/seize-machines.com\/en\/wp-json\/wp\/v2\/users\/1"}],"replies":[{"embeddable":true,"href":"https:\/\/seize-machines.com\/en\/wp-json\/wp\/v2\/comments?post=31"}],"version-history":[{"count":88,"href":"https:\/\/seize-machines.com\/en\/wp-json\/wp\/v2\/pages\/31\/revisions"}],"predecessor-version":[{"id":39333,"href":"https:\/\/seize-machines.com\/en\/wp-json\/wp\/v2\/pages\/31\/revisions\/39333"}],"wp:attachment":[{"href":"https:\/\/seize-machines.com\/en\/wp-json\/wp\/v2\/media?parent=31"}],"curies":[{"name":"wp","href":"https:\/\/api.w.org\/{rel}","templated":true}]}}