{"id":1932,"date":"2025-07-01T07:19:52","date_gmt":"2025-07-01T07:19:52","guid":{"rendered":"https:\/\/seize-machines.com\/?page_id=1932"},"modified":"2025-07-03T17:01:28","modified_gmt":"2025-07-03T17:01:28","slug":"paiement-securise","status":"publish","type":"page","link":"https:\/\/seize-machines.com\/en\/paiement-securise\/","title":{"rendered":"Paiement s\u00e9curis\u00e9"},"content":{"rendered":"<div data-elementor-type=\"wp-page\" data-elementor-id=\"1932\" class=\"elementor elementor-1932\" data-elementor-post-type=\"page\">\n\t\t\t\t<div class=\"wd-negative-gap elementor-element elementor-element-709686b e-flex e-con-boxed e-con e-parent\" data-id=\"709686b\" data-element_type=\"container\">\n\t\t\t\t\t<div class=\"e-con-inner\">\n\t\t\t\t<div class=\"elementor-element elementor-element-9ac0f31 wd-el-breadcrumbs text-left elementor-widget elementor-widget-wd_element_breadcrumbs\" data-id=\"9ac0f31\" data-element_type=\"widget\" data-widget_type=\"wd_element_breadcrumbs.default\">\n\t\t\t\t<div class=\"elementor-widget-container\">\n\t\t\t\t\t<nav class=\"wd-breadcrumbs\"><a href=\"https:\/\/seize-machines.com\/en\/\">Home<\/a><span class=\"wd-delimiter\"><\/span><span class=\"wd-last\">Page<\/span><\/nav>\t\t\t\t<\/div>\n\t\t\t\t<\/div>\n\t\t\t\t<div class=\"elementor-element elementor-element-ab84f09 elementor-widget elementor-widget-heading\" data-id=\"ab84f09\" data-element_type=\"widget\" data-widget_type=\"heading.default\">\n\t\t\t\t<div class=\"elementor-widget-container\">\n\t\t\t\t\t<h2 class=\"elementor-heading-title elementor-size-default\">Paiement s\u00e9curis\u00e9\n<\/h2>\t\t\t\t<\/div>\n\t\t\t\t<\/div>\n\t\t\t\t\t<\/div>\n\t\t\t\t<\/div>\n\t\t<div class=\"wd-negative-gap elementor-element elementor-element-3ca9c6df e-flex e-con-boxed e-con e-parent\" data-id=\"3ca9c6df\" data-element_type=\"container\">\n\t\t\t\t\t<div class=\"e-con-inner\">\n\t\t\t\t<div class=\"elementor-element elementor-element-3464a3e color-scheme-inherit text-left elementor-widget elementor-widget-text-editor\" data-id=\"3464a3e\" data-element_type=\"widget\" data-widget_type=\"text-editor.default\">\n\t\t\t\t<div class=\"elementor-widget-container\">\n\t\t\t\t\t\t\t\t\t<div class=\"wd-negative-gap elementor-element elementor-element-ea091d5 e-flex e-con-boxed e-con e-parent e-lazyloaded\" data-id=\"ea091d5\" data-element_type=\"container\" data-settings=\"{&quot;jet_parallax_layout_list&quot;:[],&quot;ekit_has_onepagescroll_dot&quot;:&quot;yes&quot;}\"><div class=\"e-con-inner\"><div class=\"elementor-element elementor-element-ed1a178 elementor-widget elementor-widget-heading\" data-id=\"ed1a178\" data-element_type=\"widget\" data-settings=\"{&quot;ekit_we_effect_on&quot;:&quot;none&quot;}\" data-widget_type=\"heading.default\"><div class=\"elementor-widget-container\"><p>Chez SOCIETE SEIZE, nous accordons une importance primordiale \u00e0 la s\u00e9curit\u00e9 de vos transactions. Conform\u00e9ment aux exigences et dans un souci de transparence, nous vous informons que le seul moyen de paiement accept\u00e9 sur notre site est le virement bancaire s\u00e9curis\u00e9.<\/p><h3>Moyens de paiement accept\u00e9s<\/h3><p>Nous acceptons uniquement les paiements par virement bancaire. Ce mode de r\u00e8glement garantit une transaction tra\u00e7able et s\u00e9curis\u00e9e, sans risque pour vos donn\u00e9es bancaires. Aucune information sensible n\u2019est stock\u00e9e ou transmise via notre site.<\/p><h3>D\u00e9tails du virement<\/h3><p>Une fois votre commande valid\u00e9e, nos coordonn\u00e9es bancaires vous seront fournies automatiquement sur la confirmation de commande ou par e-mail. Merci de bien mentionner le num\u00e9ro de votre commande dans l\u2019intitul\u00e9 du virement pour faciliter son traitement.<\/p><h3>Modalit\u00e9s de paiement<\/h3><p>Le paiement est effectu\u00e9 en Euros exclusivement, en totalit\u00e9 \u00e0 la commande, par virement bancaire uniquement via le site Internet.\u00a0<\/p><h3>Traitement de la commande<\/h3><p>Le traitement de votre commande d\u00e9bute d\u00e8s r\u00e9ception effective de votre paiement sur notre compte bancaire. Un e-mail de confirmation vous est alors envoy\u00e9 pour vous notifier du d\u00e9but de la pr\u00e9paration et de l\u2019exp\u00e9dition de votre commande.<\/p><h3>S\u00e9curit\u00e9 et confidentialit\u00e9<\/h3><p>Toutes les informations \u00e9chang\u00e9es lors de votre commande sont strictement confidentielles. Notre site utilise un protocole de s\u00e9curit\u00e9 SSL (Secure Socket Layer) pour prot\u00e9ger toutes les donn\u00e9es \u00e9chang\u00e9es.<\/p><h3>Retard de paiement<\/h3><p>En cas de non-r\u00e9ception du paiement dans un d\u00e9lai de 7 jours ouvr\u00e9s, votre commande sera automatiquement annul\u00e9e. Vous pouvez toutefois nous contacter pour un r\u00e9ajustement des d\u00e9lais ou toute question relative \u00e0 votre paiement.<\/p><h3>Besoin d\u2019assistance ?<\/h3><p>Notre \u00e9quipe reste \u00e0 votre disposition pour tout renseignement compl\u00e9mentaire concernant votre paiement. N\u2019h\u00e9sitez pas \u00e0 nous contacter via notre formulaire de contact ou par t\u00e9l\u00e9phone.<\/p><\/div><\/div><\/div><\/div>\t\t\t\t\t\t\t\t<\/div>\n\t\t\t\t<\/div>\n\t\t\t\t\t<\/div>\n\t\t\t\t<\/div>\n\t\t\t\t<\/div>","protected":false},"excerpt":{"rendered":"<p>HomePage Paiement s\u00e9curis\u00e9 Chez SOCIETE SEIZE, nous accordons une importance primordiale \u00e0 la s\u00e9curit\u00e9 de vos transactions. Conform\u00e9ment aux exigences<\/p>","protected":false},"author":1,"featured_media":0,"parent":0,"menu_order":0,"comment_status":"closed","ping_status":"closed","template":"","meta":{"footnotes":""},"class_list":["post-1932","page","type-page","status-publish","hentry"],"_links":{"self":[{"href":"https:\/\/seize-machines.com\/en\/wp-json\/wp\/v2\/pages\/1932","targetHints":{"allow":["GET"]}}],"collection":[{"href":"https:\/\/seize-machines.com\/en\/wp-json\/wp\/v2\/pages"}],"about":[{"href":"https:\/\/seize-machines.com\/en\/wp-json\/wp\/v2\/types\/page"}],"author":[{"embeddable":true,"href":"https:\/\/seize-machines.com\/en\/wp-json\/wp\/v2\/users\/1"}],"replies":[{"embeddable":true,"href":"https:\/\/seize-machines.com\/en\/wp-json\/wp\/v2\/comments?post=1932"}],"version-history":[{"count":7,"href":"https:\/\/seize-machines.com\/en\/wp-json\/wp\/v2\/pages\/1932\/revisions"}],"predecessor-version":[{"id":34575,"href":"https:\/\/seize-machines.com\/en\/wp-json\/wp\/v2\/pages\/1932\/revisions\/34575"}],"wp:attachment":[{"href":"https:\/\/seize-machines.com\/en\/wp-json\/wp\/v2\/media?parent=1932"}],"curies":[{"name":"wp","href":"https:\/\/api.w.org\/{rel}","templated":true}]}}