{"id":1927,"date":"2025-07-01T07:04:28","date_gmt":"2025-07-01T07:04:28","guid":{"rendered":"https:\/\/seize-machines.com\/?page_id=1927"},"modified":"2025-09-02T04:46:11","modified_gmt":"2025-09-02T04:46:11","slug":"livraison","status":"publish","type":"page","link":"https:\/\/seize-machines.com\/en\/livraison\/","title":{"rendered":"Livraison"},"content":{"rendered":"<div data-elementor-type=\"wp-page\" data-elementor-id=\"1927\" class=\"elementor elementor-1927\" data-elementor-post-type=\"page\">\n\t\t\t\t<div class=\"wd-negative-gap elementor-element elementor-element-709686b e-flex e-con-boxed e-con e-parent\" data-id=\"709686b\" data-element_type=\"container\">\n\t\t\t\t\t<div class=\"e-con-inner\">\n\t\t\t\t<div class=\"elementor-element elementor-element-9ac0f31 wd-el-breadcrumbs text-left elementor-widget elementor-widget-wd_element_breadcrumbs\" data-id=\"9ac0f31\" data-element_type=\"widget\" data-widget_type=\"wd_element_breadcrumbs.default\">\n\t\t\t\t<div class=\"elementor-widget-container\">\n\t\t\t\t\t<nav class=\"wd-breadcrumbs\"><a href=\"https:\/\/seize-machines.com\/en\/\">Home<\/a><span class=\"wd-delimiter\"><\/span><span class=\"wd-last\">Page<\/span><\/nav>\t\t\t\t<\/div>\n\t\t\t\t<\/div>\n\t\t\t\t<div class=\"elementor-element elementor-element-ab84f09 elementor-widget elementor-widget-heading\" data-id=\"ab84f09\" data-element_type=\"widget\" data-widget_type=\"heading.default\">\n\t\t\t\t<div class=\"elementor-widget-container\">\n\t\t\t\t\t<h2 class=\"elementor-heading-title elementor-size-default\">Livraison<\/h2>\t\t\t\t<\/div>\n\t\t\t\t<\/div>\n\t\t\t\t\t<\/div>\n\t\t\t\t<\/div>\n\t\t<div class=\"wd-negative-gap elementor-element elementor-element-3ca9c6df e-flex e-con-boxed e-con e-parent\" data-id=\"3ca9c6df\" data-element_type=\"container\">\n\t\t\t\t\t<div class=\"e-con-inner\">\n\t\t\t\t<div class=\"elementor-element elementor-element-3464a3e color-scheme-inherit text-left elementor-widget elementor-widget-text-editor\" data-id=\"3464a3e\" data-element_type=\"widget\" data-widget_type=\"text-editor.default\">\n\t\t\t\t<div class=\"elementor-widget-container\">\n\t\t\t\t\t\t\t\t\t<div class=\"wd-negative-gap elementor-element elementor-element-ea091d5 e-flex e-con-boxed e-con e-parent e-lazyloaded\" data-id=\"ea091d5\" data-element_type=\"container\" data-settings=\"{&quot;jet_parallax_layout_list&quot;:[],&quot;ekit_has_onepagescroll_dot&quot;:&quot;yes&quot;}\"><div class=\"e-con-inner\"><div class=\"elementor-element elementor-element-ed1a178 elementor-widget elementor-widget-heading\" data-id=\"ed1a178\" data-element_type=\"widget\" data-settings=\"{&quot;ekit_we_effect_on&quot;:&quot;none&quot;}\" data-widget_type=\"heading.default\"><div class=\"elementor-widget-container\"><p>Chez SOCIETE SEIZE, nous accordons une attention particuli\u00e8re \u00e0 la qualit\u00e9 et \u00e0 la rapidit\u00e9 de nos livraisons. Nous travaillons avec des transporteurs fiables afin de garantir que vos commandes arrivent en bon \u00e9tat, dans les d\u00e9lais pr\u00e9vus.<\/p><h3>Zones de livraison<\/h3><ul><li>France m\u00e9tropolitaine : Livraison gratuite pour tous les produits disponibles sur le site.<\/li><li>Union europ\u00e9enne (hors France) : Livraison propos\u00e9e \u00e0 un tarif fixe de 475 \u20ac, quel que soit le pays de destination.<\/li><\/ul><h3>D\u00e9lais de traitement et de livraison<\/h3><ul><li>Traitement des commandes : Entre 0 et 4 jours ouvr\u00e9s apr\u00e8s validation de la commande.<\/li><li>Acheminement : D\u00e9lai moyen de 4 \u00e0 6 jours ouvr\u00e9s selon la destination.<\/li><li>D\u00e9lai total estim\u00e9 : 8 \u00e0 10 jours ouvr\u00e9s pour recevoir votre commande chez vous.<br \/>Nous faisons de notre mieux pour prendre en compte vos pr\u00e9f\u00e9rences de livraison (date, cr\u00e9neau horaire) lorsque cela est possible.<\/li><\/ul><h3>Retards et circonstances exceptionnelles<\/h3><p>Des retards peuvent survenir en cas de forte affluence (soldes, f\u00eates) ou d\u2019\u00e9v\u00e9nements ind\u00e9pendants de notre volont\u00e9 (gr\u00e8ves, intemp\u00e9ries, jours f\u00e9ri\u00e9s).<br \/>Les commandes pass\u00e9es en dehors des heures ouvrables sont trait\u00e9es le jour ouvr\u00e9 suivant.<\/p><p>Si votre livraison accuse un retard sup\u00e9rieur \u00e0 2 jours ouvr\u00e9s au-del\u00e0 du d\u00e9lai estim\u00e9, nous vous invitons \u00e0 nous contacter en pr\u00e9cisant les informations suivantes :<\/p><ul><li>Votre nom<\/li><li>Votre num\u00e9ro de commande<\/li><li>La date de la commande<\/li><\/ul><p>\ud83d\udce7 Contact : info@seize-machines.com<\/p><h3>Suivi de commande<\/h3><p>D\u00e8s l\u2019envoi de votre commande, vous recevrez un e-mail de confirmation avec le lien de suivi du colis.<br \/>Vous pouvez \u00e9galement nous contacter \u00e0 tout moment pour obtenir des informations sur l\u2019\u00e9tat d\u2019avancement de votre livraison.<\/p><h3>Service client<\/h3><p>Pour toute question concernant votre livraison :<br \/>\ud83d\udce7 Email : info@seize-machines.com<br \/>\ud83d\udcde T\u00e9l\u00e9phone : +33 7 57 81 02 34<\/p><\/div><\/div><\/div><\/div>\t\t\t\t\t\t\t\t<\/div>\n\t\t\t\t<\/div>\n\t\t\t\t\t<\/div>\n\t\t\t\t<\/div>\n\t\t\t\t<\/div>","protected":false},"excerpt":{"rendered":"<p>HomePage Livraison Chez SOCIETE SEIZE, nous accordons une attention particuli\u00e8re \u00e0 la qualit\u00e9 et \u00e0 la rapidit\u00e9 de nos livraisons.<\/p>","protected":false},"author":1,"featured_media":0,"parent":0,"menu_order":0,"comment_status":"closed","ping_status":"closed","template":"","meta":{"footnotes":""},"class_list":["post-1927","page","type-page","status-publish","hentry"],"_links":{"self":[{"href":"https:\/\/seize-machines.com\/en\/wp-json\/wp\/v2\/pages\/1927","targetHints":{"allow":["GET"]}}],"collection":[{"href":"https:\/\/seize-machines.com\/en\/wp-json\/wp\/v2\/pages"}],"about":[{"href":"https:\/\/seize-machines.com\/en\/wp-json\/wp\/v2\/types\/page"}],"author":[{"embeddable":true,"href":"https:\/\/seize-machines.com\/en\/wp-json\/wp\/v2\/users\/1"}],"replies":[{"embeddable":true,"href":"https:\/\/seize-machines.com\/en\/wp-json\/wp\/v2\/comments?post=1927"}],"version-history":[{"count":10,"href":"https:\/\/seize-machines.com\/en\/wp-json\/wp\/v2\/pages\/1927\/revisions"}],"predecessor-version":[{"id":39336,"href":"https:\/\/seize-machines.com\/en\/wp-json\/wp\/v2\/pages\/1927\/revisions\/39336"}],"wp:attachment":[{"href":"https:\/\/seize-machines.com\/en\/wp-json\/wp\/v2\/media?parent=1927"}],"curies":[{"name":"wp","href":"https:\/\/api.w.org\/{rel}","templated":true}]}}