{"id":1922,"date":"2025-07-01T07:01:38","date_gmt":"2025-07-01T07:01:38","guid":{"rendered":"https:\/\/seize-machines.com\/?page_id=1922"},"modified":"2025-07-03T00:58:30","modified_gmt":"2025-07-03T00:58:30","slug":"mentions-legales","status":"publish","type":"page","link":"https:\/\/seize-machines.com\/en\/mentions-legales\/","title":{"rendered":"Mentions l\u00e9gales"},"content":{"rendered":"<div data-elementor-type=\"wp-page\" data-elementor-id=\"1922\" class=\"elementor elementor-1922\" data-elementor-post-type=\"page\">\n\t\t\t\t<div class=\"wd-negative-gap elementor-element elementor-element-709686b e-flex e-con-boxed e-con e-parent\" data-id=\"709686b\" data-element_type=\"container\">\n\t\t\t\t\t<div class=\"e-con-inner\">\n\t\t\t\t<div class=\"elementor-element elementor-element-9ac0f31 wd-el-breadcrumbs text-left elementor-widget elementor-widget-wd_element_breadcrumbs\" data-id=\"9ac0f31\" data-element_type=\"widget\" data-widget_type=\"wd_element_breadcrumbs.default\">\n\t\t\t\t<div class=\"elementor-widget-container\">\n\t\t\t\t\t<nav class=\"wd-breadcrumbs\"><a href=\"https:\/\/seize-machines.com\/en\/\">Home<\/a><span class=\"wd-delimiter\"><\/span><span class=\"wd-last\">Page<\/span><\/nav>\t\t\t\t<\/div>\n\t\t\t\t<\/div>\n\t\t\t\t<div class=\"elementor-element elementor-element-ab84f09 elementor-widget elementor-widget-heading\" data-id=\"ab84f09\" data-element_type=\"widget\" data-widget_type=\"heading.default\">\n\t\t\t\t<div class=\"elementor-widget-container\">\n\t\t\t\t\t<h2 class=\"elementor-heading-title elementor-size-default\">Mentions l\u00e9gales\n<\/h2>\t\t\t\t<\/div>\n\t\t\t\t<\/div>\n\t\t\t\t\t<\/div>\n\t\t\t\t<\/div>\n\t\t<div class=\"wd-negative-gap elementor-element elementor-element-3ca9c6df e-flex e-con-boxed e-con e-parent\" data-id=\"3ca9c6df\" data-element_type=\"container\">\n\t\t\t\t\t<div class=\"e-con-inner\">\n\t\t\t\t<div class=\"elementor-element elementor-element-3464a3e color-scheme-inherit text-left elementor-widget elementor-widget-text-editor\" data-id=\"3464a3e\" data-element_type=\"widget\" data-widget_type=\"text-editor.default\">\n\t\t\t\t<div class=\"elementor-widget-container\">\n\t\t\t\t\t\t\t\t\t<div class=\"wd-negative-gap elementor-element elementor-element-ea091d5 e-flex e-con-boxed e-con e-parent e-lazyloaded\" data-id=\"ea091d5\" data-element_type=\"container\" data-settings=\"{&quot;jet_parallax_layout_list&quot;:[],&quot;ekit_has_onepagescroll_dot&quot;:&quot;yes&quot;}\"><div class=\"e-con-inner\"><div class=\"elementor-element elementor-element-ed1a178 elementor-widget elementor-widget-heading\" data-id=\"ed1a178\" data-element_type=\"widget\" data-settings=\"{&quot;ekit_we_effect_on&quot;:&quot;none&quot;}\" data-widget_type=\"heading.default\"><div class=\"elementor-widget-container\"><h3>Pr\u00e9ambule<\/h3><p>Conform\u00e9ment \u00e0 l\u2019article 6 de la loi n\u00b0 2004-575 du 21 juin 2004 pour la confiance dans l\u2019\u00e9conomie num\u00e9rique, les mentions ci-dessous informent les utilisateurs et visiteurs du site web seize-machines.com sur les mentions l\u00e9gales applicables.<\/p><h3>Identification de l\u2019\u00c9diteur<\/h3><p>Le site seize-machines.com est \u00e9dit\u00e9 par SOCIETE SEIZE, immatricul\u00e9e sous le num\u00e9ro SIREN 326 661 774 .<br \/>Notre entreprise a \u00e9t\u00e9 cr\u00e9\u00e9e le 01\/02\/1983 et est sp\u00e9cialis\u00e9e dans le secteur du Commerce de d\u00e9tail, \u00e0 l&rsquo;exception des automobiles et des motocycles.<\/p><p>Nom de la soci\u00e9t\u00e9 : SOCIETE SEIZE<br \/>Si\u00e8ge social : BATIMENT 258 SUD, 45 AVENUE VICTOR HUGO, 93300 AUBERVILLIERS, FRANCE<br \/>SIREN : 326 661 774<br \/>Date de cr\u00e9ation : 01 F\u00e9vrier 1983<br \/>Activit\u00e9 principale (NAF\/APE) : 4778C<br \/>Courriel : info@seize-machines.com<br \/>Site web : https:\/\/seize-machines.com<br \/>T\u00e9l\u00e9phone : +33 07 57 75 52 40<\/p><h3>Conditions G\u00e9n\u00e9rales d\u2019Utilisation (CGU)<\/h3><p>Les utilisateurs reconnaissent avoir pris connaissance des conditions d\u2019utilisation et s\u2019engagent \u00e0 les respecter. Ils doivent utiliser un mat\u00e9riel s\u00e9curis\u00e9 et \u00e0 jour afin de pr\u00e9venir tout risque pouvant compromettre le bon fonctionnement du site, l\u2019int\u00e9grit\u00e9 des informations publi\u00e9es ou l\u2019image de SOCIETE SEIZE.<\/p><h3>Responsabilit\u00e9 de l\u2019\u00c9diteur<\/h3><p>SOCIETE SEIZE met tout en \u0153uvre pour assurer l\u2019exactitude et la mise \u00e0 jour des informations diffus\u00e9es sur son site, bien qu\u2019il ne puisse garantir cela de mani\u00e8re absolue. Les utilisateurs reconnaissent utiliser ces informations sous leur propre responsabilit\u00e9.<\/p><h3>Droits de Propri\u00e9t\u00e9 Intellectuelle<\/h3><p>Tous les contenus du site ejardi-land.com, incluant, sans limitation, les textes, images, graphiques et logos, sont prot\u00e9g\u00e9s par les lois sur la propri\u00e9t\u00e9 intellectuelle. Toute reproduction, modification ou utilisation sans l\u2019accord pr\u00e9alable de SOCIETE SEIZE est strictement interdite et susceptible de poursuites judiciaires.<\/p><h3>Protection des Donn\u00e9es Personnelles<\/h3><p>SOCIETE SEIZE respecte la confidentialit\u00e9 des donn\u00e9es personnelles collect\u00e9es et s\u2019engage \u00e0 les traiter conform\u00e9ment aux lois et r\u00e8glements sur la protection des donn\u00e9es, y compris le RGPD. Les utilisateurs ont le droit d\u2019acc\u00e9der, de rectifier et de s\u2019opposer \u00e0 l\u2019utilisation de leurs donn\u00e9es personnelles.<\/p><p>Ils peuvent exercer ces droits en contactant SOCIETE SEIZE \u00e0 l\u2019adresse ci-apr\u00e8s BATIMENT 258 SUD, 45 AVENUE VICTOR HUGO, 93300 AUBERVILLIERS. Pour toute plainte ou demande concernant le traitement de vos donn\u00e9es, contactez-nous \u00e0 info@seize-machines.com. Vous pouvez \u00e9galement saisir la CNIL.<\/p><p>Pour plus d\u2019informations, veuillez consulter notre politique de confidentialit\u00e9 disponible sur notre site web.<\/p><\/div><\/div><\/div><\/div>\t\t\t\t\t\t\t\t<\/div>\n\t\t\t\t<\/div>\n\t\t\t\t\t<\/div>\n\t\t\t\t<\/div>\n\t\t\t\t<\/div>","protected":false},"excerpt":{"rendered":"<p>HomePage Mentions l\u00e9gales Pr\u00e9ambule Conform\u00e9ment \u00e0 l\u2019article 6 de la loi n\u00b0 2004-575 du 21 juin 2004 pour la confiance<\/p>","protected":false},"author":1,"featured_media":0,"parent":0,"menu_order":0,"comment_status":"closed","ping_status":"closed","template":"","meta":{"footnotes":""},"class_list":["post-1922","page","type-page","status-publish","hentry"],"_links":{"self":[{"href":"https:\/\/seize-machines.com\/en\/wp-json\/wp\/v2\/pages\/1922","targetHints":{"allow":["GET"]}}],"collection":[{"href":"https:\/\/seize-machines.com\/en\/wp-json\/wp\/v2\/pages"}],"about":[{"href":"https:\/\/seize-machines.com\/en\/wp-json\/wp\/v2\/types\/page"}],"author":[{"embeddable":true,"href":"https:\/\/seize-machines.com\/en\/wp-json\/wp\/v2\/users\/1"}],"replies":[{"embeddable":true,"href":"https:\/\/seize-machines.com\/en\/wp-json\/wp\/v2\/comments?post=1922"}],"version-history":[{"count":10,"href":"https:\/\/seize-machines.com\/en\/wp-json\/wp\/v2\/pages\/1922\/revisions"}],"predecessor-version":[{"id":34223,"href":"https:\/\/seize-machines.com\/en\/wp-json\/wp\/v2\/pages\/1922\/revisions\/34223"}],"wp:attachment":[{"href":"https:\/\/seize-machines.com\/en\/wp-json\/wp\/v2\/media?parent=1922"}],"curies":[{"name":"wp","href":"https:\/\/api.w.org\/{rel}","templated":true}]}}